{"id":2572,"date":"2016-07-26T22:14:34","date_gmt":"2016-07-26T20:14:34","guid":{"rendered":"http:\/\/uus.majatohter.ee\/tooted\/puisteained\/roheline-umbra\/"},"modified":"2026-02-10T14:51:24","modified_gmt":"2026-02-10T12:51:24","slug":"roheline-umbra","status":"publish","type":"product","link":"https:\/\/majatohter.ee\/en\/tooted\/powders\/pigments\/roheline-umbra\/","title":{"rendered":"Roheline umbra"},"content":{"rendered":"<p>Roheline ehk looduslik umbra (<em>raw\u00a0umber<\/em>) Al, FeII, FeIII, Mg, Ksilikaat.\u00a0Looduslik v\u00e4rvimuld,\u00a0v\u00e4rvivad ained on rauah\u00fcdraadid\u00a0koos mangaanoksiidh\u00fcdraatidega ja\u00a0savisilikaatidega. Mangaani t\u00f5ttu\u00a0toimib see \u00f5liv\u00e4rvides kuivamist\u00a0kiirendava ainena. Umbrad on\u00a0s\u00f5ltuvalt rauaoksiidide ja silikaatide\u00a0sisaldusest erineva v\u00e4rvusega. Neid\u00a0v\u00f5ibkasutada koos k\u00f5igi teiste\u00a0pigmentide ja sideainetega. \u00d5lis\u00a0muutuvad nad tumedamaks. Pigment\u00a0on t\u00e4iesti pleekimiskindel ja\u00a0harmooniliselt teiste pigmentidega\u00a0kokkusegatav. Keemiline koostis on\u00a0umbral sarnane pruuni ookriga, kuid\u00a0see sisaldab veel ka mangaanoksiidi<br \/>\nh\u00fcdraate. Mikroskoobiga on n\u00e4ha\u00a0peeneid kollakaspruune,\u00a0oran\u017eikaspruune v\u00f5i ka v\u00e4rvituid\u00a0osakesi.<\/p>\n<p>Mangaani sisaldavat\u00a0rauamulda tunti juba antiikajal.\u00a0Umbra v\u00e4rvitoone on saadud ookri\u00a0segust, p\u00f5letatud siennamullast ja\u00a0elevandiluumustast. Umbra on\u00a0tundlik sideainete suhtes. Soodustab\u00a0oma mangaanoksiidi sisalduse t\u00f5ttu\u00a0\u00f5lide kuivamist.<\/p>\n","protected":false},"excerpt":{"rendered":"<p>Roheline ehk looduslik umbra (raw\u00a0umber) Al, FeII, FeIII, Mg, Ksilikaat.\u00a0Looduslik v\u00e4rvimuld,\u00a0v\u00e4rvivad ained on rauah\u00fcdraadid\u00a0koos mangaanoksiidh\u00fcdraatidega ja\u00a0savisilikaatidega. Mangaani t\u00f5ttu\u00a0toimib see \u00f5liv\u00e4rvides kuivamist\u00a0kiirendava ainena. Umbrad on\u00a0s\u00f5ltuvalt rauaoksiidide ja silikaatide\u00a0sisaldusest erineva v\u00e4rvusega. Neid\u00a0v\u00f5ibkasutada koos k\u00f5igi teiste\u00a0pigmentide ja sideainetega. \u00d5lis\u00a0muutuvad nad tumedamaks. Pigment\u00a0on t\u00e4iesti pleekimiskindel ja\u00a0harmooniliselt teiste pigmentidega\u00a0kokkusegatav. Keemiline koostis on\u00a0umbral sarnane pruuni ookriga, kuid\u00a0see sisaldab veel ka mangaanoksiidi [&hellip;]<\/p>\n","protected":false},"featured_media":2577,"template":"","meta":{"_et_pb_use_builder":"","_et_pb_old_content":"","_et_gb_content_width":""},"product_brand":[],"product_cat":[55,54],"product_tag":[574],"class_list":{"0":"post-2572","1":"product","2":"type-product","3":"status-publish","4":"has-post-thumbnail","6":"product_cat-pigmendid","7":"product_cat-puisteained","8":"product_tag-umbra","10":"first","11":"onbackorder","12":"taxable","13":"shipping-taxable","14":"purchasable","15":"product-type-variable"},"_links":{"self":[{"href":"https:\/\/majatohter.ee\/en\/wp-json\/wp\/v2\/product\/2572","targetHints":{"allow":["GET"]}}],"collection":[{"href":"https:\/\/majatohter.ee\/en\/wp-json\/wp\/v2\/product"}],"about":[{"href":"https:\/\/majatohter.ee\/en\/wp-json\/wp\/v2\/types\/product"}],"wp:featuredmedia":[{"embeddable":true,"href":"https:\/\/majatohter.ee\/en\/wp-json\/wp\/v2\/media\/2577"}],"wp:attachment":[{"href":"https:\/\/majatohter.ee\/en\/wp-json\/wp\/v2\/media?parent=2572"}],"wp:term":[{"taxonomy":"product_brand","embeddable":true,"href":"https:\/\/majatohter.ee\/en\/wp-json\/wp\/v2\/product_brand?post=2572"},{"taxonomy":"product_cat","embeddable":true,"href":"https:\/\/majatohter.ee\/en\/wp-json\/wp\/v2\/product_cat?post=2572"},{"taxonomy":"product_tag","embeddable":true,"href":"https:\/\/majatohter.ee\/en\/wp-json\/wp\/v2\/product_tag?post=2572"}],"curies":[{"name":"wp","href":"https:\/\/api.w.org\/{rel}","templated":true}]}}