{"id":2578,"date":"2016-07-27T00:15:07","date_gmt":"2016-07-26T22:15:07","guid":{"rendered":"http:\/\/uus.majatohter.ee\/tooted\/puisteained\/raudoksiid-must\/"},"modified":"2026-04-02T11:16:12","modified_gmt":"2026-04-02T09:16:12","slug":"raudoksiid-must","status":"publish","type":"product","link":"https:\/\/majatohter.ee\/en\/tooted\/powders\/pigments\/raudoksiid-must\/","title":{"rendered":"Raudoksiid must 318M"},"content":{"rendered":"<p>Fe<sub>2<\/sub>O<sub>3<\/sub>, kunstlik raudoksiid. Hea\u00a0katvusega must pigment, vee ja\u00a0valguskindel.<br \/>\nSobib h\u00e4sti k\u00f5igi sideainetega.<\/p>\n<p>Nagu k\u00f5ik mustad\u00a0pigmendid, toimib \u00f5lis kuivamist\u00a0aeglustavana.<\/p>\n","protected":false},"excerpt":{"rendered":"<p>Fe2O3, kunstlik raudoksiid. Hea\u00a0katvusega must pigment, vee ja\u00a0valguskindel. Sobib h\u00e4sti k\u00f5igi sideainetega. Nagu k\u00f5ik mustad\u00a0pigmendid, toimib \u00f5lis kuivamist\u00a0aeglustavana.<\/p>\n","protected":false},"featured_media":2583,"template":"","meta":{"_et_pb_use_builder":"","_et_pb_old_content":"","_et_gb_content_width":""},"product_brand":[],"product_cat":[55,54],"product_tag":[993,994],"class_list":{"0":"post-2578","1":"product","2":"type-product","3":"status-publish","4":"has-post-thumbnail","6":"product_cat-pigmendid","7":"product_cat-puisteained","8":"product_tag-must-pigment","9":"product_tag-raudoksiid-must","11":"first","12":"onbackorder","13":"taxable","14":"shipping-taxable","15":"purchasable","16":"product-type-variable"},"_links":{"self":[{"href":"https:\/\/majatohter.ee\/en\/wp-json\/wp\/v2\/product\/2578","targetHints":{"allow":["GET"]}}],"collection":[{"href":"https:\/\/majatohter.ee\/en\/wp-json\/wp\/v2\/product"}],"about":[{"href":"https:\/\/majatohter.ee\/en\/wp-json\/wp\/v2\/types\/product"}],"wp:featuredmedia":[{"embeddable":true,"href":"https:\/\/majatohter.ee\/en\/wp-json\/wp\/v2\/media\/2583"}],"wp:attachment":[{"href":"https:\/\/majatohter.ee\/en\/wp-json\/wp\/v2\/media?parent=2578"}],"wp:term":[{"taxonomy":"product_brand","embeddable":true,"href":"https:\/\/majatohter.ee\/en\/wp-json\/wp\/v2\/product_brand?post=2578"},{"taxonomy":"product_cat","embeddable":true,"href":"https:\/\/majatohter.ee\/en\/wp-json\/wp\/v2\/product_cat?post=2578"},{"taxonomy":"product_tag","embeddable":true,"href":"https:\/\/majatohter.ee\/en\/wp-json\/wp\/v2\/product_tag?post=2578"}],"curies":[{"name":"wp","href":"https:\/\/api.w.org\/{rel}","templated":true}]}}