{"id":2590,"date":"2016-07-26T22:17:24","date_gmt":"2016-07-26T20:17:24","guid":{"rendered":"http:\/\/uus.majatohter.ee\/tooted\/puisteained\/pruun-umbra\/"},"modified":"2026-04-20T10:32:04","modified_gmt":"2026-04-20T08:32:04","slug":"pruun-umbra","status":"publish","type":"product","link":"https:\/\/majatohter.ee\/en\/tooted\/powders\/pigments\/pruun-umbra\/","title":{"rendered":"Pruun umbra"},"content":{"rendered":"<p>Pruun ehk p\u00f5letatud umbra (<em>burnt\u00a0umber<\/em>) on punakas-pruun pigment,\u00a0mis on saadud loodusliku umbra<br \/>\np\u00f5letamisel, mille k\u00e4igus kaob\u00a0keemiliselt seotud vesi. Fe<sub>2<\/sub>O<sub>3<\/sub> \u00b7\u00a0MnO<sub>2<\/sub> \u00b7nH<sub>2<\/sub>O + Si + Al<sub>2<\/sub>O<sub>3<\/sub><\/p>\n<p>Kasutusel alates 16. sajandist.\u00a0V\u00e4rvivad ained on rauah\u00fcdraadid\u00a0koos mangaanoksiidh\u00fcdraatidega ja\u00a0savisilikaatidega. Mangaani t\u00f5ttu\u00a0toimib see \u00f5liv\u00e4rvides kuivamist\u00a0kiirendava ainena. Umbrad on\u00a0s\u00f5ltuvalt rauaoksiidide ja silikaatide\u00a0sisaldusest erineva v\u00e4rvusega. Neid\u00a0v\u00f5ib kasutada koos k\u00f5igi teiste pigmentide ja sideainetega. \u00d5lis\u00a0muutuvad nad tumedamaks. Pigment\u00a0on t\u00e4iesti pleekimiskindel ja\u00a0harmooniliselt teiste pigmentidega\u00a0kokkusegatav. Hea valguskindlus,\u00a0keskmise katvusv\u00f5imega.<\/p>\n","protected":false},"excerpt":{"rendered":"<p>Pruun ehk p\u00f5letatud umbra (burnt\u00a0umber) on punakas-pruun pigment,\u00a0mis on saadud loodusliku umbra p\u00f5letamisel, mille k\u00e4igus kaob\u00a0keemiliselt seotud vesi. Fe2O3 \u00b7\u00a0MnO2 \u00b7nH2O + Si + Al2O3 Kasutusel alates 16. sajandist.\u00a0V\u00e4rvivad ained on rauah\u00fcdraadid\u00a0koos mangaanoksiidh\u00fcdraatidega ja\u00a0savisilikaatidega. Mangaani t\u00f5ttu\u00a0toimib see \u00f5liv\u00e4rvides kuivamist\u00a0kiirendava ainena. Umbrad on\u00a0s\u00f5ltuvalt rauaoksiidide ja silikaatide\u00a0sisaldusest erineva v\u00e4rvusega. Neid\u00a0v\u00f5ib kasutada koos k\u00f5igi teiste pigmentide ja sideainetega. [&hellip;]<\/p>\n","protected":false},"featured_media":2595,"template":"","meta":{"_et_pb_use_builder":"","_et_pb_old_content":"","_et_gb_content_width":""},"product_brand":[],"product_cat":[55,54],"product_tag":[573,528],"class_list":{"0":"post-2590","1":"product","2":"type-product","3":"status-publish","4":"has-post-thumbnail","6":"product_cat-pigmendid","7":"product_cat-puisteained","8":"product_tag-burnt-umber","9":"product_tag-pruun-umbra","11":"first","12":"onbackorder","13":"taxable","14":"shipping-taxable","15":"purchasable","16":"product-type-variable"},"_links":{"self":[{"href":"https:\/\/majatohter.ee\/en\/wp-json\/wp\/v2\/product\/2590","targetHints":{"allow":["GET"]}}],"collection":[{"href":"https:\/\/majatohter.ee\/en\/wp-json\/wp\/v2\/product"}],"about":[{"href":"https:\/\/majatohter.ee\/en\/wp-json\/wp\/v2\/types\/product"}],"wp:featuredmedia":[{"embeddable":true,"href":"https:\/\/majatohter.ee\/en\/wp-json\/wp\/v2\/media\/2595"}],"wp:attachment":[{"href":"https:\/\/majatohter.ee\/en\/wp-json\/wp\/v2\/media?parent=2590"}],"wp:term":[{"taxonomy":"product_brand","embeddable":true,"href":"https:\/\/majatohter.ee\/en\/wp-json\/wp\/v2\/product_brand?post=2590"},{"taxonomy":"product_cat","embeddable":true,"href":"https:\/\/majatohter.ee\/en\/wp-json\/wp\/v2\/product_cat?post=2590"},{"taxonomy":"product_tag","embeddable":true,"href":"https:\/\/majatohter.ee\/en\/wp-json\/wp\/v2\/product_tag?post=2590"}],"curies":[{"name":"wp","href":"https:\/\/api.w.org\/{rel}","templated":true}]}}