{"id":2610,"date":"2016-07-28T09:39:44","date_gmt":"2016-07-28T09:39:44","guid":{"rendered":"http:\/\/majatohter.ee\/?post_type=product&#038;p=2610"},"modified":"2025-08-15T14:44:03","modified_gmt":"2025-08-15T12:44:03","slug":"mooblivaha-amello","status":"publish","type":"product","link":"https:\/\/majatohter.ee\/en\/tooted\/surface-treatment\/wax\/special-wax\/mooblivaha-amello\/","title":{"rendered":"M\u00f6\u00f6blivaha, Amello"},"content":{"rendered":"<p>M\u00f6\u00f6blivaha on ajaloolise retsepti alusel valmistatud vedel vaha. Vaha sisaldab v\u00e4\u00e4rtuslikku karnauba vaha ja looduslikku vaiku, mis annavad tugeva ja vastupidava pinna, tuues \u00fchtlasi esile puidu kauni tekstuuri. M\u00f6\u00f6blivaha sobib h\u00e4sti m\u00f6\u00f6bli viimistlemiseks. M\u00f6\u00f6blivaha sobib uuele v\u00f5i vanale puitpinnale sisetingimustes. Sobib nii heledate puiduliikide kui ka v\u00e4\u00e4rispuidust pindade viimistlemiseks. M\u00f6\u00f6blivaha kaitseb kulumise eest ning on niiskuskindel. T\u00f6\u00f6pindade (laud, t\u00f6\u00f6tasapinnad k\u00f6\u00f6gis) viimistlemiseks kasuta Amello T\u00f6\u00f6pinna \u00f5li.<\/p>\n<h4>Kasutamiskoht:<\/h4>\n<p>M\u00f6\u00f6bel<\/p>\n<h4>Kasutamis\u00f5petus:<\/h4>\n<p>Enne kasutamist korralikult segada. Tee kindlaks, et puitpind oleks puhas, kuiv ning lihvpaberiga korralikult t\u00f6\u00f6deldud. Kanna M\u00f6\u00f6blivaha puhtale pinnale, kus eelnev viimistlus on eemaldatud. M\u00f6\u00f6livaha on soovitav kanda ka eelnevalt Lina\u00f5liga krunditud pinnale. Kui puitpinda on plaanis toonida, siis tooni M\u00f6\u00f6blivaha V\u00e4rvipigmentidega,lisades viimast keskmiselt 5 %. Toonitud M\u00f6\u00f6blivaha tuleb korralikult segada enne t\u00f6\u00f6 algust ning ka t\u00f6\u00f6tamise ajal, sest V\u00e4rvipigmendil<br \/>\non omadus sadestuda taara p\u00f5hja. Kanna \u00f5huke kiht M\u00f6\u00f6blivaha puitpinnale pintsli, lapi v\u00f5i teravill No.0000 abil. Liigse materjali osa, mis enam ei imendu peab hiljemalt 5 minuti p\u00e4rast \u00e4ra p\u00fchkima. Kanna vajadusel teine \u00f5huke kiht p\u00e4rast esimese kihi minimaalset kuivamisaega 5 tundi. Viimistluskihtide arv on 1-2 s\u00f5ltudes puitpinna kvaliteedist ja kasutamise eesm\u00e4rgist. P\u00e4rast puitpinna l\u00f5plikku kuivamist poleeri pind kuiva puuvillase lapiga. Nii saame puitpinnale pehmelt siidise l\u00e4ike.<\/p>\n<h4>Hooldamine<\/h4>\n<p>M\u00f6\u00f6blilt peaks regulaarselt p\u00fchkima tolmu ning mp\u00fchkima \u00fcle niiske lapiga. Kulumise korral ja l\u00e4ike taastamiseks h\u00f5\u00f5ru pind uuesti lapiga l\u00e4ikima. Suurema kulumise korral kanna kulunud pindadele uus kiht M\u00f6\u00f6blivaha.<\/p>\n<h4>Hoiatus<\/h4>\n<p>M\u00f6\u00f6blivaha kasutamisel peab \u00fcleliigse \u00f5li ette antud aja jooksul kindlasti eemaldama. M\u00f6\u00f6blivaha ei sobi v\u00e4listingimustes olevate puitpindade ning lakitud pindade viimistlemiseks.<\/p>\n<p><b>Kasutamine: <\/b>Sisetingimustes.<br \/>\n<b>Kulu:<\/b> 15-20 m<sup>2<\/sup> liitri kohta.<br \/>\n<b>Kuivamisaeg:<\/b> \u00d5hukeselt pintseldatuna 5 tundi (20 \u00baC).<br \/>\n<b>Koostis:<\/b> karnauba vaha, looduslik vaik, apelsini terpeen.<br \/>\n<b>T\u00f6\u00f6vahendite pesu:<\/b> t\u00e4rpentin<\/p>\n","protected":false},"excerpt":{"rendered":"<p>M\u00f6\u00f6blivaha on ajaloolise retsepti alusel valmistatud vedel vaha. Vaha sisaldab v\u00e4\u00e4rtuslikku karnauba vaha ja looduslikku vaiku, mis annavad tugeva ja vastupidava pinna, tuues \u00fchtlasi esile puidu kauni tekstuuri. M\u00f6\u00f6blivaha sobib h\u00e4sti m\u00f6\u00f6bli viimistlemiseks. M\u00f6\u00f6blivaha sobib uuele v\u00f5i vanale puitpinnale sisetingimustes. Sobib nii heledate puiduliikide kui ka v\u00e4\u00e4rispuidust pindade viimistlemiseks. M\u00f6\u00f6blivaha kaitseb kulumise eest ning on [&hellip;]<\/p>\n","protected":false},"featured_media":69636,"template":"","meta":{"_et_pb_use_builder":"","_et_pb_old_content":"","_et_gb_content_width":""},"product_brand":[],"product_cat":[28,1331,30],"product_tag":[522,521],"class_list":{"0":"post-2610","1":"product","2":"type-product","3":"status-publish","4":"has-post-thumbnail","6":"product_cat-pinnaviimistlus","7":"product_cat-spetsiaalsed-vahad","8":"product_cat-vahad","9":"product_tag-amello-mooblivaha","10":"product_tag-mooblivaha","12":"first","13":"instock","14":"taxable","15":"shipping-taxable","16":"purchasable","17":"product-type-variable"},"_links":{"self":[{"href":"https:\/\/majatohter.ee\/en\/wp-json\/wp\/v2\/product\/2610","targetHints":{"allow":["GET"]}}],"collection":[{"href":"https:\/\/majatohter.ee\/en\/wp-json\/wp\/v2\/product"}],"about":[{"href":"https:\/\/majatohter.ee\/en\/wp-json\/wp\/v2\/types\/product"}],"wp:featuredmedia":[{"embeddable":true,"href":"https:\/\/majatohter.ee\/en\/wp-json\/wp\/v2\/media\/69636"}],"wp:attachment":[{"href":"https:\/\/majatohter.ee\/en\/wp-json\/wp\/v2\/media?parent=2610"}],"wp:term":[{"taxonomy":"product_brand","embeddable":true,"href":"https:\/\/majatohter.ee\/en\/wp-json\/wp\/v2\/product_brand?post=2610"},{"taxonomy":"product_cat","embeddable":true,"href":"https:\/\/majatohter.ee\/en\/wp-json\/wp\/v2\/product_cat?post=2610"},{"taxonomy":"product_tag","embeddable":true,"href":"https:\/\/majatohter.ee\/en\/wp-json\/wp\/v2\/product_tag?post=2610"}],"curies":[{"name":"wp","href":"https:\/\/api.w.org\/{rel}","templated":true}]}}