{"id":2614,"date":"2016-07-28T09:49:48","date_gmt":"2016-07-28T07:49:48","guid":{"rendered":"http:\/\/majatohter.ee\/?post_type=product&#038;p=2614"},"modified":"2025-12-11T18:20:42","modified_gmt":"2025-12-11T16:20:42","slug":"sadulavoo-pinguti-253","status":"publish","type":"product","link":"https:\/\/majatohter.ee\/en\/tooted\/furniture-restoration\/tools-accessories\/sadulavoo-pinguti-253\/","title":{"rendered":"Sadulav\u00f6\u00f6 pinguti, OS 253"},"content":{"rendered":"<p><span class=\"hps\">K\u00e4epidemega sadulav\u00f6\u00f6 pinguti<\/span>. K<span class=\"hps\">ummiga kaetud <\/span>\u00a0<span class=\"hps\">\u00fclaserv on <\/span><span class=\"hps\">ohutu<\/span> <span class=\"hps\">ja<\/span> <span class=\"hps\">t\u00f5hus.<\/span><\/p>\n","protected":false},"excerpt":{"rendered":"<p>K\u00e4epidemega sadulav\u00f6\u00f6 pinguti. Kummiga kaetud \u00a0\u00fclaserv on ohutu ja t\u00f5hus.<\/p>\n","protected":false},"featured_media":68244,"template":"","meta":{"_et_pb_use_builder":"","_et_pb_old_content":"","_et_gb_content_width":""},"product_brand":[],"product_cat":[113,116],"product_tag":[939,523,2326,2332],"class_list":{"0":"post-2614","1":"product","2":"type-product","3":"status-publish","4":"has-post-thumbnail","6":"product_cat-mooblirestauraatorile","7":"product_cat-tarvikud","8":"product_tag-moobli-restaureerimine","9":"product_tag-sadulavoo-pinguti","10":"product_tag-sadulsepatoo","11":"product_tag-sadulsepp","13":"first","14":"onbackorder","15":"taxable","16":"shipping-taxable","17":"purchasable","18":"product-type-simple"},"_links":{"self":[{"href":"https:\/\/majatohter.ee\/en\/wp-json\/wp\/v2\/product\/2614","targetHints":{"allow":["GET"]}}],"collection":[{"href":"https:\/\/majatohter.ee\/en\/wp-json\/wp\/v2\/product"}],"about":[{"href":"https:\/\/majatohter.ee\/en\/wp-json\/wp\/v2\/types\/product"}],"wp:featuredmedia":[{"embeddable":true,"href":"https:\/\/majatohter.ee\/en\/wp-json\/wp\/v2\/media\/68244"}],"wp:attachment":[{"href":"https:\/\/majatohter.ee\/en\/wp-json\/wp\/v2\/media?parent=2614"}],"wp:term":[{"taxonomy":"product_brand","embeddable":true,"href":"https:\/\/majatohter.ee\/en\/wp-json\/wp\/v2\/product_brand?post=2614"},{"taxonomy":"product_cat","embeddable":true,"href":"https:\/\/majatohter.ee\/en\/wp-json\/wp\/v2\/product_cat?post=2614"},{"taxonomy":"product_tag","embeddable":true,"href":"https:\/\/majatohter.ee\/en\/wp-json\/wp\/v2\/product_tag?post=2614"}],"curies":[{"name":"wp","href":"https:\/\/api.w.org\/{rel}","templated":true}]}}