{"id":3547,"date":"2016-08-19T15:24:34","date_gmt":"2016-08-19T13:24:34","guid":{"rendered":"http:\/\/majatohter.ee\/tooted\/puisteained\/pigmendid\/kiindrustahm\/"},"modified":"2026-02-23T15:28:56","modified_gmt":"2026-02-23T13:28:56","slug":"kiindrustahm","status":"publish","type":"product","link":"https:\/\/majatohter.ee\/en\/tooted\/powders\/pigments\/kiindrustahm\/","title":{"rendered":"Kiindrustahm"},"content":{"rendered":"<p>Kiindrus- ehk m\u00e4nni- ehk lambitahm on must, v\u00e4ga peeneteraline\u00a0pigment, mis koosneb peaaegu puhtast s\u00fcsinikust, lisaks on selles t\u00f5rva\u00a0j\u00e4lgi ja v\u00f5ib olla anorgaanilisi aineid. Kiindrustahma tunti juba 2000\u00a0aastat e.m.a Hiinas ning seda saadi taime\u00f5lide mittet\u00e4ielikul\u00a0p\u00f5letamisel. Euroopas hakati tahmav\u00e4rvi laialdaselt kasutama 18.\u00a0sajandil. Sobib kokku k\u00f5ikide pigmentidega, on p\u00fcsiv k\u00f5igis<br \/>\nsideainetes ning vastupidav valgusele ja kemikaalidele. Peente osakeste\u00a0t\u00f5ttu kasutatakse seda tu\u0161\u0161ides, akvarellides ja tr\u00fcki-tehnikas.<\/p>\n","protected":false},"excerpt":{"rendered":"<p>Kiindrus- ehk m\u00e4nni- ehk lambitahm on must, v\u00e4ga peeneteraline\u00a0pigment, mis koosneb peaaegu puhtast s\u00fcsinikust, lisaks on selles t\u00f5rva\u00a0j\u00e4lgi ja v\u00f5ib olla anorgaanilisi aineid. Kiindrustahma tunti juba 2000\u00a0aastat e.m.a Hiinas ning seda saadi taime\u00f5lide mittet\u00e4ielikul\u00a0p\u00f5letamisel. Euroopas hakati tahmav\u00e4rvi laialdaselt kasutama 18.\u00a0sajandil. Sobib kokku k\u00f5ikide pigmentidega, on p\u00fcsiv k\u00f5igis sideainetes ning vastupidav valgusele ja kemikaalidele. Peente osakeste\u00a0t\u00f5ttu [&hellip;]<\/p>\n","protected":false},"featured_media":3552,"template":"","meta":{"_et_pb_use_builder":"","_et_pb_old_content":"","_et_gb_content_width":""},"product_brand":[],"product_cat":[55],"product_tag":[620],"class_list":{"0":"post-3547","1":"product","2":"type-product","3":"status-publish","4":"has-post-thumbnail","6":"product_cat-pigmendid","7":"product_tag-kiindrustahm","9":"first","10":"onbackorder","11":"taxable","12":"shipping-taxable","13":"purchasable","14":"product-type-variable"},"_links":{"self":[{"href":"https:\/\/majatohter.ee\/en\/wp-json\/wp\/v2\/product\/3547","targetHints":{"allow":["GET"]}}],"collection":[{"href":"https:\/\/majatohter.ee\/en\/wp-json\/wp\/v2\/product"}],"about":[{"href":"https:\/\/majatohter.ee\/en\/wp-json\/wp\/v2\/types\/product"}],"wp:featuredmedia":[{"embeddable":true,"href":"https:\/\/majatohter.ee\/en\/wp-json\/wp\/v2\/media\/3552"}],"wp:attachment":[{"href":"https:\/\/majatohter.ee\/en\/wp-json\/wp\/v2\/media?parent=3547"}],"wp:term":[{"taxonomy":"product_brand","embeddable":true,"href":"https:\/\/majatohter.ee\/en\/wp-json\/wp\/v2\/product_brand?post=3547"},{"taxonomy":"product_cat","embeddable":true,"href":"https:\/\/majatohter.ee\/en\/wp-json\/wp\/v2\/product_cat?post=3547"},{"taxonomy":"product_tag","embeddable":true,"href":"https:\/\/majatohter.ee\/en\/wp-json\/wp\/v2\/product_tag?post=3547"}],"curies":[{"name":"wp","href":"https:\/\/api.w.org\/{rel}","templated":true}]}}