{"id":3553,"date":"2016-08-19T15:40:06","date_gmt":"2016-08-19T13:40:06","guid":{"rendered":"http:\/\/majatohter.ee\/tooted\/puisteained\/pigmendid\/poletatud-terra\/"},"modified":"2026-02-07T16:08:13","modified_gmt":"2026-02-07T14:08:13","slug":"poletatud-terra","status":"publish","type":"product","link":"https:\/\/majatohter.ee\/en\/tooted\/powders\/pigments\/poletatud-terra\/","title":{"rendered":"P\u00f5letatud terra"},"content":{"rendered":"<p>Looduslik v\u00e4rvimuld, kunstlikult p\u00f5letatud. P\u00f5letamisel eemaldub\u00a0keemiliselt seotud vesi. Sisaldab erinevalt ookrist teatud osa silikaate.<\/p>\n","protected":false},"excerpt":{"rendered":"<p>Looduslik v\u00e4rvimuld, kunstlikult p\u00f5letatud. P\u00f5letamisel eemaldub\u00a0keemiliselt seotud vesi. Sisaldab erinevalt ookrist teatud osa silikaate.<\/p>\n","protected":false},"featured_media":3558,"template":"","meta":{"_et_pb_use_builder":"","_et_pb_old_content":"","_et_gb_content_width":""},"product_brand":[],"product_cat":[55],"product_tag":[621],"class_list":{"0":"post-3553","1":"product","2":"type-product","3":"status-publish","4":"has-post-thumbnail","6":"product_cat-pigmendid","7":"product_tag-terra","9":"first","10":"onbackorder","11":"taxable","12":"shipping-taxable","13":"purchasable","14":"product-type-variable"},"_links":{"self":[{"href":"https:\/\/majatohter.ee\/en\/wp-json\/wp\/v2\/product\/3553","targetHints":{"allow":["GET"]}}],"collection":[{"href":"https:\/\/majatohter.ee\/en\/wp-json\/wp\/v2\/product"}],"about":[{"href":"https:\/\/majatohter.ee\/en\/wp-json\/wp\/v2\/types\/product"}],"wp:featuredmedia":[{"embeddable":true,"href":"https:\/\/majatohter.ee\/en\/wp-json\/wp\/v2\/media\/3558"}],"wp:attachment":[{"href":"https:\/\/majatohter.ee\/en\/wp-json\/wp\/v2\/media?parent=3553"}],"wp:term":[{"taxonomy":"product_brand","embeddable":true,"href":"https:\/\/majatohter.ee\/en\/wp-json\/wp\/v2\/product_brand?post=3553"},{"taxonomy":"product_cat","embeddable":true,"href":"https:\/\/majatohter.ee\/en\/wp-json\/wp\/v2\/product_cat?post=3553"},{"taxonomy":"product_tag","embeddable":true,"href":"https:\/\/majatohter.ee\/en\/wp-json\/wp\/v2\/product_tag?post=3553"}],"curies":[{"name":"wp","href":"https:\/\/api.w.org\/{rel}","templated":true}]}}