{"id":3571,"date":"2016-08-19T15:49:47","date_gmt":"2016-08-19T13:49:47","guid":{"rendered":"http:\/\/majatohter.ee\/tooted\/puisteained\/pigmendid\/karmiinpunane\/"},"modified":"2025-07-05T00:56:18","modified_gmt":"2025-07-04T22:56:18","slug":"karmiinpunane","status":"publish","type":"product","link":"https:\/\/majatohter.ee\/en\/tooted\/powders\/pigments\/karmiinpunane\/","title":{"rendered":"Karmiinpunane"},"content":{"rendered":"<p>S\u00fcnteetiline kirgas k\u00fclm punane. V\u00e4ga hea katvusega, kuid suure ja\u00a0kerge tera t\u00f5ttu raskesti segunev, tuleb leotada ja korralikult l\u00e4bi\u00a0h\u00f5\u00f5ruda v\u00f5i uhmerdada. Ei soovitata kasutada v\u00e4listingimustes.<br \/>\nAjalooliselt \u00fcks vanimaid v\u00e4rvaineid. Karmiin on karmiinhappe\u00a0alumiiniumi ja kaltsiumi sool, mida saadi kaktustel parasiteerivate emaste t\u00e4ide (Cochineal) kuivatatud ja jahvatatud kestadest. Karmiini<br \/>\nkasutatakse ka toiduv\u00e4rvina (E120). <span style=\"text-decoration: underline;\">NB! Ei soovita kodus toitu\u00a0v\u00e4rvipigmendiga v\u00e4rvima hakata!<\/span><\/p>\n","protected":false},"excerpt":{"rendered":"<p>S\u00fcnteetiline kirgas k\u00fclm punane. V\u00e4ga hea katvusega, kuid suure ja\u00a0kerge tera t\u00f5ttu raskesti segunev, tuleb leotada ja korralikult l\u00e4bi\u00a0h\u00f5\u00f5ruda v\u00f5i uhmerdada. Ei soovitata kasutada v\u00e4listingimustes. Ajalooliselt \u00fcks vanimaid v\u00e4rvaineid. Karmiin on karmiinhappe\u00a0alumiiniumi ja kaltsiumi sool, mida saadi kaktustel parasiteerivate emaste t\u00e4ide (Cochineal) kuivatatud ja jahvatatud kestadest. Karmiini kasutatakse ka toiduv\u00e4rvina (E120). NB! Ei soovita kodus [&hellip;]<\/p>\n","protected":false},"featured_media":3577,"template":"","meta":{"_et_pb_use_builder":"","_et_pb_old_content":"","_et_gb_content_width":""},"product_brand":[],"product_cat":[55],"product_tag":[622],"class_list":{"0":"post-3571","1":"product","2":"type-product","3":"status-publish","4":"has-post-thumbnail","6":"product_cat-pigmendid","7":"product_tag-karmiinpunane","9":"first","10":"outofstock","11":"taxable","12":"shipping-taxable","13":"purchasable","14":"product-type-variable"},"_links":{"self":[{"href":"https:\/\/majatohter.ee\/en\/wp-json\/wp\/v2\/product\/3571","targetHints":{"allow":["GET"]}}],"collection":[{"href":"https:\/\/majatohter.ee\/en\/wp-json\/wp\/v2\/product"}],"about":[{"href":"https:\/\/majatohter.ee\/en\/wp-json\/wp\/v2\/types\/product"}],"wp:featuredmedia":[{"embeddable":true,"href":"https:\/\/majatohter.ee\/en\/wp-json\/wp\/v2\/media\/3577"}],"wp:attachment":[{"href":"https:\/\/majatohter.ee\/en\/wp-json\/wp\/v2\/media?parent=3571"}],"wp:term":[{"taxonomy":"product_brand","embeddable":true,"href":"https:\/\/majatohter.ee\/en\/wp-json\/wp\/v2\/product_brand?post=3571"},{"taxonomy":"product_cat","embeddable":true,"href":"https:\/\/majatohter.ee\/en\/wp-json\/wp\/v2\/product_cat?post=3571"},{"taxonomy":"product_tag","embeddable":true,"href":"https:\/\/majatohter.ee\/en\/wp-json\/wp\/v2\/product_tag?post=3571"}],"curies":[{"name":"wp","href":"https:\/\/api.w.org\/{rel}","templated":true}]}}