{"id":3608,"date":"2016-08-19T16:10:07","date_gmt":"2016-08-19T14:10:07","guid":{"rendered":"http:\/\/majatohter.ee\/tooted\/puisteained\/pigmendid\/kinaver\/"},"modified":"2026-02-10T14:51:24","modified_gmt":"2026-02-10T12:51:24","slug":"oranz","status":"publish","type":"product","link":"https:\/\/majatohter.ee\/en\/tooted\/powders\/pigments\/oranz\/","title":{"rendered":"Oran\u017e 435"},"content":{"rendered":"<p>Ergas oran\u017e pigment.<\/p>\n<p>Valguskindlus &#8211; hea<br \/>\nSobivus veebaasil v\u00e4rvidega &#8211; hea<br \/>\nSobivus \u00f5libaasil v\u00e4rvidega &#8211; hea<br \/>\nSobivus lubja ja tsemendiga &#8211;\u00a0 m\u00f5\u00f5dukas<\/p>\n","protected":false},"excerpt":{"rendered":"<p>Ergas oran\u017e pigment. Valguskindlus &#8211; hea Sobivus veebaasil v\u00e4rvidega &#8211; hea Sobivus \u00f5libaasil v\u00e4rvidega &#8211; hea Sobivus lubja ja tsemendiga &#8211;\u00a0 m\u00f5\u00f5dukas<\/p>\n","protected":false},"featured_media":3613,"template":"","meta":{"_et_pb_use_builder":"","_et_pb_old_content":"","_et_gb_content_width":""},"product_brand":[],"product_cat":[55],"product_tag":[1280,570],"class_list":{"0":"post-3608","1":"product","2":"type-product","3":"status-publish","4":"has-post-thumbnail","6":"product_cat-pigmendid","7":"product_tag-oranz","8":"product_tag-pigment","10":"first","11":"onbackorder","12":"taxable","13":"shipping-taxable","14":"purchasable","15":"product-type-variable"},"_links":{"self":[{"href":"https:\/\/majatohter.ee\/en\/wp-json\/wp\/v2\/product\/3608","targetHints":{"allow":["GET"]}}],"collection":[{"href":"https:\/\/majatohter.ee\/en\/wp-json\/wp\/v2\/product"}],"about":[{"href":"https:\/\/majatohter.ee\/en\/wp-json\/wp\/v2\/types\/product"}],"wp:featuredmedia":[{"embeddable":true,"href":"https:\/\/majatohter.ee\/en\/wp-json\/wp\/v2\/media\/3613"}],"wp:attachment":[{"href":"https:\/\/majatohter.ee\/en\/wp-json\/wp\/v2\/media?parent=3608"}],"wp:term":[{"taxonomy":"product_brand","embeddable":true,"href":"https:\/\/majatohter.ee\/en\/wp-json\/wp\/v2\/product_brand?post=3608"},{"taxonomy":"product_cat","embeddable":true,"href":"https:\/\/majatohter.ee\/en\/wp-json\/wp\/v2\/product_cat?post=3608"},{"taxonomy":"product_tag","embeddable":true,"href":"https:\/\/majatohter.ee\/en\/wp-json\/wp\/v2\/product_tag?post=3608"}],"curies":[{"name":"wp","href":"https:\/\/api.w.org\/{rel}","templated":true}]}}