{"id":36091,"date":"2016-11-30T14:18:04","date_gmt":"2016-11-30T12:18:04","guid":{"rendered":"http:\/\/majatohter.ee\/tooted\/tooriistad\/peitelnuga-hultafors\/"},"modified":"2025-07-05T02:59:21","modified_gmt":"2025-07-05T00:59:21","slug":"peitelnuga-morakniv","status":"publish","type":"product","link":"https:\/\/majatohter.ee\/en\/tooted\/tools\/for-carpenter\/knives\/peitelnuga-morakniv\/","title":{"rendered":"Peitelnuga Morakniv"},"content":{"rendered":"<p>Peitelnuga on asendamatu t\u00f6\u00f6riist igal meistri v\u00f6\u00f6l ja t\u00f6\u00f6riistakastis!<br \/>\nVastupidavast 3,1 mm s\u00fcsinikterasest tera. K\u00e4epide ja noatupp on tehtud \u00fclitugevast pp-plastikust.<\/p>\n<p>Valmistatud Rootsis.<\/p>\n","protected":false},"excerpt":{"rendered":"<p>Karastatud terasest peitelnuga on k\u00f5rge kvaliteediga ning mugav &#8211; kaks \u00fches t\u00f6\u00f6riist.<\/p>\n","protected":false},"featured_media":68391,"template":"","meta":{"_et_pb_use_builder":"","_et_pb_old_content":"","_et_gb_content_width":""},"product_brand":[],"product_cat":[274,92,1360,86],"product_tag":[1363,700],"class_list":{"0":"post-36091","1":"product","2":"type-product","3":"status-publish","4":"has-post-thumbnail","6":"product_cat-noad","7":"product_cat-puusepale","8":"product_cat-terariistad","9":"product_cat-tooriistad","10":"product_tag-morakniv","11":"product_tag-peitelnuga","13":"first","14":"onbackorder","15":"taxable","16":"shipping-taxable","17":"purchasable","18":"product-type-simple"},"_links":{"self":[{"href":"https:\/\/majatohter.ee\/en\/wp-json\/wp\/v2\/product\/36091","targetHints":{"allow":["GET"]}}],"collection":[{"href":"https:\/\/majatohter.ee\/en\/wp-json\/wp\/v2\/product"}],"about":[{"href":"https:\/\/majatohter.ee\/en\/wp-json\/wp\/v2\/types\/product"}],"wp:featuredmedia":[{"embeddable":true,"href":"https:\/\/majatohter.ee\/en\/wp-json\/wp\/v2\/media\/68391"}],"wp:attachment":[{"href":"https:\/\/majatohter.ee\/en\/wp-json\/wp\/v2\/media?parent=36091"}],"wp:term":[{"taxonomy":"product_brand","embeddable":true,"href":"https:\/\/majatohter.ee\/en\/wp-json\/wp\/v2\/product_brand?post=36091"},{"taxonomy":"product_cat","embeddable":true,"href":"https:\/\/majatohter.ee\/en\/wp-json\/wp\/v2\/product_cat?post=36091"},{"taxonomy":"product_tag","embeddable":true,"href":"https:\/\/majatohter.ee\/en\/wp-json\/wp\/v2\/product_tag?post=36091"}],"curies":[{"name":"wp","href":"https:\/\/api.w.org\/{rel}","templated":true}]}}