{"id":36095,"date":"2016-11-30T15:18:19","date_gmt":"2016-11-30T13:18:19","guid":{"rendered":"http:\/\/majatohter.ee\/?post_type=product&#038;p=36095"},"modified":"2026-01-31T01:42:40","modified_gmt":"2026-01-30T23:42:40","slug":"kummihaamer-230g","status":"publish","type":"product","link":"https:\/\/majatohter.ee\/en\/tooted\/tools\/hammers\/kummihaamer-230g\/","title":{"rendered":"Kummihaamer 230g puidust varrega Truper"},"content":{"rendered":"<p>Kummist pea ja puidust varrega haamer, mis ei j\u00e4ta l\u00f6\u00f6gij\u00e4lgi.<\/p>\n","protected":false},"excerpt":{"rendered":"<p>Kummist pea ja puidust varrega haamer, mis ei j\u00e4ta l\u00f6\u00f6gij\u00e4lgi.<\/p>\n","protected":false},"featured_media":165875,"template":"","meta":{"_et_pb_use_builder":"","_et_pb_old_content":"","_et_gb_content_width":""},"product_brand":[],"product_cat":[1359,92,86],"product_tag":[703,704,705,706],"class_list":{"0":"post-36095","1":"product","2":"type-product","3":"status-publish","4":"has-post-thumbnail","6":"product_cat-haamrid-kangid","7":"product_cat-puusepale","8":"product_cat-tooriistad","9":"product_tag-haamer","10":"product_tag-kummihaamer","11":"product_tag-nui","12":"product_tag-706","14":"first","15":"onbackorder","16":"taxable","17":"shipping-taxable","18":"purchasable","19":"product-type-simple"},"_links":{"self":[{"href":"https:\/\/majatohter.ee\/en\/wp-json\/wp\/v2\/product\/36095","targetHints":{"allow":["GET"]}}],"collection":[{"href":"https:\/\/majatohter.ee\/en\/wp-json\/wp\/v2\/product"}],"about":[{"href":"https:\/\/majatohter.ee\/en\/wp-json\/wp\/v2\/types\/product"}],"wp:featuredmedia":[{"embeddable":true,"href":"https:\/\/majatohter.ee\/en\/wp-json\/wp\/v2\/media\/165875"}],"wp:attachment":[{"href":"https:\/\/majatohter.ee\/en\/wp-json\/wp\/v2\/media?parent=36095"}],"wp:term":[{"taxonomy":"product_brand","embeddable":true,"href":"https:\/\/majatohter.ee\/en\/wp-json\/wp\/v2\/product_brand?post=36095"},{"taxonomy":"product_cat","embeddable":true,"href":"https:\/\/majatohter.ee\/en\/wp-json\/wp\/v2\/product_cat?post=36095"},{"taxonomy":"product_tag","embeddable":true,"href":"https:\/\/majatohter.ee\/en\/wp-json\/wp\/v2\/product_tag?post=36095"}],"curies":[{"name":"wp","href":"https:\/\/api.w.org\/{rel}","templated":true}]}}