{"id":3614,"date":"2016-08-19T16:13:08","date_gmt":"2016-08-19T14:13:08","guid":{"rendered":"http:\/\/majatohter.ee\/tooted\/puisteained\/pigmendid\/kinaver-punane\/"},"modified":"2025-10-28T13:23:36","modified_gmt":"2025-10-28T11:23:36","slug":"kinaver-punane","status":"publish","type":"product","link":"https:\/\/majatohter.ee\/en\/tooted\/powders\/pigments\/kinaver-punane\/","title":{"rendered":"Kinaver punane"},"content":{"rendered":"<p>HgS + mineraalsed lisandid. Nimetatakse ka sinooperiks ja\u00a0vermillioniks. Oran\u017eikaspunane pigment, mida saadi algup\u00e4raselt\u00a0kinaveri nimelisest mineraalist. Keemiliselt elavh\u00f5beda sulfiid.<br \/>\nNimi tuleb prantsusekeelsest vermeil, mis t\u00e4hendas punast pigmenti ja\u00a0tulenes omakorda punase v\u00e4rvaine saamiseks kasutatava putuka nimest Kermes vermilio. T\u00e4nap\u00e4eval toodetakse kinaveri peamiselt elavh\u00f5beda\u00a0ja sulav\u00e4\u00e4vli reaktsiooni abil. Suurem osa looduslikust kinaverpunasest kaevandatakse Hiinas, seep\u00e4rast nimetatakse seda ka Hiina punaseks.<\/p>\n<p>Valguskindlus \u2013 m\u00f5\u00f5dukas<br \/>\nSobivus veebaasil v\u00e4rvidega \u2013 hea<br \/>\nSobivus \u00f5libaasil v\u00e4rvidega \u2013 hea<br \/>\nSobivus lubja ja tsemendiga \u2013\u00a0 mittesoovitatav<\/p>\n","protected":false},"excerpt":{"rendered":"<p>HgS + mineraalsed lisandid. Nimetatakse ka sinooperiks ja\u00a0vermillioniks. Oran\u017eikaspunane pigment, mida saadi algup\u00e4raselt\u00a0kinaveri nimelisest mineraalist. Keemiliselt elavh\u00f5beda sulfiid. Nimi tuleb prantsusekeelsest vermeil, mis t\u00e4hendas punast pigmenti ja\u00a0tulenes omakorda punase v\u00e4rvaine saamiseks kasutatava putuka nimest Kermes vermilio. T\u00e4nap\u00e4eval toodetakse kinaveri peamiselt elavh\u00f5beda\u00a0ja sulav\u00e4\u00e4vli reaktsiooni abil. Suurem osa looduslikust kinaverpunasest kaevandatakse Hiinas, seep\u00e4rast nimetatakse seda ka Hiina [&hellip;]<\/p>\n","protected":false},"featured_media":3613,"template":"","meta":{"_et_pb_use_builder":"","_et_pb_old_content":"","_et_gb_content_width":""},"product_brand":[],"product_cat":[55],"product_tag":[627],"class_list":{"0":"post-3614","1":"product","2":"type-product","3":"status-publish","4":"has-post-thumbnail","6":"product_cat-pigmendid","7":"product_tag-kinaver","9":"first","10":"onbackorder","11":"taxable","12":"shipping-taxable","13":"purchasable","14":"product-type-variable"},"_links":{"self":[{"href":"https:\/\/majatohter.ee\/en\/wp-json\/wp\/v2\/product\/3614","targetHints":{"allow":["GET"]}}],"collection":[{"href":"https:\/\/majatohter.ee\/en\/wp-json\/wp\/v2\/product"}],"about":[{"href":"https:\/\/majatohter.ee\/en\/wp-json\/wp\/v2\/types\/product"}],"wp:featuredmedia":[{"embeddable":true,"href":"https:\/\/majatohter.ee\/en\/wp-json\/wp\/v2\/media\/3613"}],"wp:attachment":[{"href":"https:\/\/majatohter.ee\/en\/wp-json\/wp\/v2\/media?parent=3614"}],"wp:term":[{"taxonomy":"product_brand","embeddable":true,"href":"https:\/\/majatohter.ee\/en\/wp-json\/wp\/v2\/product_brand?post=3614"},{"taxonomy":"product_cat","embeddable":true,"href":"https:\/\/majatohter.ee\/en\/wp-json\/wp\/v2\/product_cat?post=3614"},{"taxonomy":"product_tag","embeddable":true,"href":"https:\/\/majatohter.ee\/en\/wp-json\/wp\/v2\/product_tag?post=3614"}],"curies":[{"name":"wp","href":"https:\/\/api.w.org\/{rel}","templated":true}]}}