{"id":3743,"date":"2016-08-30T13:53:41","date_gmt":"2016-08-30T11:53:41","guid":{"rendered":"http:\/\/majatohter.ee\/?post_type=product&#038;p=3743"},"modified":"2026-04-07T15:43:01","modified_gmt":"2026-04-07T13:43:01","slug":"varvikaabits","status":"publish","type":"product","link":"https:\/\/majatohter.ee\/en\/tooted\/tools\/scrapers\/varvikaabits\/","title":{"rendered":"V\u00e4rvikaabits"},"content":{"rendered":"<p>Lai \u00f5hukese vahetatava teraga v\u00e4rvikaabits v\u00e4rvi eemaldamiseks siledalt pinnalt.<\/p>\n","protected":false},"excerpt":{"rendered":"<p>Lai \u00f5hukese vahetatava teraga v\u00e4rvikaabits v\u00e4rvi eemaldamiseks siledalt pinnalt.<\/p>\n","protected":false},"featured_media":68377,"template":"","meta":{"_et_pb_use_builder":"","_et_pb_old_content":"","_et_gb_content_width":""},"product_brand":[],"product_cat":[87,86],"product_tag":[595,635,2336],"class_list":{"0":"post-3743","1":"product","2":"type-product","3":"status-publish","4":"has-post-thumbnail","6":"product_cat-kaabitsad","7":"product_cat-tooriistad","8":"product_tag-kaabits","9":"product_tag-varvi-eemaldamine","10":"product_tag-varvi-kaapimine","12":"first","13":"instock","14":"taxable","15":"shipping-taxable","16":"purchasable","17":"product-type-simple"},"_links":{"self":[{"href":"https:\/\/majatohter.ee\/en\/wp-json\/wp\/v2\/product\/3743","targetHints":{"allow":["GET"]}}],"collection":[{"href":"https:\/\/majatohter.ee\/en\/wp-json\/wp\/v2\/product"}],"about":[{"href":"https:\/\/majatohter.ee\/en\/wp-json\/wp\/v2\/types\/product"}],"wp:featuredmedia":[{"embeddable":true,"href":"https:\/\/majatohter.ee\/en\/wp-json\/wp\/v2\/media\/68377"}],"wp:attachment":[{"href":"https:\/\/majatohter.ee\/en\/wp-json\/wp\/v2\/media?parent=3743"}],"wp:term":[{"taxonomy":"product_brand","embeddable":true,"href":"https:\/\/majatohter.ee\/en\/wp-json\/wp\/v2\/product_brand?post=3743"},{"taxonomy":"product_cat","embeddable":true,"href":"https:\/\/majatohter.ee\/en\/wp-json\/wp\/v2\/product_cat?post=3743"},{"taxonomy":"product_tag","embeddable":true,"href":"https:\/\/majatohter.ee\/en\/wp-json\/wp\/v2\/product_tag?post=3743"}],"curies":[{"name":"wp","href":"https:\/\/api.w.org\/{rel}","templated":true}]}}