{"id":39847,"date":"2016-12-21T12:50:54","date_gmt":"2016-12-21T10:50:54","guid":{"rendered":"http:\/\/majatohter.ee\/?post_type=product&#038;p=39847"},"modified":"2026-04-09T17:42:42","modified_gmt":"2026-04-09T15:42:42","slug":"mannitarpentiin","status":"publish","type":"product","link":"https:\/\/majatohter.ee\/en\/tooted\/chemicals\/solvents\/mannitarpentiin\/","title":{"rendered":"M\u00e4nnit\u00e4rpentiin"},"content":{"rendered":"<p>M\u00e4nnit\u00e4rpentini saadakse m\u00e4nnipuust, toode ei sisalda kunstlikke lisaaineid. Loodusliku tootena laguneb t\u00e4rpentin looduses maapinnas olevate mikroorganismide kaasabil. M\u00e4nnit\u00e4rpentin sobib lina\u00f5li, \u00f5liv\u00e4rvi, vaha, t\u00f5rva ning teiste \u00f5lil baseeruvate toodete lahjendamiseks.<\/p>\n<p><strong>Kasutuskohad:<\/strong><br \/>\nVedeldajana lina\u00f5li ja t\u00f5rva toodetes<\/p>\n<p><strong>Kasutamisjuhend:<br \/>\n<\/strong>T\u00e4rpentini kasutatakse ka puhastusvahendina (n\u00e4it.plekkide eemaldamiseks) ja desinfitseerimiseks. Pinnaviimistlusmaterjalide lahustina on t\u00e4rpentin parim oma aeglase aurustumise t\u00f5ttu, t\u00e4nu millele pinnaviimistlusmaterjal imendub s\u00fcgavale pinna sisse ja j\u00e4tab \u00fchtlase viimistluskihi.<\/p>\n","protected":false},"excerpt":{"rendered":"<p>M\u00e4nnit\u00e4rpentini saadakse m\u00e4nnipuust, toode ei sisalda kunstlikke lisaaineid. Loodusliku tootena laguneb t\u00e4rpentin looduses maapinnas olevate mikroorganismide kaasabil. M\u00e4nnit\u00e4rpentin sobib lina\u00f5li, \u00f5liv\u00e4rvi, vaha, t\u00f5rva ning teiste \u00f5lil baseeruvate toodete lahjendamiseks. Kasutuskohad: Vedeldajana lina\u00f5li ja t\u00f5rva toodetes Kasutamisjuhend: T\u00e4rpentini kasutatakse ka puhastusvahendina (n\u00e4it.plekkide eemaldamiseks) ja desinfitseerimiseks. Pinnaviimistlusmaterjalide lahustina on t\u00e4rpentin parim oma aeglase aurustumise t\u00f5ttu, t\u00e4nu millele [&hellip;]<\/p>\n","protected":false},"featured_media":54111,"template":"","meta":{"_et_pb_use_builder":"","_et_pb_old_content":"","_et_gb_content_width":""},"product_brand":[],"product_cat":[96,97],"product_tag":[821],"class_list":{"0":"post-39847","1":"product","2":"type-product","3":"status-publish","4":"has-post-thumbnail","6":"product_cat-kemikaalid","7":"product_cat-lahustid","8":"product_tag-tarpentin","10":"first","11":"instock","12":"taxable","13":"shipping-taxable","14":"purchasable","15":"product-type-variable"},"_links":{"self":[{"href":"https:\/\/majatohter.ee\/en\/wp-json\/wp\/v2\/product\/39847","targetHints":{"allow":["GET"]}}],"collection":[{"href":"https:\/\/majatohter.ee\/en\/wp-json\/wp\/v2\/product"}],"about":[{"href":"https:\/\/majatohter.ee\/en\/wp-json\/wp\/v2\/types\/product"}],"wp:featuredmedia":[{"embeddable":true,"href":"https:\/\/majatohter.ee\/en\/wp-json\/wp\/v2\/media\/54111"}],"wp:attachment":[{"href":"https:\/\/majatohter.ee\/en\/wp-json\/wp\/v2\/media?parent=39847"}],"wp:term":[{"taxonomy":"product_brand","embeddable":true,"href":"https:\/\/majatohter.ee\/en\/wp-json\/wp\/v2\/product_brand?post=39847"},{"taxonomy":"product_cat","embeddable":true,"href":"https:\/\/majatohter.ee\/en\/wp-json\/wp\/v2\/product_cat?post=39847"},{"taxonomy":"product_tag","embeddable":true,"href":"https:\/\/majatohter.ee\/en\/wp-json\/wp\/v2\/product_tag?post=39847"}],"curies":[{"name":"wp","href":"https:\/\/api.w.org\/{rel}","templated":true}]}}