{"id":40081,"date":"2016-12-22T14:38:22","date_gmt":"2016-12-22T12:38:22","guid":{"rendered":"http:\/\/majatohter.ee\/?post_type=product&#038;p=40081"},"modified":"2025-07-04T23:56:50","modified_gmt":"2025-07-04T21:56:50","slug":"puitvill","status":"publish","type":"product","link":"https:\/\/majatohter.ee\/en\/tooted\/furniture-restoration\/fabrics-materials\/puitvill\/","title":{"rendered":"Puitvill"},"content":{"rendered":"<p>Hea materjal pehme m\u00f6\u00f6bli sisse v\u00f5i ka kingitusete pakkimiseks.<\/p>\n","protected":false},"excerpt":{"rendered":"<p>Hea materjal pehme m\u00f6\u00f6bli sisse v\u00f5i ka kingitusete pakkimiseks.<\/p>\n","protected":false},"featured_media":68225,"template":"","meta":{"_et_pb_use_builder":"","_et_pb_old_content":"","_et_gb_content_width":""},"product_brand":[],"product_cat":[114,113],"product_tag":[939,439,872],"class_list":{"0":"post-40081","1":"product","2":"type-product","3":"status-publish","4":"has-post-thumbnail","6":"product_cat-kangad","7":"product_cat-mooblirestauraatorile","8":"product_tag-moobli-restaureerimine","9":"product_tag-puitvill","10":"product_tag-taitematerjal","12":"first","13":"onbackorder","14":"taxable","15":"shipping-taxable","16":"purchasable","17":"product-type-variable"},"_links":{"self":[{"href":"https:\/\/majatohter.ee\/en\/wp-json\/wp\/v2\/product\/40081","targetHints":{"allow":["GET"]}}],"collection":[{"href":"https:\/\/majatohter.ee\/en\/wp-json\/wp\/v2\/product"}],"about":[{"href":"https:\/\/majatohter.ee\/en\/wp-json\/wp\/v2\/types\/product"}],"wp:featuredmedia":[{"embeddable":true,"href":"https:\/\/majatohter.ee\/en\/wp-json\/wp\/v2\/media\/68225"}],"wp:attachment":[{"href":"https:\/\/majatohter.ee\/en\/wp-json\/wp\/v2\/media?parent=40081"}],"wp:term":[{"taxonomy":"product_brand","embeddable":true,"href":"https:\/\/majatohter.ee\/en\/wp-json\/wp\/v2\/product_brand?post=40081"},{"taxonomy":"product_cat","embeddable":true,"href":"https:\/\/majatohter.ee\/en\/wp-json\/wp\/v2\/product_cat?post=40081"},{"taxonomy":"product_tag","embeddable":true,"href":"https:\/\/majatohter.ee\/en\/wp-json\/wp\/v2\/product_tag?post=40081"}],"curies":[{"name":"wp","href":"https:\/\/api.w.org\/{rel}","templated":true}]}}