{"id":40090,"date":"2016-12-22T14:55:02","date_gmt":"2016-12-22T12:55:02","guid":{"rendered":"http:\/\/majatohter.ee\/?post_type=product&#038;p=40090"},"modified":"2026-03-09T16:43:54","modified_gmt":"2026-03-09T14:43:54","slug":"merihein","status":"publish","type":"product","link":"https:\/\/majatohter.ee\/en\/tooted\/furniture-restoration\/fabrics-materials\/merihein\/","title":{"rendered":"Merihein"},"content":{"rendered":"<p>Merihein sobib v\u00e4ga h\u00e4sti kasutamiseks pehme m\u00f6\u00f6bli t\u00e4idismaterjalina. Traditsiooniline t\u00e4itematerjal, mis valmistatud Aafrika k\u00e4\u00e4buspalmi lehtedest. Lehed kuivatatakse ning\u00a0 punutakse\u00a0 ca 3m\u00a0 k\u00f6is. Seej\u00e4rel l\u00e4bib materjal kraasimis protsessi.<\/p>\n","protected":false},"excerpt":{"rendered":"<p>Merihein sobib v\u00e4ga h\u00e4sti kasutamiseks pehme m\u00f6\u00f6bli t\u00e4idismaterjalina. Traditsiooniline t\u00e4itematerjal, mis valmistatud Aafrika k\u00e4\u00e4buspalmi lehtedest. Lehed kuivatatakse ning\u00a0 punutakse\u00a0 ca 3m\u00a0 k\u00f6is. Seej\u00e4rel l\u00e4bib materjal kraasimis protsessi.<\/p>\n","protected":false},"featured_media":68221,"template":"","meta":{"_et_pb_use_builder":"","_et_pb_old_content":"","_et_gb_content_width":""},"product_brand":[],"product_cat":[114,113],"product_tag":[938,939,872],"class_list":{"0":"post-40090","1":"product","2":"type-product","3":"status-publish","4":"has-post-thumbnail","6":"product_cat-kangad","7":"product_cat-mooblirestauraatorile","8":"product_tag-merihein","9":"product_tag-moobli-restaureerimine","10":"product_tag-taitematerjal","12":"first","13":"onbackorder","14":"taxable","15":"shipping-taxable","16":"purchasable","17":"product-type-variable"},"_links":{"self":[{"href":"https:\/\/majatohter.ee\/en\/wp-json\/wp\/v2\/product\/40090","targetHints":{"allow":["GET"]}}],"collection":[{"href":"https:\/\/majatohter.ee\/en\/wp-json\/wp\/v2\/product"}],"about":[{"href":"https:\/\/majatohter.ee\/en\/wp-json\/wp\/v2\/types\/product"}],"wp:featuredmedia":[{"embeddable":true,"href":"https:\/\/majatohter.ee\/en\/wp-json\/wp\/v2\/media\/68221"}],"wp:attachment":[{"href":"https:\/\/majatohter.ee\/en\/wp-json\/wp\/v2\/media?parent=40090"}],"wp:term":[{"taxonomy":"product_brand","embeddable":true,"href":"https:\/\/majatohter.ee\/en\/wp-json\/wp\/v2\/product_brand?post=40090"},{"taxonomy":"product_cat","embeddable":true,"href":"https:\/\/majatohter.ee\/en\/wp-json\/wp\/v2\/product_cat?post=40090"},{"taxonomy":"product_tag","embeddable":true,"href":"https:\/\/majatohter.ee\/en\/wp-json\/wp\/v2\/product_tag?post=40090"}],"curies":[{"name":"wp","href":"https:\/\/api.w.org\/{rel}","templated":true}]}}