{"id":40828,"date":"2016-12-27T13:20:58","date_gmt":"2016-12-27T11:20:58","guid":{"rendered":"http:\/\/majatohter.ee\/?post_type=product&#038;p=40828"},"modified":"2026-04-09T18:42:22","modified_gmt":"2026-04-09T16:42:22","slug":"aidol-anti-insekt-puidukahjurite-torjevahend","status":"publish","type":"product","link":"https:\/\/majatohter.ee\/en\/tooted\/chemicals\/pesticides\/aidol-anti-insekt-puidukahjurite-torjevahend\/","title":{"rendered":"AIDOL Anti Insekt, puidukahjurite t\u00f5rjevahend"},"content":{"rendered":"<div><strong>Puidukahjurite t\u00f5rjevahend.<\/strong><\/div>\n<div><\/div>\n<div>Majasikkude, tooneseplaste ja teiste puidukahjurite t\u00f5rjeks k\u00f5ikides ehituskonstruktsioonides ja m\u00f6\u00f6blis. H\u00e4vitava ja ennetava toimega.<\/div>\n<div><\/div>\n<div>Ei lahjendata. Niisutab h\u00e4sti ning tungib seet\u00f5ttu kiiresti ja s\u00fcgavale puitu.\u00a0<strong><br \/>\n<\/strong><\/div>\n<div><\/div>\n<div><strong>Toimeaine:<\/strong>\u00a00,25% permetriin.<\/div>\n<div><\/div>\n<div><strong>Kulu:<\/strong>\u00a0h\u00e4vitav 300-350 ml\/m<sup>2<\/sup> ja ennetav 200-250 ml\/m<sup>2<\/sup>.<\/div>\n<div><\/div>\n<div><strong>Ehituskonstruktsioonid:<\/strong>\u00a0kahjustatud puit eemaldada ja puhastada tolmust. Vana v\u00e4rv lihvida maha. Vajalik immutuskogus saavutatakse 2-3 pintseldamise tulemusena 24- tunnise intervalliga. Puuraukimmutuse jaoks puurida 10 mm diam. augud 10 cm vahedega. Augud t\u00e4ita 3- 4 korda, seej\u00e4rel sulgeda puidut\u00fc\u00fcbliga. Alati tuleb pintseldada ka pindmine kiht. Mitte kasutada suurtel pindadel eluruumides (2-3 m2), va juhtudel, kui t\u00f6\u00f6deldud pinnad kaetakse muu materjaliga\u00a0v\u00f5i\u00a0viimistlusega.\u00a0T\u00f6\u00f6riistad puhastada lakibensiiniga. Pritsimine\u00a0on\u00a0lubatud\u00a0ainult\u00a0eriv\u00e4lja\u00f5ppega\u00a0isikutel.<\/div>\n<div><\/div>\n<div><strong>M\u00f6\u00f6bel:<\/strong>\u00a0kahjurite k\u00e4igud t\u00e4ita s\u00fcstla abil pinnakihti eemaldamata ja\/ v\u00f5i pintseldada.<\/div>\n<div><\/div>\n<div><strong>Kuivamine<\/strong>: hea ventilatsiooni korral ca 24 tundi. V\u00e4rvida, lakkida\u00a0v\u00f5i\u00a0katta\u00a0materjaliga\u00a0v\u00f5ib 1 n\u00e4dala p\u00e4rast.<\/div>\n<div><\/div>\n<div><strong>Lisateave:<\/strong>\u00a0puidukahjurite eluts\u00fckkel on pikk ja \u00fche p\u00f5lvkonna t\u00f5ugud elavad puidus mitu aastat. Anti Insekt\u00a0kasutamisel v\u00f5ib ka veel 2 aasta p\u00e4rast leida elus putukaid. Siiski ei suurene kahjustatud puidu stabiilsus olulisel m\u00e4\u00e4ral selle aja jooksul.<\/div>\n","protected":false},"excerpt":{"rendered":"<p>Puidukahjurite t\u00f5rjevahend. Majasikkude, tooneseplaste ja teiste puidukahjurite t\u00f5rjeks k\u00f5ikides ehituskonstruktsioonides ja m\u00f6\u00f6blis. H\u00e4vitava ja ennetava toimega. Ei lahjendata. Niisutab h\u00e4sti ning tungib seet\u00f5ttu kiiresti ja s\u00fcgavale puitu.\u00a0 Toimeaine:\u00a00,25% permetriin. Kulu:\u00a0h\u00e4vitav 300-350 ml\/m2 ja ennetav 200-250 ml\/m2. Ehituskonstruktsioonid:\u00a0kahjustatud puit eemaldada ja puhastada tolmust. Vana v\u00e4rv lihvida maha. Vajalik immutuskogus saavutatakse 2-3 pintseldamise tulemusena 24- tunnise intervalliga. [&hellip;]<\/p>\n","protected":false},"featured_media":69552,"template":"","meta":{"_et_pb_use_builder":"","_et_pb_old_content":"","_et_gb_content_width":""},"product_brand":[],"product_cat":[96,99],"product_tag":[763,764],"class_list":{"0":"post-40828","1":"product","2":"type-product","3":"status-publish","4":"has-post-thumbnail","6":"product_cat-kemikaalid","7":"product_cat-torjavahendid","8":"product_tag-puidukahjurid","9":"product_tag-puidukahjurite-torjevahend","11":"first","12":"onbackorder","13":"taxable","14":"shipping-taxable","15":"purchasable","16":"product-type-variable","17":"has-default-attributes"},"_links":{"self":[{"href":"https:\/\/majatohter.ee\/en\/wp-json\/wp\/v2\/product\/40828","targetHints":{"allow":["GET"]}}],"collection":[{"href":"https:\/\/majatohter.ee\/en\/wp-json\/wp\/v2\/product"}],"about":[{"href":"https:\/\/majatohter.ee\/en\/wp-json\/wp\/v2\/types\/product"}],"wp:featuredmedia":[{"embeddable":true,"href":"https:\/\/majatohter.ee\/en\/wp-json\/wp\/v2\/media\/69552"}],"wp:attachment":[{"href":"https:\/\/majatohter.ee\/en\/wp-json\/wp\/v2\/media?parent=40828"}],"wp:term":[{"taxonomy":"product_brand","embeddable":true,"href":"https:\/\/majatohter.ee\/en\/wp-json\/wp\/v2\/product_brand?post=40828"},{"taxonomy":"product_cat","embeddable":true,"href":"https:\/\/majatohter.ee\/en\/wp-json\/wp\/v2\/product_cat?post=40828"},{"taxonomy":"product_tag","embeddable":true,"href":"https:\/\/majatohter.ee\/en\/wp-json\/wp\/v2\/product_tag?post=40828"}],"curies":[{"name":"wp","href":"https:\/\/api.w.org\/{rel}","templated":true}]}}