{"id":42970,"date":"2017-01-10T15:24:30","date_gmt":"2017-01-10T13:24:30","guid":{"rendered":"http:\/\/majatohter.ee\/?post_type=product&#038;p=42970"},"modified":"2025-07-05T00:55:44","modified_gmt":"2025-07-04T22:55:44","slug":"saunapeits-suitsusauna-must","status":"publish","type":"product","link":"https:\/\/majatohter.ee\/en\/tooted\/surface-treatment\/wood-stain\/saunapeits-suitsusauna-must\/","title":{"rendered":"Saunapeits &#8220;Suitsusauna must&#8221;"},"content":{"rendered":"<p>Saunapeits on lahustibaasiline peits. T\u00e4nu vaigu- ja lina\u00f5lisisaldusele peab antud peits ka karmides saunatingimustes h\u00e4sti vastu. L\u00f5ppviimistlus saunas teosta Amello Saunalava Immutusainega v\u00f5i Puidu\u00f5liga.<\/p>\n<p>Kulu h\u00f6\u00f6veldatud puitpinnale on 10 -12 m2\/l.<\/p>\n<p><strong>Kasutuskohad:<\/strong><\/p>\n<p>Saunalava, leiliruumi seinad ja laed<\/p>\n<p><strong>Kasutamisjuhend:<\/strong><\/p>\n<p>Ei lahjendata. Loksuta hoolikalt enne kasutamist. Saunapeitsi kantakse peale pintsli v\u00f5i puuvillase lapiga. Eemalda liigne peits 1 \u2013 2 minuti p\u00e4rast puhta puuvillase lapiga. Et saavutada tumedam ja vastupidavam pind, t\u00f6\u00f6tle puitpinda 2 korda. Vajadusel teosta \u00f5rn vahelihv enne teise peitsi kihi pealekandmist. Viimistle peitsitud saunalava 3 tunni p\u00e4rast Amello Saunalava Immutusainega ning sauna sainad ja laed Amello Puidu\u00f5liga.<\/p>\n<p><strong>Eelt\u00f6\u00f6tlus:<\/strong><\/p>\n<p>Puhasta vanad viimistletavad pinnad k\u00f5igepealt lakkidest ja muudest eemaldatavatest ainetest. Puhasta j\u00e4rele j\u00e4\u00e4nud pind lihvpaberiga ja eemalda lihvtolm.<\/p>\n<p><b>T\u00f6\u00f6vahendite pesu: <\/b>denatureeritud piiritus<\/p>\n<p><strong>Toon:<\/strong> suitsusauna must<\/p>\n","protected":false},"excerpt":{"rendered":"<p>500ml<\/p>\n","protected":false},"featured_media":42971,"template":"","meta":{"_et_pb_use_builder":"","_et_pb_old_content":"","_et_gb_content_width":""},"product_brand":[],"product_cat":[32,28],"product_tag":[177,775,1418],"class_list":{"0":"post-42970","1":"product","2":"type-product","3":"status-publish","4":"has-post-thumbnail","6":"product_cat-peitsid","7":"product_cat-pinnaviimistlus","8":"product_tag-amello","9":"product_tag-saunapeits","10":"product_tag-suitusauna-must","12":"first","13":"instock","14":"taxable","15":"shipping-taxable","16":"purchasable","17":"product-type-simple"},"_links":{"self":[{"href":"https:\/\/majatohter.ee\/en\/wp-json\/wp\/v2\/product\/42970","targetHints":{"allow":["GET"]}}],"collection":[{"href":"https:\/\/majatohter.ee\/en\/wp-json\/wp\/v2\/product"}],"about":[{"href":"https:\/\/majatohter.ee\/en\/wp-json\/wp\/v2\/types\/product"}],"wp:featuredmedia":[{"embeddable":true,"href":"https:\/\/majatohter.ee\/en\/wp-json\/wp\/v2\/media\/42971"}],"wp:attachment":[{"href":"https:\/\/majatohter.ee\/en\/wp-json\/wp\/v2\/media?parent=42970"}],"wp:term":[{"taxonomy":"product_brand","embeddable":true,"href":"https:\/\/majatohter.ee\/en\/wp-json\/wp\/v2\/product_brand?post=42970"},{"taxonomy":"product_cat","embeddable":true,"href":"https:\/\/majatohter.ee\/en\/wp-json\/wp\/v2\/product_cat?post=42970"},{"taxonomy":"product_tag","embeddable":true,"href":"https:\/\/majatohter.ee\/en\/wp-json\/wp\/v2\/product_tag?post=42970"}],"curies":[{"name":"wp","href":"https:\/\/api.w.org\/{rel}","templated":true}]}}