{"id":43363,"date":"2017-01-11T14:18:40","date_gmt":"2017-01-11T12:18:40","guid":{"rendered":"http:\/\/majatohter.ee\/?post_type=product&#038;p=43363"},"modified":"2026-02-28T01:42:05","modified_gmt":"2026-02-27T23:42:05","slug":"ardex-e-100-akruulaine-tugevuse-parandamiseks-sees-ja-valjas","status":"publish","type":"product","link":"https:\/\/majatohter.ee\/en\/tooted\/plasters\/cement-based-products\/ardex-e-100-akruulaine-tugevuse-parandamiseks-sees-ja-valjas\/","title":{"rendered":"Ardex E100, akr\u00fc\u00fclaine tugevuse parandamiseks sees ja v\u00e4ljas"},"content":{"rendered":"<p><a href=\"http:\/\/majatohter.ee\/wp-content\/uploads\/2017\/01\/ARDEX-E-100-EE.pdf\">ARDEX E100 tootejuhend<\/a><\/p>\n","protected":false},"excerpt":{"rendered":"<p>ARDEX E100 tootejuhend<\/p>\n","protected":false},"featured_media":43367,"template":"","meta":{"_et_pb_use_builder":"","_et_pb_old_content":"","_et_gb_content_width":""},"product_brand":[],"product_cat":[25,850],"product_tag":[187],"class_list":{"0":"post-43363","1":"product","2":"type-product","3":"status-publish","4":"has-post-thumbnail","6":"product_cat-krohvid","7":"product_cat-tsemendipohised-segud","8":"product_tag-ardex","10":"first","11":"onbackorder","12":"taxable","13":"shipping-taxable","14":"purchasable","15":"product-type-simple"},"_links":{"self":[{"href":"https:\/\/majatohter.ee\/en\/wp-json\/wp\/v2\/product\/43363","targetHints":{"allow":["GET"]}}],"collection":[{"href":"https:\/\/majatohter.ee\/en\/wp-json\/wp\/v2\/product"}],"about":[{"href":"https:\/\/majatohter.ee\/en\/wp-json\/wp\/v2\/types\/product"}],"wp:featuredmedia":[{"embeddable":true,"href":"https:\/\/majatohter.ee\/en\/wp-json\/wp\/v2\/media\/43367"}],"wp:attachment":[{"href":"https:\/\/majatohter.ee\/en\/wp-json\/wp\/v2\/media?parent=43363"}],"wp:term":[{"taxonomy":"product_brand","embeddable":true,"href":"https:\/\/majatohter.ee\/en\/wp-json\/wp\/v2\/product_brand?post=43363"},{"taxonomy":"product_cat","embeddable":true,"href":"https:\/\/majatohter.ee\/en\/wp-json\/wp\/v2\/product_cat?post=43363"},{"taxonomy":"product_tag","embeddable":true,"href":"https:\/\/majatohter.ee\/en\/wp-json\/wp\/v2\/product_tag?post=43363"}],"curies":[{"name":"wp","href":"https:\/\/api.w.org\/{rel}","templated":true}]}}