{"id":43380,"date":"2017-01-11T15:00:51","date_gmt":"2017-01-11T13:00:51","guid":{"rendered":"http:\/\/majatohter.ee\/?post_type=product&#038;p=43380"},"modified":"2025-10-31T21:44:52","modified_gmt":"2025-10-31T19:44:52","slug":"ardex-b14-betoonipahtel","status":"publish","type":"product","link":"https:\/\/majatohter.ee\/en\/tooted\/plasters\/cement-based-products\/ardex-b14-betoonipahtel\/","title":{"rendered":"Ardex B14, betoonipahtel"},"content":{"rendered":"<p><strong>Kasutusala: <\/strong>Vana ja uue betooni parandamine paksemate ja \u00f5hemate kihtidena, kandvates konstruktsioonides nagu: seina ja laepindade tasandamine, aukude t\u00e4itmine ja parandamine kui aluspinnaks on betoon, betoonelemendid, jms. Kergliiklusega treppide ja r\u00f5dude parandust\u00f6\u00f6del lisatakse segule ARDEX E 100 lisaainet. Liiva lisamisel korrigeerimiseks ja parandamiseks n\u00e4iteks betoonpindadel enne keraamilise plaadiga plaatimist. V\u00e4lis- ja sisetingimustes kuivadele ja niisketele aluspindadele.<\/p>\n<ul>\n<li><span>Paksusele 1\u20135 mm<\/span><\/li>\n<li><span>V\u00f5ib j\u00e4tkata liivaga<\/span><\/li>\n<li><span>Tsemendi baasil<\/span><\/li>\n<li><span>Lisand ARDEX E 100 parandab tasanduskihi nakkuvust ja survetugevust<\/span><\/li>\n<\/ul>\n<p><strong>Segamisvahekord:<\/strong> u. 6,25 l vett : 25 kg segupulbrit v\u00f5i u. 1 MO vett : 3,25 MO segupulbrit<br \/>\n(MO- mahuosa)<br \/>\n<strong>Segupulbri kaal:<\/strong> 1,2 kg\/l<br \/>\n<strong>Segu m\u00e4rgkaal:<\/strong> u. 1,9 kg\/l<br \/>\n<strong>K\u00f5venemise algus:<\/strong> u. 0,5 tundi (20\u00b0C)<br \/>\n<strong>Tardumisaeg:<\/strong> u. 1,5 tundi (20\u00b0C)<br \/>\n<strong>Segupulbri kulu:<\/strong> u. 1,4 kg\/m2\/mm<br \/>\n<strong>Survetugevus:<\/strong> DIN 1164, 7 \u00f6\u00f6p\u00e4eva p\u00e4rast 15,0 N\/mm2, 28 \u00f6\u00f6p\u00e4eva p\u00e4rast 20,0 N\/mm2<br \/>\n<strong>Paindet\u00f5mbetugevus:<\/strong> DIN 1164, 7 \u00f6\u00f6p\u00e4eva p\u00e4rast 4,0 N\/mm2, 28 \u00f6\u00f6p\u00e4eva p\u00e4rast 7,0 N\/mm2<br \/>\n<strong>Kuulisurvetugevus:<\/strong> Brinell, 10 mm paksusega kihil 1 \u00f6\u00f6p\u00e4eva p\u00e4rast 20,0 N\/mm2, 3 \u00f6\u00f6p\u00e4eva p\u00e4rast 35,0 N\/mm2, 7 \u00f6\u00f6p\u00e4eva p\u00e4rast 40,0 N\/mm2, 28 \u00f6\u00f6p\u00e4eva p\u00e4rast 45,0 N\/mm2<br \/>\n<strong>PH-arv:<\/strong> Sisaldab tsementi (leeliseline) tardununa 11-12<br \/>\n<strong>Korrosioon:<\/strong> Ei sisalda aineid, mis kiirendavad teraspindade korrodeerumist<br \/>\n<strong>Ladustamine:<\/strong> u. 12 kuud, kuivas ruumis, kinnises originaalpakendis<\/p>\n<p><a href=\"http:\/\/majatohter.ee\/wp-content\/uploads\/2017\/01\/ARDEX-B-14-Est.pdf\">ARDEX B14 Tootejuhend<\/a><\/p>\n","protected":false},"excerpt":{"rendered":"<p>Helehall &#8211; 20 kg<br \/>\nHall &#8211; 20 kg<\/p>\n","protected":false},"featured_media":43385,"template":"","meta":{"_et_pb_use_builder":"","_et_pb_old_content":"","_et_gb_content_width":""},"product_brand":[],"product_cat":[25,850],"product_tag":[187,783],"class_list":{"0":"post-43380","1":"product","2":"type-product","3":"status-publish","4":"has-post-thumbnail","6":"product_cat-krohvid","7":"product_cat-tsemendipohised-segud","8":"product_tag-ardex","9":"product_tag-betoonipahtel","11":"first","12":"instock","13":"taxable","14":"shipping-taxable","15":"purchasable","16":"product-type-variable"},"_links":{"self":[{"href":"https:\/\/majatohter.ee\/en\/wp-json\/wp\/v2\/product\/43380","targetHints":{"allow":["GET"]}}],"collection":[{"href":"https:\/\/majatohter.ee\/en\/wp-json\/wp\/v2\/product"}],"about":[{"href":"https:\/\/majatohter.ee\/en\/wp-json\/wp\/v2\/types\/product"}],"wp:featuredmedia":[{"embeddable":true,"href":"https:\/\/majatohter.ee\/en\/wp-json\/wp\/v2\/media\/43385"}],"wp:attachment":[{"href":"https:\/\/majatohter.ee\/en\/wp-json\/wp\/v2\/media?parent=43380"}],"wp:term":[{"taxonomy":"product_brand","embeddable":true,"href":"https:\/\/majatohter.ee\/en\/wp-json\/wp\/v2\/product_brand?post=43380"},{"taxonomy":"product_cat","embeddable":true,"href":"https:\/\/majatohter.ee\/en\/wp-json\/wp\/v2\/product_cat?post=43380"},{"taxonomy":"product_tag","embeddable":true,"href":"https:\/\/majatohter.ee\/en\/wp-json\/wp\/v2\/product_tag?post=43380"}],"curies":[{"name":"wp","href":"https:\/\/api.w.org\/{rel}","templated":true}]}}