{"id":45705,"date":"2017-01-27T13:09:35","date_gmt":"2017-01-27T11:09:35","guid":{"rendered":"http:\/\/majatohter.ee\/?post_type=product&#038;p=45705"},"modified":"2025-12-19T15:43:41","modified_gmt":"2025-12-19T13:43:41","slug":"boris-dubovik-vanalinn-minu-lemmik","status":"publish","type":"product","link":"https:\/\/majatohter.ee\/en\/tooted\/literature\/books\/boris-dubovik-vanalinn-minu-lemmik\/","title":{"rendered":"Boris Dubovik: &#8220;Vanalinn, minu lemmik!&#8221;"},"content":{"rendered":"<table class=\"type01\">\n<tbody>\n<tr>\n<th>ILMUMISAASTA<\/th>\n<td>2017<\/td>\n<\/tr>\n<tr>\n<th>KEEL<\/th>\n<td>eestikeelne<\/td>\n<\/tr>\n<tr>\n<th>LEHEK\u00dcLGI<\/th>\n<td>192 lk<\/td>\n<\/tr>\n<tr>\n<th>M\u00d5\u00d5T<\/th>\n<td>240x166x13 (mm)<\/td>\n<\/tr>\n<\/tbody>\n<\/table>\n","protected":false},"excerpt":{"rendered":"<p>ILMUMISAASTA 2017 KEEL eestikeelne LEHEK\u00dcLGI 192 lk M\u00d5\u00d5T 240x166x13 (mm)<\/p>\n","protected":false},"featured_media":61475,"template":"","meta":{"_et_pb_use_builder":"","_et_pb_old_content":"","_et_gb_content_width":""},"product_brand":[],"product_cat":[142,143],"product_tag":[935,934],"class_list":{"0":"post-45705","1":"product","2":"type-product","3":"status-publish","4":"has-post-thumbnail","6":"product_cat-kirjandus","7":"product_cat-raamatud","8":"product_tag-tallinn","9":"product_tag-vanalinn","11":"first","12":"instock","13":"taxable","14":"shipping-taxable","15":"purchasable","16":"product-type-simple"},"_links":{"self":[{"href":"https:\/\/majatohter.ee\/en\/wp-json\/wp\/v2\/product\/45705","targetHints":{"allow":["GET"]}}],"collection":[{"href":"https:\/\/majatohter.ee\/en\/wp-json\/wp\/v2\/product"}],"about":[{"href":"https:\/\/majatohter.ee\/en\/wp-json\/wp\/v2\/types\/product"}],"wp:featuredmedia":[{"embeddable":true,"href":"https:\/\/majatohter.ee\/en\/wp-json\/wp\/v2\/media\/61475"}],"wp:attachment":[{"href":"https:\/\/majatohter.ee\/en\/wp-json\/wp\/v2\/media?parent=45705"}],"wp:term":[{"taxonomy":"product_brand","embeddable":true,"href":"https:\/\/majatohter.ee\/en\/wp-json\/wp\/v2\/product_brand?post=45705"},{"taxonomy":"product_cat","embeddable":true,"href":"https:\/\/majatohter.ee\/en\/wp-json\/wp\/v2\/product_cat?post=45705"},{"taxonomy":"product_tag","embeddable":true,"href":"https:\/\/majatohter.ee\/en\/wp-json\/wp\/v2\/product_tag?post=45705"}],"curies":[{"name":"wp","href":"https:\/\/api.w.org\/{rel}","templated":true}]}}