{"id":460,"date":"2016-07-11T22:44:38","date_gmt":"2016-07-11T20:44:38","guid":{"rendered":"http:\/\/uus.majatohter.ee\/tooted\/plasters\/ardex-a46-parandusmass-sees-ja-valjas\/"},"modified":"2026-04-24T00:42:18","modified_gmt":"2026-04-23T22:42:18","slug":"ardex-a46-parandusmass-sees-ja-valjas","status":"publish","type":"product","link":"https:\/\/majatohter.ee\/en\/tooted\/plasters\/limestone-fixing\/ardex-a46-parandusmass-sees-ja-valjas\/","title":{"rendered":"Ardex A46, parandusmass sees ja v\u00e4ljas"},"content":{"rendered":"<p>Tsemendip\u00f5hine.\u00a02 &#8211; 30 mm paksustele kihtidele.<br \/>\nSoome Betoon\u00fchingu poolt kinnitatud tootedeklaratsioon.<\/p>\n<p>Kasutusala:<br \/>\nAukude ja kahjustatud kohtade ning ebatasasuste t\u00e4itmiseks seinal ja p\u00f5randal.<br \/>\nTreppide ja p\u00f5randapindade sirgestamine.\u00a0Kallete ehitus.\u00a0Betooni- m\u00fc\u00fcri- ja tugevatele krohvipindadele.<br \/>\nKui pinnakatteks tuleb keraamiline plaat, v\u00e4rv v\u00f5i m\u00f5ni muu kattematerjal.<\/p>\n<p><a href=\"http:\/\/majatohter.ee\/wp-content\/uploads\/2016\/07\/ARDEX-A-46-Est-1.pdf\">ARDEX A46 Tootejuhend<\/a><\/p>\n<p><a href=\"http:\/\/majatohter.ee\/wp-content\/uploads\/2016\/07\/Ardex_46_soovitusi-1.pdf\">Ardex A46 soovitusi<\/a><\/p>\n<p>&nbsp;<\/p>\n<p>&nbsp;<\/p>\n","protected":false},"excerpt":{"rendered":"<p>Tsemendip\u00f5hine.\u00a02 &#8211; 30 mm paksustele kihtidele. Soome Betoon\u00fchingu poolt kinnitatud tootedeklaratsioon. Kasutusala: Aukude ja kahjustatud kohtade ning ebatasasuste t\u00e4itmiseks seinal ja p\u00f5randal. Treppide ja p\u00f5randapindade sirgestamine.\u00a0Kallete ehitus.\u00a0Betooni- m\u00fc\u00fcri- ja tugevatele krohvipindadele. Kui pinnakatteks tuleb keraamiline plaat, v\u00e4rv v\u00f5i m\u00f5ni muu kattematerjal. ARDEX A46 Tootejuhend Ardex A46 soovitusi &nbsp; &nbsp;<\/p>\n","protected":false},"featured_media":461,"template":"","meta":{"_et_pb_use_builder":"","_et_pb_old_content":"","_et_gb_content_width":""},"product_brand":[],"product_cat":[25,106,850],"product_tag":[187],"class_list":{"0":"post-460","1":"product","2":"type-product","3":"status-publish","4":"has-post-thumbnail","6":"product_cat-krohvid","7":"product_cat-paekivi-paikamissegud","8":"product_cat-tsemendipohised-segud","9":"product_tag-ardex","11":"first","12":"onbackorder","13":"taxable","14":"shipping-taxable","15":"purchasable","16":"product-type-simple"},"_links":{"self":[{"href":"https:\/\/majatohter.ee\/en\/wp-json\/wp\/v2\/product\/460","targetHints":{"allow":["GET"]}}],"collection":[{"href":"https:\/\/majatohter.ee\/en\/wp-json\/wp\/v2\/product"}],"about":[{"href":"https:\/\/majatohter.ee\/en\/wp-json\/wp\/v2\/types\/product"}],"wp:featuredmedia":[{"embeddable":true,"href":"https:\/\/majatohter.ee\/en\/wp-json\/wp\/v2\/media\/461"}],"wp:attachment":[{"href":"https:\/\/majatohter.ee\/en\/wp-json\/wp\/v2\/media?parent=460"}],"wp:term":[{"taxonomy":"product_brand","embeddable":true,"href":"https:\/\/majatohter.ee\/en\/wp-json\/wp\/v2\/product_brand?post=460"},{"taxonomy":"product_cat","embeddable":true,"href":"https:\/\/majatohter.ee\/en\/wp-json\/wp\/v2\/product_cat?post=460"},{"taxonomy":"product_tag","embeddable":true,"href":"https:\/\/majatohter.ee\/en\/wp-json\/wp\/v2\/product_tag?post=460"}],"curies":[{"name":"wp","href":"https:\/\/api.w.org\/{rel}","templated":true}]}}