{"id":46950,"date":"2017-02-13T16:09:01","date_gmt":"2017-02-13T14:09:01","guid":{"rendered":"http:\/\/majatohter.ee\/?post_type=product&#038;p=46950"},"modified":"2026-04-17T22:42:23","modified_gmt":"2026-04-17T20:42:23","slug":"jutevilt","status":"publish","type":"product","link":"https:\/\/majatohter.ee\/en\/tooted\/furniture-restoration\/fabrics-materials\/jutevilt\/","title":{"rendered":"Jutevilt"},"content":{"rendered":"<p>Jutevilt on 100% taaskasutatud materjalist mittekootud n\u00f5elutud d\u017euutvilt. Tootmisprotsessis materjali kiud kraasitakse ja laotakse seej\u00e4rel kihtidena. N\u00f5elutud t\u00e4itematerjal on vastupidav ja tugev ning sellel on niiskust h\u00fclgavad ja soojust isoleerivad omadused. Jutevilt on ideaalne kasutamiseks m\u00f6\u00f6blitootmises, isolatsioonimaterjalina aga ka paljudes muudes materjalide k\u00f5rget vastupidavust vajavates keskkondades.<\/p>\n<p>Jutevilt, 600 g\/m2<br \/>\nLaius 1m, terves rullis on 25m<\/p>\n","protected":false},"excerpt":{"rendered":"<p>Jutevilt on 100% taaskasutatud materjalist mittekootud n\u00f5elutud d\u017euutvilt. Tootmisprotsessis materjali kiud kraasitakse ja laotakse seej\u00e4rel kihtidena. N\u00f5elutud t\u00e4itematerjal on vastupidav ja tugev ning sellel on niiskust h\u00fclgavad ja soojust isoleerivad omadused. Jutevilt on ideaalne kasutamiseks m\u00f6\u00f6blitootmises, isolatsioonimaterjalina aga ka paljudes muudes materjalide k\u00f5rget vastupidavust vajavates keskkondades. Jutevilt, 600 g\/m2 Laius 1m, terves rullis on 25m<\/p>\n","protected":false},"featured_media":167631,"template":"","meta":{"_et_pb_use_builder":"","_et_pb_old_content":"","_et_gb_content_width":""},"product_brand":[],"product_cat":[114,113,85],"product_tag":[2331,2330,827],"class_list":{"0":"post-46950","1":"product","2":"type-product","3":"status-publish","4":"has-post-thumbnail","6":"product_cat-kangad","7":"product_cat-mooblirestauraatorile","8":"product_cat-takk","9":"product_tag-dzuudivilt","10":"product_tag-jutevilt","11":"product_tag-vilt","13":"first","14":"onbackorder","15":"taxable","16":"shipping-taxable","17":"purchasable","18":"product-type-simple"},"_links":{"self":[{"href":"https:\/\/majatohter.ee\/en\/wp-json\/wp\/v2\/product\/46950","targetHints":{"allow":["GET"]}}],"collection":[{"href":"https:\/\/majatohter.ee\/en\/wp-json\/wp\/v2\/product"}],"about":[{"href":"https:\/\/majatohter.ee\/en\/wp-json\/wp\/v2\/types\/product"}],"wp:featuredmedia":[{"embeddable":true,"href":"https:\/\/majatohter.ee\/en\/wp-json\/wp\/v2\/media\/167631"}],"wp:attachment":[{"href":"https:\/\/majatohter.ee\/en\/wp-json\/wp\/v2\/media?parent=46950"}],"wp:term":[{"taxonomy":"product_brand","embeddable":true,"href":"https:\/\/majatohter.ee\/en\/wp-json\/wp\/v2\/product_brand?post=46950"},{"taxonomy":"product_cat","embeddable":true,"href":"https:\/\/majatohter.ee\/en\/wp-json\/wp\/v2\/product_cat?post=46950"},{"taxonomy":"product_tag","embeddable":true,"href":"https:\/\/majatohter.ee\/en\/wp-json\/wp\/v2\/product_tag?post=46950"}],"curies":[{"name":"wp","href":"https:\/\/api.w.org\/{rel}","templated":true}]}}