{"id":47166,"date":"2017-02-17T14:37:08","date_gmt":"2017-02-17T12:37:08","guid":{"rendered":"http:\/\/majatohter.ee\/tooted\/mooblirestauraatorile\/peitel-lohega\/"},"modified":"2025-07-05T01:51:51","modified_gmt":"2025-07-04T23:51:51","slug":"peitel-lohega","status":"publish","type":"product","link":"https:\/\/majatohter.ee\/en\/tooted\/tools\/edge-tools\/peitel-lohega\/","title":{"rendered":"Peitel, l\u00f5hega"},"content":{"rendered":"<p>Tugevdatud puitk\u00e4epidemega peitel, tera otsas l\u00f5he.<br \/>\nTera pikkus 125mm, k\u00e4epide 245mm<\/p>\n","protected":false},"excerpt":{"rendered":"<p>Tugevdatud puitk\u00e4epidemega peitel, tera otsas l\u00f5he. Tera pikkus 125mm, k\u00e4epide 245mm<\/p>\n","protected":false},"featured_media":68266,"template":"","meta":{"_et_pb_use_builder":"","_et_pb_old_content":"","_et_gb_content_width":""},"product_brand":[],"product_cat":[113,1360,116],"product_tag":[741],"class_list":{"0":"post-47166","1":"product","2":"type-product","3":"status-publish","4":"has-post-thumbnail","6":"product_cat-mooblirestauraatorile","7":"product_cat-terariistad","8":"product_cat-tarvikud","9":"product_tag-peitel","11":"first","12":"instock","13":"taxable","14":"shipping-taxable","15":"purchasable","16":"product-type-simple"},"_links":{"self":[{"href":"https:\/\/majatohter.ee\/en\/wp-json\/wp\/v2\/product\/47166","targetHints":{"allow":["GET"]}}],"collection":[{"href":"https:\/\/majatohter.ee\/en\/wp-json\/wp\/v2\/product"}],"about":[{"href":"https:\/\/majatohter.ee\/en\/wp-json\/wp\/v2\/types\/product"}],"wp:featuredmedia":[{"embeddable":true,"href":"https:\/\/majatohter.ee\/en\/wp-json\/wp\/v2\/media\/68266"}],"wp:attachment":[{"href":"https:\/\/majatohter.ee\/en\/wp-json\/wp\/v2\/media?parent=47166"}],"wp:term":[{"taxonomy":"product_brand","embeddable":true,"href":"https:\/\/majatohter.ee\/en\/wp-json\/wp\/v2\/product_brand?post=47166"},{"taxonomy":"product_cat","embeddable":true,"href":"https:\/\/majatohter.ee\/en\/wp-json\/wp\/v2\/product_cat?post=47166"},{"taxonomy":"product_tag","embeddable":true,"href":"https:\/\/majatohter.ee\/en\/wp-json\/wp\/v2\/product_tag?post=47166"}],"curies":[{"name":"wp","href":"https:\/\/api.w.org\/{rel}","templated":true}]}}