{"id":47977,"date":"2017-03-20T14:38:48","date_gmt":"2017-03-20T12:38:48","guid":{"rendered":"http:\/\/majatohter.ee\/?post_type=product&#038;p=47977"},"modified":"2025-07-04T21:55:20","modified_gmt":"2025-07-04T19:55:20","slug":"fermacell-tasanduspuiste","status":"publish","type":"product","link":"https:\/\/majatohter.ee\/en\/tooted\/general-construction\/fermacell-en-2\/fermacell-tasanduspuiste\/","title":{"rendered":"Fermacell tasanduspuiste"},"content":{"rendered":"<p>Fermacell mineraalne tasanduspuiste.<br \/>\nTera l\u00e4bim\u00f5\u00f5t 0-4 mm.<br \/>\nKott 50L = 18,5 Kg<br \/>\nKulu: ca 10L\/m<sup>2 \u00a0<\/sup>(10mm puiste k\u00f5rgusega)<\/p>\n","protected":false},"excerpt":{"rendered":"<p>50L kott<\/p>\n","protected":false},"featured_media":47978,"template":"","meta":{"_et_pb_use_builder":"","_et_pb_old_content":"","_et_gb_content_width":""},"product_brand":[],"product_cat":[68,67],"product_tag":[193,876,2502],"class_list":{"0":"post-47977","1":"product","2":"type-product","3":"status-publish","4":"has-post-thumbnail","6":"product_cat-fermacell","7":"product_cat-ehitus","8":"product_tag-fermacell","9":"product_tag-tasandus","10":"product_tag-tasanduspuiste","12":"first","13":"onbackorder","14":"taxable","15":"shipping-taxable","16":"purchasable","17":"product-type-simple"},"_links":{"self":[{"href":"https:\/\/majatohter.ee\/en\/wp-json\/wp\/v2\/product\/47977","targetHints":{"allow":["GET"]}}],"collection":[{"href":"https:\/\/majatohter.ee\/en\/wp-json\/wp\/v2\/product"}],"about":[{"href":"https:\/\/majatohter.ee\/en\/wp-json\/wp\/v2\/types\/product"}],"wp:featuredmedia":[{"embeddable":true,"href":"https:\/\/majatohter.ee\/en\/wp-json\/wp\/v2\/media\/47978"}],"wp:attachment":[{"href":"https:\/\/majatohter.ee\/en\/wp-json\/wp\/v2\/media?parent=47977"}],"wp:term":[{"taxonomy":"product_brand","embeddable":true,"href":"https:\/\/majatohter.ee\/en\/wp-json\/wp\/v2\/product_brand?post=47977"},{"taxonomy":"product_cat","embeddable":true,"href":"https:\/\/majatohter.ee\/en\/wp-json\/wp\/v2\/product_cat?post=47977"},{"taxonomy":"product_tag","embeddable":true,"href":"https:\/\/majatohter.ee\/en\/wp-json\/wp\/v2\/product_tag?post=47977"}],"curies":[{"name":"wp","href":"https:\/\/api.w.org\/{rel}","templated":true}]}}