{"id":49064,"date":"2017-04-24T11:24:17","date_gmt":"2017-04-24T09:24:17","guid":{"rendered":"http:\/\/majatohter.ee\/?post_type=product&#038;p=49064"},"modified":"2025-07-05T03:03:57","modified_gmt":"2025-07-05T01:03:57","slug":"spingalett","status":"publish","type":"product","link":"https:\/\/majatohter.ee\/en\/tooted\/furniture\/sulgurid-en\/spingalett\/","title":{"rendered":"Spingalett"},"content":{"rendered":"<p>Spingaletid on \u00a0paarisukse servariivid. Sobivad nii uutele kui ajaloolistele ustele.<br \/>\nK\u00f5rgetel ustel on mugav kasutada pikka riivi \u00fclal.<\/p>\n<p>Valmistatud k\u00e4sit\u00f6\u00f6na Eestis.<\/p>\n<p>Laius: 25mm (eritellimusel v\u00f5imalik ka 30mm)<\/p>\n","protected":false},"excerpt":{"rendered":"<p>Saadaval ainult ettetellimisel.<br \/>\nHind kehtib \u00fche spingaleti kohta.<\/p>\n","protected":false},"featured_media":67942,"template":"","meta":{"_et_pb_use_builder":"","_et_pb_old_content":"","_et_gb_content_width":""},"product_brand":[],"product_cat":[132,136],"product_tag":[1001,1002,1000],"class_list":{"0":"post-49064","1":"product","2":"type-product","3":"status-publish","4":"has-post-thumbnail","6":"product_cat-furnituur","7":"product_cat-sulgurid","8":"product_tag-riiv","9":"product_tag-servariiv","10":"product_tag-spingalett","12":"first","13":"onbackorder","14":"taxable","15":"shipping-taxable","16":"purchasable","17":"product-type-variable"},"_links":{"self":[{"href":"https:\/\/majatohter.ee\/en\/wp-json\/wp\/v2\/product\/49064","targetHints":{"allow":["GET"]}}],"collection":[{"href":"https:\/\/majatohter.ee\/en\/wp-json\/wp\/v2\/product"}],"about":[{"href":"https:\/\/majatohter.ee\/en\/wp-json\/wp\/v2\/types\/product"}],"wp:featuredmedia":[{"embeddable":true,"href":"https:\/\/majatohter.ee\/en\/wp-json\/wp\/v2\/media\/67942"}],"wp:attachment":[{"href":"https:\/\/majatohter.ee\/en\/wp-json\/wp\/v2\/media?parent=49064"}],"wp:term":[{"taxonomy":"product_brand","embeddable":true,"href":"https:\/\/majatohter.ee\/en\/wp-json\/wp\/v2\/product_brand?post=49064"},{"taxonomy":"product_cat","embeddable":true,"href":"https:\/\/majatohter.ee\/en\/wp-json\/wp\/v2\/product_cat?post=49064"},{"taxonomy":"product_tag","embeddable":true,"href":"https:\/\/majatohter.ee\/en\/wp-json\/wp\/v2\/product_tag?post=49064"}],"curies":[{"name":"wp","href":"https:\/\/api.w.org\/{rel}","templated":true}]}}