{"id":49074,"date":"2017-04-24T13:36:11","date_gmt":"2017-04-24T11:36:11","guid":{"rendered":"http:\/\/majatohter.ee\/?post_type=product&#038;p=49074"},"modified":"2025-07-05T03:03:49","modified_gmt":"2025-07-05T01:03:49","slug":"uula-grafiitvarv","status":"publish","type":"product","link":"https:\/\/majatohter.ee\/en\/tooted\/paints\/special-paints\/uula-grafiitvarv\/","title":{"rendered":"Uula grafiitv\u00e4rv"},"content":{"rendered":"<p>UULA grafiitv\u00e4rv on traditsiooniline v\u00e4rnitsast ja grafiitpulbrist valmistatud plekk-katuste v\u00e4rv.<\/p>\n<p><b>V\u00e4rvitoon:<\/b> grafiithall, poolmatt<br \/>\n<b>Kasutuskohad:<\/b> varem v\u00e4rvitud v\u00f5i v\u00e4rvimata plekk-katused ja r\u00e4\u00e4starennid.<br \/>\n<b>Kulu:<\/b> 6-8 m<sup>2<\/sup>\/L<br \/>\n<b>Lahjendamine:<\/b> kasutada UULA v\u00e4vilahjendit 1166.<br \/>\n<b>T\u00f6\u00f6vahendid:<\/b> harjaspintsel<br \/>\n<b>K\u00e4sitlustingimused:<\/b> v\u00e4rvitav pind peab olema kuiv, suhteline \u00f5huniiskus alla 80%, v\u00e4listemperatuur v\u00e4hemalt +10 kraadi.<br \/>\n<b>Kuivamisaeg:<\/b> puutekuiv umbes 24 tunni m\u00f6\u00f6dudes s\u00f5ltuvalt ilmastikutingimustest. Uue v\u00e4rvikihi v\u00f5ib peale panna umbes 5 p\u00e4eva p\u00e4rast.<br \/>\n<b>Tuleohutus:<\/b> ei ole s\u00fcttiv. V\u00e4rvised kaltsud, r\u00e4tid jne h\u00e4vitada p\u00f5letades v\u00f5i kasta enne pr\u00fcgikasti heitmist vette v\u00e4ltimaks lina\u00f5li ises\u00fcttimisohtu.<br \/>\n<b>T\u00f6\u00f6vahendite puhastamine:<\/b> UULA universaallahustiga v\u00f5i pesta lina\u00f5liseebi ja kuuma veega.<br \/>\n<b>Pakendi maht:<\/b> 1L, 3L, 10L<br \/>\n<b>S\u00e4ilitamine:<\/b> hoida kuivas ja jahedas kohas. Ei k\u00fclmu. Hoida lastele k\u00e4ttesaamatus kohas. Enne uuesti kasutamist hoolega segada.<\/p>\n<p><span style=\"font-size: medium;\"><u><b>V\u00e4rvimine<\/b><\/u><\/span><br \/>\n<i>V\u00e4rvimata plekk-katuse pinnad<br \/>\n<\/i><b>Krunt:<\/b> katta pinnad roostevastase ainega katusematerjali tootja soovituste kohaselt.<br \/>\n<b>Esimene kiht:<\/b> katta pinnad 20-30% ulatuses lahjendatud UULA grafiitv\u00e4rviga. Lahjendamiseks kasutada UULA v\u00e4rvilahjendit 1166. Lasta kuivada umbes 5 p\u00e4eva enne uut v\u00e4rvimist.<br \/>\n<b>Viimane kiht:<\/b> lahjendamata UULA grafiitv\u00e4rv.<\/p>\n<p><i>Hooldusv\u00e4rvimine<\/i><br \/>\n<b>Ettevalmistust\u00f6\u00f6d:<\/b> eemalta kooruv v\u00f5i lahtine v\u00e4rv kaabitsa v\u00f5i terasharjaga, pese pindu KIIRUNA v\u00e4rvipesuainega, lase kuivada.<br \/>\n<b>Krunt:<\/b> roostevastane aine vastavalt katusetootja soovitustele.<br \/>\n<b>Esimene ja viimane v\u00e4rvikiht:<\/b> v\u00e4rvida nii nagu uut katust.<\/p>\n<p>NB! Kuigi UULA v\u00e4rvid kuivavad tavalisest kauem, talub UULA grafiitv\u00e4rv kohe p\u00e4rast pealekandmist vihma.<\/p>\n","protected":false},"excerpt":{"rendered":"<p>Toode on saadaval tellimise peale.<\/p>\n","protected":false},"featured_media":52759,"template":"","meta":{"_et_pb_use_builder":"","_et_pb_old_content":"","_et_gb_content_width":""},"product_brand":[],"product_cat":[1004],"product_tag":[1005,1006],"class_list":{"0":"post-49074","1":"product","2":"type-product","3":"status-publish","4":"has-post-thumbnail","6":"product_cat-erivarvid","7":"product_tag-grafiitvarv","8":"product_tag-katusevarv","10":"first","11":"onbackorder","12":"taxable","13":"shipping-taxable","14":"purchasable","15":"product-type-variable","16":"has-default-attributes"},"_links":{"self":[{"href":"https:\/\/majatohter.ee\/en\/wp-json\/wp\/v2\/product\/49074","targetHints":{"allow":["GET"]}}],"collection":[{"href":"https:\/\/majatohter.ee\/en\/wp-json\/wp\/v2\/product"}],"about":[{"href":"https:\/\/majatohter.ee\/en\/wp-json\/wp\/v2\/types\/product"}],"wp:featuredmedia":[{"embeddable":true,"href":"https:\/\/majatohter.ee\/en\/wp-json\/wp\/v2\/media\/52759"}],"wp:attachment":[{"href":"https:\/\/majatohter.ee\/en\/wp-json\/wp\/v2\/media?parent=49074"}],"wp:term":[{"taxonomy":"product_brand","embeddable":true,"href":"https:\/\/majatohter.ee\/en\/wp-json\/wp\/v2\/product_brand?post=49074"},{"taxonomy":"product_cat","embeddable":true,"href":"https:\/\/majatohter.ee\/en\/wp-json\/wp\/v2\/product_cat?post=49074"},{"taxonomy":"product_tag","embeddable":true,"href":"https:\/\/majatohter.ee\/en\/wp-json\/wp\/v2\/product_tag?post=49074"}],"curies":[{"name":"wp","href":"https:\/\/api.w.org\/{rel}","templated":true}]}}