{"id":49110,"date":"2017-04-25T16:10:26","date_gmt":"2017-04-25T14:10:26","guid":{"rendered":"https:\/\/majatohter.ee\/?post_type=product&#038;p=49110"},"modified":"2024-03-27T10:56:09","modified_gmt":"2024-03-27T08:56:09","slug":"steico-universal","status":"publish","type":"product","link":"https:\/\/majatohter.ee\/en\/tooted\/general-construction\/wood-fibre-boards\/steico-universal\/","title":{"rendered":"Steico Universal"},"content":{"rendered":"<p>Seinte ja katuste soojust isoleeriv puitkiud tuulet\u00f5kkeplaat.<br \/>\nVastab nurmidele EN 13171 ja EN 13986.<br \/>\nTalvel kaitseb k\u00fclma eest ja suvel liigse palavuse eest.<\/p>\n<p>Plaadi paksused: 22, 24, 35, 52 mm.<\/p>\n<ul>\n<li>Suure survetugevusega, kindla aluspinna korral k\u00e4idav<\/li>\n<li>Suurep\u00e4rased soojusisolatsiooni omadused nii talvel kui suvel<\/li>\n<li>V\u00e4hendab k\u00fclmasildu<\/li>\n<li>V\u00e4ga difuusne(\u201ehingav\u201c), sobib soojustatud katustele<\/li>\n<li>Spetsiaalne soon\u00fchendus on vihmakindel katusekalletel \u2265 18\u2070<\/li>\n<li>Katuse alusplaadi t\u00fc\u00fcp: UDP-A (Saksamaa t\u00e4his)<\/li>\n<li>Ajutise katusekattena vihmakindel kuni neli n\u00e4dalat<\/li>\n<li>T\u00f5hus kaitse tuule, tolmu, niiskuse ja m\u00fcra eest<\/li>\n<li>V\u00e4ga hea v\u00f5ime siduda ja loovutada niiskust, sisekliimat reguleeriv<\/li>\n<li>H\u00fcdrofobiseeritud plaadina ei vaja l\u00f5igatud servad t\u00f6\u00f6tlemist<\/li>\n<li>\u00d6koloogiline, keskkonnas\u00f5bralik ja k\u00e4ideldav<\/li>\n<\/ul>\n<p><a href=\"https:\/\/majatohter.ee\/wp-content\/uploads\/STEICO-universal-katuse-ja-seinte-tuulet\u00f5kkeplaat.pdf\">TOOTELEHT STEICO UNIVERSAL<\/a><\/p>\n<p><iframe loading=\"lazy\" title=\"Katusele tuulet\u00f5kkeplaadi STEICO universal paigaldamine\" width=\"1080\" height=\"608\" src=\"https:\/\/www.youtube.com\/embed\/9ccV0HyRP_Y?feature=oembed\"  allow=\"accelerometer; autoplay; clipboard-write; encrypted-media; gyroscope; picture-in-picture; web-share\" referrerpolicy=\"strict-origin-when-cross-origin\" allowfullscreen><\/iframe><\/p>\n<p>&nbsp;<\/p>\n","protected":false},"excerpt":{"rendered":"<p>Toode on saadaval ette tellides.<br \/>\nT\u00e4psema info saamiseks v\u00f5ta \u00fchendust info@majatohter.ee<\/p>\n<p>Plaadi paksused: 22 mm, 24 mm, 35 mm<\/p>\n","protected":false},"featured_media":49111,"template":"","meta":{"_et_pb_use_builder":"","_et_pb_old_content":"","_et_gb_content_width":""},"product_brand":[],"product_cat":[69],"product_tag":[1025,203,455,1142],"class_list":{"0":"post-49110","1":"product","2":"type-product","3":"status-publish","4":"has-post-thumbnail","6":"product_cat-puitkiudplaadid","7":"product_tag-puidkiudplaat","8":"product_tag-steico","9":"product_tag-tuuletoke","10":"product_tag-tuuletokkeplaat","12":"first","13":"instock","14":"taxable","15":"shipping-taxable","16":"product-type-variable","17":"has-default-attributes"},"_links":{"self":[{"href":"https:\/\/majatohter.ee\/en\/wp-json\/wp\/v2\/product\/49110","targetHints":{"allow":["GET"]}}],"collection":[{"href":"https:\/\/majatohter.ee\/en\/wp-json\/wp\/v2\/product"}],"about":[{"href":"https:\/\/majatohter.ee\/en\/wp-json\/wp\/v2\/types\/product"}],"wp:featuredmedia":[{"embeddable":true,"href":"https:\/\/majatohter.ee\/en\/wp-json\/wp\/v2\/media\/49111"}],"wp:attachment":[{"href":"https:\/\/majatohter.ee\/en\/wp-json\/wp\/v2\/media?parent=49110"}],"wp:term":[{"taxonomy":"product_brand","embeddable":true,"href":"https:\/\/majatohter.ee\/en\/wp-json\/wp\/v2\/product_brand?post=49110"},{"taxonomy":"product_cat","embeddable":true,"href":"https:\/\/majatohter.ee\/en\/wp-json\/wp\/v2\/product_cat?post=49110"},{"taxonomy":"product_tag","embeddable":true,"href":"https:\/\/majatohter.ee\/en\/wp-json\/wp\/v2\/product_tag?post=49110"}],"curies":[{"name":"wp","href":"https:\/\/api.w.org\/{rel}","templated":true}]}}