{"id":49264,"date":"2017-05-04T09:41:20","date_gmt":"2017-05-04T07:41:20","guid":{"rendered":"https:\/\/majatohter.ee\/?post_type=product&#038;p=49264"},"modified":"2026-02-27T07:29:50","modified_gmt":"2026-02-27T05:29:50","slug":"sadulavoo-nael-20x22","status":"publish","type":"product","link":"https:\/\/majatohter.ee\/en\/tooted\/furniture-restoration\/decorative-pins\/sadulavoo-nael-20x22\/","title":{"rendered":"Sadulav\u00f6\u00f6 nael 2,2&#215;20"},"content":{"rendered":"<p><span class=\"hps\">Naela pea l\u00e4bim\u00f5\u00f5t\u00a0<\/span><span class=\"hps\">7-8<\/span> <span class=\"hps\">mm, naela\u00a0l\u00e4bim\u00f5\u00f5t <\/span><span class=\"hps\">2,2\u00a0<\/span><span class=\"hps\">mm.<br \/>\nPikkus 20 mm.<\/span><br \/>\nPakis 100tk<\/p>\n","protected":false},"excerpt":{"rendered":"<p>100tk<\/p>\n","protected":false},"featured_media":49265,"template":"","meta":{"_et_pb_use_builder":"","_et_pb_old_content":"","_et_gb_content_width":""},"product_brand":[],"product_cat":[113,117],"product_tag":[939,1039,1040],"class_list":{"0":"post-49264","1":"product","2":"type-product","3":"status-publish","4":"has-post-thumbnail","6":"product_cat-mooblirestauraatorile","7":"product_cat-naelad","8":"product_tag-moobli-restaureerimine","9":"product_tag-nael","10":"product_tag-polsterdus","12":"first","13":"onbackorder","14":"taxable","15":"shipping-taxable","16":"purchasable","17":"product-type-simple"},"_links":{"self":[{"href":"https:\/\/majatohter.ee\/en\/wp-json\/wp\/v2\/product\/49264","targetHints":{"allow":["GET"]}}],"collection":[{"href":"https:\/\/majatohter.ee\/en\/wp-json\/wp\/v2\/product"}],"about":[{"href":"https:\/\/majatohter.ee\/en\/wp-json\/wp\/v2\/types\/product"}],"wp:featuredmedia":[{"embeddable":true,"href":"https:\/\/majatohter.ee\/en\/wp-json\/wp\/v2\/media\/49265"}],"wp:attachment":[{"href":"https:\/\/majatohter.ee\/en\/wp-json\/wp\/v2\/media?parent=49264"}],"wp:term":[{"taxonomy":"product_brand","embeddable":true,"href":"https:\/\/majatohter.ee\/en\/wp-json\/wp\/v2\/product_brand?post=49264"},{"taxonomy":"product_cat","embeddable":true,"href":"https:\/\/majatohter.ee\/en\/wp-json\/wp\/v2\/product_cat?post=49264"},{"taxonomy":"product_tag","embeddable":true,"href":"https:\/\/majatohter.ee\/en\/wp-json\/wp\/v2\/product_tag?post=49264"}],"curies":[{"name":"wp","href":"https:\/\/api.w.org\/{rel}","templated":true}]}}