{"id":49266,"date":"2017-05-04T09:46:43","date_gmt":"2017-05-04T07:46:43","guid":{"rendered":"https:\/\/majatohter.ee\/?post_type=product&#038;p=49266"},"modified":"2026-03-30T18:42:19","modified_gmt":"2026-03-30T16:42:19","slug":"sadulavoo-nael-25x25","status":"publish","type":"product","link":"https:\/\/majatohter.ee\/en\/tooted\/furniture-restoration\/decorative-pins\/sadulavoo-nael-25x25\/","title":{"rendered":"Sadulav\u00f6\u00f6 nael 2,5&#215;25"},"content":{"rendered":"<p><span class=\"hps\">Naela pea l\u00e4bim\u00f5\u00f5t\u00a07-8 mm, naela\u00a0l\u00e4bim\u00f5\u00f5t 2,5 mm.<br \/>\nPikkus 25 mm.<\/span><br \/>\nPakis 100tk<\/p>\n","protected":false},"excerpt":{"rendered":"<p>50tk<\/p>\n","protected":false},"featured_media":49268,"template":"","meta":{"_et_pb_use_builder":"","_et_pb_old_content":"","_et_gb_content_width":""},"product_brand":[],"product_cat":[113,117],"product_tag":[939,1039,1040,1041],"class_list":{"0":"post-49266","1":"product","2":"type-product","3":"status-publish","4":"has-post-thumbnail","6":"product_cat-mooblirestauraatorile","7":"product_cat-naelad","8":"product_tag-moobli-restaureerimine","9":"product_tag-nael","10":"product_tag-polsterdus","11":"product_tag-sadulavoo-nael","13":"first","14":"onbackorder","15":"taxable","16":"shipping-taxable","17":"purchasable","18":"product-type-simple"},"_links":{"self":[{"href":"https:\/\/majatohter.ee\/en\/wp-json\/wp\/v2\/product\/49266","targetHints":{"allow":["GET"]}}],"collection":[{"href":"https:\/\/majatohter.ee\/en\/wp-json\/wp\/v2\/product"}],"about":[{"href":"https:\/\/majatohter.ee\/en\/wp-json\/wp\/v2\/types\/product"}],"wp:featuredmedia":[{"embeddable":true,"href":"https:\/\/majatohter.ee\/en\/wp-json\/wp\/v2\/media\/49268"}],"wp:attachment":[{"href":"https:\/\/majatohter.ee\/en\/wp-json\/wp\/v2\/media?parent=49266"}],"wp:term":[{"taxonomy":"product_brand","embeddable":true,"href":"https:\/\/majatohter.ee\/en\/wp-json\/wp\/v2\/product_brand?post=49266"},{"taxonomy":"product_cat","embeddable":true,"href":"https:\/\/majatohter.ee\/en\/wp-json\/wp\/v2\/product_cat?post=49266"},{"taxonomy":"product_tag","embeddable":true,"href":"https:\/\/majatohter.ee\/en\/wp-json\/wp\/v2\/product_tag?post=49266"}],"curies":[{"name":"wp","href":"https:\/\/api.w.org\/{rel}","templated":true}]}}