{"id":49321,"date":"2017-05-05T11:46:35","date_gmt":"2017-05-05T09:46:35","guid":{"rendered":"https:\/\/majatohter.ee\/?post_type=product&#038;p=49321"},"modified":"2025-01-20T14:01:33","modified_gmt":"2025-01-20T12:01:33","slug":"tselluvill-termex","status":"publish","type":"product","link":"https:\/\/majatohter.ee\/en\/tooted\/insulation-materials\/cellulose\/tselluvill-termex\/","title":{"rendered":"Tselluvill Termex"},"content":{"rendered":"<p>Termex-tselluvill on ajalehepaberist, magneesiumsulfaadist ja boorhappest valmistatav puistevill.<br \/>\nToodet v\u00f5ib kasutada soojustusmaterjalina katusealustel pindadel, seintes ja\u00a0p\u00f5randates\/vahelagedes, samuti lisasoojustusena palkseintes.<br \/>\nPuhallus-Termex (puiste-termex) paigaldatakse vabalt lahtistele soojustamist vajavatele pindadele<br \/>\n(r\u00f5htsad ja kergelt kaldu pinnad, katuse- ja p\u00f5randaalused).<\/p>\n<p><strong>Tehnilised andmed<br \/>\n<\/strong>Mahukaal kg\/m\u00b3 &#8211;<strong>\u00a0<\/strong>puiste-termex 26 &#8211; 36<br \/>\nEuroopa tehniline sertifikaat\/kinnitus ETA 10\/0399 ja CE-m\u00e4rk<br \/>\nVajumism\u00e4\u00e4r &#8211; puiste-termexile 20%<br \/>\nPuiste-termexi p\u00f5levusklass &#8211; E<br \/>\nSoojusjuhtivus, \u03bbDECLARED (23,50) &#8211; puiste-termex 0,039 W\/mK<br \/>\n(U-v\u00e4\u00e4rtus s\u00f5ltub soojustuskihi paksusest ja konstruktsiooni t\u00fc\u00fcbist)<\/p>\n","protected":false},"excerpt":{"rendered":"<p>Termex-tselluvill on ajalehepaberist, magneesiumsulfaadist ja boorhappest valmistatav puistevill. Toodet v\u00f5ib kasutada soojustusmaterjalina katusealustel pindadel, seintes ja\u00a0p\u00f5randates\/vahelagedes, samuti lisasoojustusena palkseintes. Puhallus-Termex (puiste-termex) paigaldatakse vabalt lahtistele soojustamist vajavatele pindadele (r\u00f5htsad ja kergelt kaldu pinnad, katuse- ja p\u00f5randaalused). Tehnilised andmed Mahukaal kg\/m\u00b3 &#8211;\u00a0puiste-termex 26 &#8211; 36 Euroopa tehniline sertifikaat\/kinnitus ETA 10\/0399 ja CE-m\u00e4rk Vajumism\u00e4\u00e4r &#8211; puiste-termexile 20% Puiste-termexi [&hellip;]<\/p>\n","protected":false},"featured_media":46745,"template":"","meta":{"_et_pb_use_builder":"","_et_pb_old_content":"","_et_gb_content_width":""},"product_brand":[],"product_cat":[83],"product_tag":[816,815,1055,427],"class_list":{"0":"post-49321","1":"product","2":"type-product","3":"status-publish","4":"has-post-thumbnail","6":"product_cat-tselluvill","7":"product_tag-puistevill","8":"product_tag-soojustus","9":"product_tag-termex","10":"product_tag-tselluvill","12":"first","13":"onbackorder","14":"taxable","15":"shipping-taxable","16":"purchasable","17":"product-type-simple"},"_links":{"self":[{"href":"https:\/\/majatohter.ee\/en\/wp-json\/wp\/v2\/product\/49321","targetHints":{"allow":["GET"]}}],"collection":[{"href":"https:\/\/majatohter.ee\/en\/wp-json\/wp\/v2\/product"}],"about":[{"href":"https:\/\/majatohter.ee\/en\/wp-json\/wp\/v2\/types\/product"}],"wp:featuredmedia":[{"embeddable":true,"href":"https:\/\/majatohter.ee\/en\/wp-json\/wp\/v2\/media\/46745"}],"wp:attachment":[{"href":"https:\/\/majatohter.ee\/en\/wp-json\/wp\/v2\/media?parent=49321"}],"wp:term":[{"taxonomy":"product_brand","embeddable":true,"href":"https:\/\/majatohter.ee\/en\/wp-json\/wp\/v2\/product_brand?post=49321"},{"taxonomy":"product_cat","embeddable":true,"href":"https:\/\/majatohter.ee\/en\/wp-json\/wp\/v2\/product_cat?post=49321"},{"taxonomy":"product_tag","embeddable":true,"href":"https:\/\/majatohter.ee\/en\/wp-json\/wp\/v2\/product_tag?post=49321"}],"curies":[{"name":"wp","href":"https:\/\/api.w.org\/{rel}","templated":true}]}}