{"id":49370,"date":"2017-05-08T09:52:46","date_gmt":"2017-05-08T07:52:46","guid":{"rendered":"https:\/\/majatohter.ee\/?post_type=product&#038;p=49370"},"modified":"2026-04-17T14:42:20","modified_gmt":"2026-04-17T12:42:20","slug":"pruul","status":"publish","type":"product","link":"https:\/\/majatohter.ee\/en\/tooted\/furniture-restoration\/needles\/pruul\/","title":{"rendered":"Pr\u00fc\u00fcl 20cm"},"content":{"rendered":"<p>Tugev <span class=\"hps\">n\u00f5el, mida<\/span>\u00a0<span class=\"hps\">kasutatud<\/span> <span class=\"hps\">t\u00e4itematerjali silumiseks<\/span>.<br \/>\nN\u00f5ela \u00fcks ots\u00a0<span class=\"hps\">on lame\u00a0ja silmaga.<\/span><\/p>\n","protected":false},"excerpt":{"rendered":"<p>Tugev n\u00f5el, mida\u00a0kasutatud t\u00e4itematerjali silumiseks. N\u00f5ela \u00fcks ots\u00a0on lame\u00a0ja silmaga.<\/p>\n","protected":false},"featured_media":68280,"template":"","meta":{"_et_pb_use_builder":"","_et_pb_old_content":"","_et_gb_content_width":""},"product_brand":[],"product_cat":[113,115],"product_tag":[1063,1064],"class_list":{"0":"post-49370","1":"product","2":"type-product","3":"status-publish","4":"has-post-thumbnail","6":"product_cat-mooblirestauraatorile","7":"product_cat-noelad","8":"product_tag-noel","9":"product_tag-pruul","11":"first","12":"outofstock","13":"taxable","14":"shipping-taxable","15":"purchasable","16":"product-type-variable"},"_links":{"self":[{"href":"https:\/\/majatohter.ee\/en\/wp-json\/wp\/v2\/product\/49370","targetHints":{"allow":["GET"]}}],"collection":[{"href":"https:\/\/majatohter.ee\/en\/wp-json\/wp\/v2\/product"}],"about":[{"href":"https:\/\/majatohter.ee\/en\/wp-json\/wp\/v2\/types\/product"}],"wp:featuredmedia":[{"embeddable":true,"href":"https:\/\/majatohter.ee\/en\/wp-json\/wp\/v2\/media\/68280"}],"wp:attachment":[{"href":"https:\/\/majatohter.ee\/en\/wp-json\/wp\/v2\/media?parent=49370"}],"wp:term":[{"taxonomy":"product_brand","embeddable":true,"href":"https:\/\/majatohter.ee\/en\/wp-json\/wp\/v2\/product_brand?post=49370"},{"taxonomy":"product_cat","embeddable":true,"href":"https:\/\/majatohter.ee\/en\/wp-json\/wp\/v2\/product_cat?post=49370"},{"taxonomy":"product_tag","embeddable":true,"href":"https:\/\/majatohter.ee\/en\/wp-json\/wp\/v2\/product_tag?post=49370"}],"curies":[{"name":"wp","href":"https:\/\/api.w.org\/{rel}","templated":true}]}}