{"id":49377,"date":"2017-05-08T10:07:44","date_gmt":"2017-05-08T08:07:44","guid":{"rendered":"https:\/\/majatohter.ee\/?post_type=product&#038;p=49377"},"modified":"2025-12-19T00:43:59","modified_gmt":"2025-12-18T22:43:59","slug":"topeltpitsnoel-kolmkant-tipp","status":"publish","type":"product","link":"https:\/\/majatohter.ee\/en\/tooted\/furniture-restoration\/needles\/topeltpitsnoel-kolmkant-tipp\/","title":{"rendered":"Topeltpitsn\u00f5el, kolmkant tipp"},"content":{"rendered":"<p><span id=\"result_box\" lang=\"et\"><span class=\"hps\">Kahe tipuga n\u00f5el. N\u00f5elasilm on \u00fches otsas, m\u00f5ni cm tipust.<br \/>\n<\/span><\/span><span lang=\"et\"><span class=\"hps\">N\u00f5el\u00a0on\u00a0m\u00f6\u00f6blinaha \u00f5mblemiseks, n\u00f5elal on kolmkant tipud.<\/span><\/span><\/p>\n","protected":false},"excerpt":{"rendered":"<p>Kahe tipuga n\u00f5el. N\u00f5elasilm on \u00fches otsas, m\u00f5ni cm tipust. N\u00f5el\u00a0on\u00a0m\u00f6\u00f6blinaha \u00f5mblemiseks, n\u00f5elal on kolmkant tipud.<\/p>\n","protected":false},"featured_media":49383,"template":"","meta":{"_et_pb_use_builder":"","_et_pb_old_content":"","_et_gb_content_width":""},"product_brand":[],"product_cat":[113,115],"product_tag":[1066],"class_list":{"0":"post-49377","1":"product","2":"type-product","3":"status-publish","4":"has-post-thumbnail","6":"product_cat-mooblirestauraatorile","7":"product_cat-noelad","8":"product_tag-topeltpitsnoel","10":"first","11":"instock","12":"taxable","13":"shipping-taxable","14":"purchasable","15":"product-type-variable"},"_links":{"self":[{"href":"https:\/\/majatohter.ee\/en\/wp-json\/wp\/v2\/product\/49377","targetHints":{"allow":["GET"]}}],"collection":[{"href":"https:\/\/majatohter.ee\/en\/wp-json\/wp\/v2\/product"}],"about":[{"href":"https:\/\/majatohter.ee\/en\/wp-json\/wp\/v2\/types\/product"}],"wp:featuredmedia":[{"embeddable":true,"href":"https:\/\/majatohter.ee\/en\/wp-json\/wp\/v2\/media\/49383"}],"wp:attachment":[{"href":"https:\/\/majatohter.ee\/en\/wp-json\/wp\/v2\/media?parent=49377"}],"wp:term":[{"taxonomy":"product_brand","embeddable":true,"href":"https:\/\/majatohter.ee\/en\/wp-json\/wp\/v2\/product_brand?post=49377"},{"taxonomy":"product_cat","embeddable":true,"href":"https:\/\/majatohter.ee\/en\/wp-json\/wp\/v2\/product_cat?post=49377"},{"taxonomy":"product_tag","embeddable":true,"href":"https:\/\/majatohter.ee\/en\/wp-json\/wp\/v2\/product_tag?post=49377"}],"curies":[{"name":"wp","href":"https:\/\/api.w.org\/{rel}","templated":true}]}}