{"id":50719,"date":"2017-06-26T13:56:02","date_gmt":"2017-06-26T11:56:02","guid":{"rendered":"https:\/\/majatohter.ee\/?post_type=product&#038;p=50719"},"modified":"2022-09-09T15:24:49","modified_gmt":"2022-09-09T13:24:49","slug":"steico-underfloor","status":"publish","type":"product","link":"https:\/\/majatohter.ee\/en\/tooted\/general-construction\/wood-fibre-boards\/steico-underfloor\/","title":{"rendered":"Steico Underfloor"},"content":{"rendered":"<p>Tahvel- ja laminaatparketi alusplaat.<\/p>\n<p>Paksused: 4 mm, 5 mm ja 7 mm.<br \/>\nParkett ja laminaatp\u00f5randatega ruumide akustika parandamine ning m\u00fcra summutamine kuni 19 dB.<\/p>\n<ul>\n<li>Suur survetugevus 20t\/m<sup>2<\/sup><\/li>\n<li>Veeauru l\u00e4bilaskev<\/li>\n<li>Kerge ja kiire paigaldamine<\/li>\n<li>Reguleerib kuni 3mm ebatasasusi<\/li>\n<li>Sobib kasutamiseks koos p\u00f5randak\u00fcttes\u00fcsteemidega<\/li>\n<li>\u00d6koloogiline, keskkonnas\u00f5bralik ja taaskasutatav<\/li>\n<\/ul>\n<div><a href=\"https:\/\/majatohter.ee\/wp-content\/uploads\/STEICO-underfloor.pdf\">TOOTELEHT STEICO UNDERFLOOR<\/a><\/div>\n","protected":false},"excerpt":{"rendered":"<p>Saadaval ette tellides.<\/p>\n<p>K\u00fcsi pakkumist!<\/p>\n","protected":false},"featured_media":50720,"template":"","meta":{"_et_pb_use_builder":"","_et_pb_old_content":"","_et_gb_content_width":""},"product_brand":[],"product_cat":[69,67],"product_tag":[1140,879,1141,203,1495],"class_list":{"0":"post-50719","1":"product","2":"type-product","3":"status-publish","4":"has-post-thumbnail","6":"product_cat-puitkiudplaadid","7":"product_cat-ehitus","8":"product_tag-murasummutus","9":"product_tag-parkett","10":"product_tag-sammumura","11":"product_tag-steico","12":"product_tag-underfloor","14":"first","15":"instock","16":"taxable","17":"shipping-taxable","18":"product-type-variable","19":"has-default-attributes"},"_links":{"self":[{"href":"https:\/\/majatohter.ee\/en\/wp-json\/wp\/v2\/product\/50719","targetHints":{"allow":["GET"]}}],"collection":[{"href":"https:\/\/majatohter.ee\/en\/wp-json\/wp\/v2\/product"}],"about":[{"href":"https:\/\/majatohter.ee\/en\/wp-json\/wp\/v2\/types\/product"}],"wp:featuredmedia":[{"embeddable":true,"href":"https:\/\/majatohter.ee\/en\/wp-json\/wp\/v2\/media\/50720"}],"wp:attachment":[{"href":"https:\/\/majatohter.ee\/en\/wp-json\/wp\/v2\/media?parent=50719"}],"wp:term":[{"taxonomy":"product_brand","embeddable":true,"href":"https:\/\/majatohter.ee\/en\/wp-json\/wp\/v2\/product_brand?post=50719"},{"taxonomy":"product_cat","embeddable":true,"href":"https:\/\/majatohter.ee\/en\/wp-json\/wp\/v2\/product_cat?post=50719"},{"taxonomy":"product_tag","embeddable":true,"href":"https:\/\/majatohter.ee\/en\/wp-json\/wp\/v2\/product_tag?post=50719"}],"curies":[{"name":"wp","href":"https:\/\/api.w.org\/{rel}","templated":true}]}}