{"id":51140,"date":"2017-07-31T11:22:33","date_gmt":"2017-07-31T09:22:33","guid":{"rendered":"https:\/\/majatohter.ee\/?post_type=product&#038;p=51140"},"modified":"2024-03-28T16:02:25","modified_gmt":"2024-03-28T14:02:25","slug":"rongaga-kaepide","status":"publish","type":"product","link":"https:\/\/majatohter.ee\/en\/tooted\/furniture\/sulgurid-en\/rongaga-kaepide\/","title":{"rendered":"R\u00f5ngaga k\u00e4epide"},"content":{"rendered":"<p>V\u00e4ike sepistatud k\u00e4epide.<\/p>\n<p>R\u00f5nga diameeter on 25 mm, kinnituse pikkus 55 mm<\/p>\n","protected":false},"excerpt":{"rendered":"<p>V\u00e4ike sepistatud k\u00e4epide. R\u00f5nga diameeter on 25 mm, kinnituse pikkus 55 mm<\/p>\n","protected":false},"featured_media":65469,"template":"","meta":{"_et_pb_use_builder":"","_et_pb_old_content":"","_et_gb_content_width":""},"product_brand":[],"product_cat":[136],"product_tag":[1177,1176],"class_list":{"0":"post-51140","1":"product","2":"type-product","3":"status-publish","4":"has-post-thumbnail","6":"product_cat-sulgurid","7":"product_tag-kaepide","8":"product_tag-sepis","10":"first","11":"onbackorder","12":"taxable","13":"shipping-taxable","14":"purchasable","15":"product-type-simple"},"_links":{"self":[{"href":"https:\/\/majatohter.ee\/en\/wp-json\/wp\/v2\/product\/51140","targetHints":{"allow":["GET"]}}],"collection":[{"href":"https:\/\/majatohter.ee\/en\/wp-json\/wp\/v2\/product"}],"about":[{"href":"https:\/\/majatohter.ee\/en\/wp-json\/wp\/v2\/types\/product"}],"wp:featuredmedia":[{"embeddable":true,"href":"https:\/\/majatohter.ee\/en\/wp-json\/wp\/v2\/media\/65469"}],"wp:attachment":[{"href":"https:\/\/majatohter.ee\/en\/wp-json\/wp\/v2\/media?parent=51140"}],"wp:term":[{"taxonomy":"product_brand","embeddable":true,"href":"https:\/\/majatohter.ee\/en\/wp-json\/wp\/v2\/product_brand?post=51140"},{"taxonomy":"product_cat","embeddable":true,"href":"https:\/\/majatohter.ee\/en\/wp-json\/wp\/v2\/product_cat?post=51140"},{"taxonomy":"product_tag","embeddable":true,"href":"https:\/\/majatohter.ee\/en\/wp-json\/wp\/v2\/product_tag?post=51140"}],"curies":[{"name":"wp","href":"https:\/\/api.w.org\/{rel}","templated":true}]}}