{"id":51142,"date":"2017-07-31T11:54:27","date_gmt":"2017-07-31T09:54:27","guid":{"rendered":"https:\/\/majatohter.ee\/?post_type=product&#038;p=51142"},"modified":"2026-01-07T15:41:59","modified_gmt":"2026-01-07T13:41:59","slug":"aknapoor-tasaraamile","status":"publish","type":"product","link":"https:\/\/majatohter.ee\/en\/tooted\/furniture\/sulgurid-en\/aknapoor-tasaraamile\/","title":{"rendered":"Aknap\u00f6\u00f6r, tasaraamile (tsingitud)"},"content":{"rendered":"<p>Aknap\u00f6\u00f6r tasaraamile.<br \/>\nKogupikkus\u00a0 61 mm.<br \/>\nMalmist, tsingitud.<\/p>\n","protected":false},"excerpt":{"rendered":"<p>Aknap\u00f6\u00f6r tasaraamile. Kogupikkus\u00a0 61 mm. Malmist, tsingitud.<\/p>\n","protected":false},"featured_media":67929,"template":"","meta":{"_et_pb_use_builder":"","_et_pb_old_content":"","_et_gb_content_width":""},"product_brand":[],"product_cat":[136],"product_tag":[933],"class_list":{"0":"post-51142","1":"product","2":"type-product","3":"status-publish","4":"has-post-thumbnail","6":"product_cat-sulgurid","7":"product_tag-aknapoor","9":"first","10":"onbackorder","11":"taxable","12":"shipping-taxable","13":"purchasable","14":"product-type-simple"},"_links":{"self":[{"href":"https:\/\/majatohter.ee\/en\/wp-json\/wp\/v2\/product\/51142","targetHints":{"allow":["GET"]}}],"collection":[{"href":"https:\/\/majatohter.ee\/en\/wp-json\/wp\/v2\/product"}],"about":[{"href":"https:\/\/majatohter.ee\/en\/wp-json\/wp\/v2\/types\/product"}],"wp:featuredmedia":[{"embeddable":true,"href":"https:\/\/majatohter.ee\/en\/wp-json\/wp\/v2\/media\/67929"}],"wp:attachment":[{"href":"https:\/\/majatohter.ee\/en\/wp-json\/wp\/v2\/media?parent=51142"}],"wp:term":[{"taxonomy":"product_brand","embeddable":true,"href":"https:\/\/majatohter.ee\/en\/wp-json\/wp\/v2\/product_brand?post=51142"},{"taxonomy":"product_cat","embeddable":true,"href":"https:\/\/majatohter.ee\/en\/wp-json\/wp\/v2\/product_cat?post=51142"},{"taxonomy":"product_tag","embeddable":true,"href":"https:\/\/majatohter.ee\/en\/wp-json\/wp\/v2\/product_tag?post=51142"}],"curies":[{"name":"wp","href":"https:\/\/api.w.org\/{rel}","templated":true}]}}