{"id":51143,"date":"2017-07-31T11:54:50","date_gmt":"2017-07-31T09:54:50","guid":{"rendered":"https:\/\/majatohter.ee\/?post_type=product&#038;p=51143"},"modified":"2025-11-10T16:42:06","modified_gmt":"2025-11-10T14:42:06","slug":"aknapoor-tasaraamile-tume","status":"publish","type":"product","link":"https:\/\/majatohter.ee\/en\/tooted\/furniture\/sulgurid-en\/aknapoor-tasaraamile-tume\/","title":{"rendered":"Aknap\u00f6\u00f6r, tasaraamile (tume)"},"content":{"rendered":"<p>Aknap\u00f6\u00f6r tasaraamile.<br \/>\nMalmist.<\/p>\n","protected":false},"excerpt":{"rendered":"<p>Aknap\u00f6\u00f6r tasaraamile. Malmist.<\/p>\n","protected":false},"featured_media":159192,"template":"","meta":{"_et_pb_use_builder":"","_et_pb_old_content":"","_et_gb_content_width":""},"product_brand":[],"product_cat":[136],"product_tag":[933],"class_list":{"0":"post-51143","1":"product","2":"type-product","3":"status-publish","4":"has-post-thumbnail","6":"product_cat-sulgurid","7":"product_tag-aknapoor","9":"first","10":"instock","11":"taxable","12":"shipping-taxable","13":"purchasable","14":"product-type-simple"},"_links":{"self":[{"href":"https:\/\/majatohter.ee\/en\/wp-json\/wp\/v2\/product\/51143","targetHints":{"allow":["GET"]}}],"collection":[{"href":"https:\/\/majatohter.ee\/en\/wp-json\/wp\/v2\/product"}],"about":[{"href":"https:\/\/majatohter.ee\/en\/wp-json\/wp\/v2\/types\/product"}],"wp:featuredmedia":[{"embeddable":true,"href":"https:\/\/majatohter.ee\/en\/wp-json\/wp\/v2\/media\/159192"}],"wp:attachment":[{"href":"https:\/\/majatohter.ee\/en\/wp-json\/wp\/v2\/media?parent=51143"}],"wp:term":[{"taxonomy":"product_brand","embeddable":true,"href":"https:\/\/majatohter.ee\/en\/wp-json\/wp\/v2\/product_brand?post=51143"},{"taxonomy":"product_cat","embeddable":true,"href":"https:\/\/majatohter.ee\/en\/wp-json\/wp\/v2\/product_cat?post=51143"},{"taxonomy":"product_tag","embeddable":true,"href":"https:\/\/majatohter.ee\/en\/wp-json\/wp\/v2\/product_tag?post=51143"}],"curies":[{"name":"wp","href":"https:\/\/api.w.org\/{rel}","templated":true}]}}