{"id":51161,"date":"2017-07-31T13:38:11","date_gmt":"2017-07-31T11:38:11","guid":{"rendered":"https:\/\/majatohter.ee\/?post_type=product&#038;p=51161"},"modified":"2025-12-19T13:43:49","modified_gmt":"2025-12-19T11:43:49","slug":"akna-sulgur-silinder","status":"publish","type":"product","link":"https:\/\/majatohter.ee\/en\/tooted\/furniture\/handles\/akna-sulgur-silinder\/","title":{"rendered":"Aknasulguri k\u00e4epide"},"content":{"rendered":"<p>Silindrikujuline aknasulguri k\u00e4epide.<\/p>\n<p>K\u00e4epideme m\u00f5\u00f5dud: d15mm; pikkus 80mm; k\u00f5rgus 50mm; alusplaadi pikkus 60mm.<\/p>\n<p>Tellimisel.<\/p>\n","protected":false},"excerpt":{"rendered":"<p>Saadaval ette tellides!<\/p>\n","protected":false},"featured_media":65455,"template":"","meta":{"_et_pb_use_builder":"","_et_pb_old_content":"","_et_gb_content_width":""},"product_brand":[],"product_cat":[135,136],"product_tag":[1184,1177],"class_list":{"0":"post-51161","1":"product","2":"type-product","3":"status-publish","4":"has-post-thumbnail","6":"product_cat-kaepidemed","7":"product_cat-sulgurid","8":"product_tag-akna-sulgur","9":"product_tag-kaepide","11":"first","12":"instock","13":"taxable","14":"shipping-taxable","15":"purchasable","16":"product-type-simple"},"_links":{"self":[{"href":"https:\/\/majatohter.ee\/en\/wp-json\/wp\/v2\/product\/51161","targetHints":{"allow":["GET"]}}],"collection":[{"href":"https:\/\/majatohter.ee\/en\/wp-json\/wp\/v2\/product"}],"about":[{"href":"https:\/\/majatohter.ee\/en\/wp-json\/wp\/v2\/types\/product"}],"wp:featuredmedia":[{"embeddable":true,"href":"https:\/\/majatohter.ee\/en\/wp-json\/wp\/v2\/media\/65455"}],"wp:attachment":[{"href":"https:\/\/majatohter.ee\/en\/wp-json\/wp\/v2\/media?parent=51161"}],"wp:term":[{"taxonomy":"product_brand","embeddable":true,"href":"https:\/\/majatohter.ee\/en\/wp-json\/wp\/v2\/product_brand?post=51161"},{"taxonomy":"product_cat","embeddable":true,"href":"https:\/\/majatohter.ee\/en\/wp-json\/wp\/v2\/product_cat?post=51161"},{"taxonomy":"product_tag","embeddable":true,"href":"https:\/\/majatohter.ee\/en\/wp-json\/wp\/v2\/product_tag?post=51161"}],"curies":[{"name":"wp","href":"https:\/\/api.w.org\/{rel}","templated":true}]}}