{"id":52417,"date":"2017-11-08T14:08:18","date_gmt":"2017-11-08T12:08:18","guid":{"rendered":"https:\/\/majatohter.ee\/?post_type=product&#038;p=52417"},"modified":"2023-08-02T10:37:07","modified_gmt":"2023-08-02T08:37:07","slug":"steico-zell-puitkiud-puistevill","status":"publish","type":"product","link":"https:\/\/majatohter.ee\/en\/tooted\/insulation-materials\/wood-fibre-insulation\/steico-zell-puitkiud-puistevill\/","title":{"rendered":"Steico Zell puitkiud puistevill"},"content":{"rendered":"<p>Ideaalne soojustusmaterjal katuste ja p\u00f5randate renoveerimiseks!<\/p>\n<ul>\n<li>pragudeta isolatsioonikiht<\/li>\n<li>v\u00e4ga head soojusisolatsiooni- ja soojust salvestavad omadused<\/li>\n<li>suurep\u00e4rane kaitse suvise palavuse eest<\/li>\n<li>eriti hea avatus difusioonivoolule tagab tervisliku sisekliima<\/li>\n<li>pikaajaline p\u00fcsivus t\u00e4nu puitkiudude omavahelisele haakumisele<\/li>\n<li>j\u00e4\u00e4kideta paigaldus<\/li>\n<li>paigalduse k\u00f5rge kvaliteet t\u00e4nu kvalifitseeritud paigaldajatele<\/li>\n<li>puitkiud puhtast m\u00e4nnipuidust<\/li>\n<li>optimaalne m\u00fcrakaitse koos STEICO puitkiud-isolatsiooniplaatidega<\/li>\n<li>Saksamaa keskkonna- ja looduskaitseliidu BUND keskkonnaauhind 1999<\/li>\n<\/ul>\n<p>PAIGALDATAV MISTAHES M\u00d5\u00d5TMETE JA KUJUGA T\u00dcHIMIKESSE\u00a0\u2013 PUISTEISOLATSIOONI SUUR EELIS<\/p>\n<p>STEICOzell koosneb puhastest lahtistest puitkiududest, mis t\u00e4idavad\u00a0tihedalt k\u00f5ik t\u00fchimikud. Iga \u00fcksikkiud kannab endas loodusliku puidu\u00a0suurimaid eeliseid: kestvust, stabiilsust ja v\u00e4ga h\u00e4id soojusisolatsiooniomadusi. Isolatsioonikihi \u00f5hupidavuse tagamiseks on vajalik v\u00e4lispiirde sisepinnale paigaldada korrektselt auru- ja \u00f5hut\u00f5ke \u201epro clima\u00ae DB+\u201d. Isolatsioonikihi paigaldamisel puhutakse STEICOzell k\u00f5rge surve all suletud t\u00fchimikesse, materjali paigaldusj\u00e4rgne kuju s\u00f5ltub t\u00e4ielikult piiravate pindade kujust ja paigutusest. Seet\u00f5ttu sobib STEICOzell nii t\u00f6\u00f6stuslikuks kasutamiseks\u00a0(nt terviklike seinaelementide tootmine) kui ka renoveerimist\u00f6\u00f6deks.<\/p>\n<p>Puistevilla STEICO zell kasutamisel ei ole soojustusmaterjalide\u00a0m\u00f5\u00f5tmete arvestamine vajalik. Ka t\u00fchimikes olevad detailid \u00fcmbritsetakse tihedalt, ilma et aegan\u00f5udev k\u00e4sitsi m\u00f5\u00f5tul\u00f5ikamine oleks vajalik. T\u00e4nu l\u00e4bim\u00f5eldud paigaldustehnikale on ka keerukate\u00a0liigendatud konstruktsioonide korral tagatud \u00fchtlane ja pragudevaba\u00a0paigaldus. Puistevilla STEICOzell on v\u00f5imalik kasutada nii t\u00e4ite- kui<br \/>\nkatteisolatsioonina. Kattemeetodit rakendatakse siis, kui toodet\u00a0STEICOzell kasutatakse lahtise soojustusmaterjalina katusetarindite\u00a0horisontaalsetel, kaarjatel v\u00f5i m\u00f5\u00f5duka kaldega pindadel.<\/p>\n<p><span style=\"text-decoration: underline;\">Tehnilised andmed:<\/span><br \/>\nEhitusmaterjali tulekindlusklass vastavalt standardile EN 13501 &#8211; E<br \/>\nSoojusjuhtivus \u03bb [W \/ (m\u00b7K)] &#8211; 0,040<br \/>\nSoovitatav paigaldustihedus \u03c1 (kg\/m3):<br \/>\nP\u00f5randal (paigaldus puhuriga) &#8211; u. 32-38<br \/>\nLaed, p\u00f5randad, kuni 45-kraadise kaldega katused &#8211;\u00a0u. 35-42<br \/>\nSeinad, \u00fcle 45-kraadise kaldega katused &#8211; u. 38-45<br \/>\nVeeauru difusiooni takistuse tegur \u00b5 &#8211; 1-2<br \/>\nErisoojusmahtuvus c [J \/ (kg\u00b7K)] &#8211; 2100<br \/>\nKoostisained &#8211; puitkiud ca. 92%,\u00a0ammooniumfosfaat ca. 6%,\u00a0boraadid ca. 2%<\/p>\n<p><a href=\"https:\/\/majatohter.ee\/wp-content\/uploads\/STEICO-zell-puitkiud-puistevill.pdf\">TOOTELEHT STEICO ZELL<\/a><\/p>\n","protected":false},"excerpt":{"rendered":"<p>Saadaval ette tellides!<\/p>\n<p>K\u00fcsi hinnapakkumist!<\/p>\n","protected":false},"featured_media":52422,"template":"","meta":{"_et_pb_use_builder":"","_et_pb_old_content":"","_et_gb_content_width":""},"product_brand":[],"product_cat":[3244],"product_tag":[1219,1220,203,1221],"class_list":{"0":"post-52417","1":"product","2":"type-product","3":"status-publish","4":"has-post-thumbnail","6":"product_cat-puitvill","7":"product_tag-puistesoojustus","8":"product_tag-puitkiudsoojustus","9":"product_tag-steico","10":"product_tag-zell","12":"first","13":"instock","14":"taxable","15":"shipping-taxable","16":"product-type-simple"},"_links":{"self":[{"href":"https:\/\/majatohter.ee\/en\/wp-json\/wp\/v2\/product\/52417","targetHints":{"allow":["GET"]}}],"collection":[{"href":"https:\/\/majatohter.ee\/en\/wp-json\/wp\/v2\/product"}],"about":[{"href":"https:\/\/majatohter.ee\/en\/wp-json\/wp\/v2\/types\/product"}],"wp:featuredmedia":[{"embeddable":true,"href":"https:\/\/majatohter.ee\/en\/wp-json\/wp\/v2\/media\/52422"}],"wp:attachment":[{"href":"https:\/\/majatohter.ee\/en\/wp-json\/wp\/v2\/media?parent=52417"}],"wp:term":[{"taxonomy":"product_brand","embeddable":true,"href":"https:\/\/majatohter.ee\/en\/wp-json\/wp\/v2\/product_brand?post=52417"},{"taxonomy":"product_cat","embeddable":true,"href":"https:\/\/majatohter.ee\/en\/wp-json\/wp\/v2\/product_cat?post=52417"},{"taxonomy":"product_tag","embeddable":true,"href":"https:\/\/majatohter.ee\/en\/wp-json\/wp\/v2\/product_tag?post=52417"}],"curies":[{"name":"wp","href":"https:\/\/api.w.org\/{rel}","templated":true}]}}