{"id":52453,"date":"2017-11-13T12:49:51","date_gmt":"2017-11-13T10:49:51","guid":{"rendered":"https:\/\/majatohter.ee\/?post_type=product&#038;p=52453"},"modified":"2026-04-09T00:43:19","modified_gmt":"2026-04-08T22:43:19","slug":"boracol-10-3bd","status":"publish","type":"product","link":"https:\/\/majatohter.ee\/en\/tooted\/chemicals\/pesticides\/boracol-10-3bd\/","title":{"rendered":"Boracol 10-3Bd (majavamm, hallitused)"},"content":{"rendered":"<div>\n<p><strong>Ennetava ja t\u00f5rjuva toimega puidukonservant (PT8).<\/strong><br \/>\nKaitseb hallitusseente, puitu lagundavate (pruunm\u00e4danikku) tekitavate seente eest.<br \/>\nLevinumad majaseened, mis tekitavad pruunm\u00e4danikku on majam\u00e4dik, korgik, majavamm.<\/p>\n<\/div>\n<p align=\"JUSTIFY\"><strong>Kasutajar\u00fchmad:<\/strong>\u00a0tavatarbijad ja kutselised kasutajad.<br \/>\n<b>Kasutuskohad:<\/b>\u00a0puitpinnad, m\u00fc\u00fcritis, sisetingimustes kasutatav ehituspuit, kus esineb vettimisoht.<br \/>\n<b>Kasutamine:\u00a0<\/b>vahend (vedelik) kasutatakse lahjendamata. Boracol`i temperatuur peaks olema \u00fcle +15\u00baC, \u00f5hutemperatuur soovitavalt \u00fcle +5\u00baC. V\u00f5ib kasutada ka madalamal \u00f5hutemperatuuril, kui pind ei ole j\u00e4\u00e4tunud. Optimaalne puiduniiskus kasutus- mugavuse seisukohalt on 15-28%, kuid vahendit saab kasutada igasuguse puiduniiskuse juures. Kui puit on v\u00e4ga kuiv (alla 10%), on soovitav see enne veega niisutada. Kui puiduniiskus on nii suur, et puidu pinnale tekivad veetilgad, siis v\u00f5tab imendumine rohkem aega ja t\u00f6\u00f6tluskordade vahe venib pikemaks. Imendumise kiirus s\u00f5ltub v\u00e4ga paljudest asjaoludest nagu t\u00e4pne niiskusprotsent, kas puiduniiskus on kiudude k\u00fcllastuspiirist (30%) suurem v\u00f5i v\u00e4iksem, puiduliigist jne.<\/p>\n<p class=\"western\" align=\"JUSTIFY\">NB! T\u00f6\u00f6deldava pinna puidupoorid peavad olema avatud, st puit peab olema viimistlusvahendita. Kui seentega nakatatud puit j\u00e4\u00e4b ehituskonstruktsiooni alles, tuleb m\u00e4danenud osa eemaldada ja allesj\u00e4\u00e4nud puit pintseldada p\u00f5hjalikult Boracol`iga ning vajadusel immutada seestpoolt puuraukude kaudu. Selleks puuritakse 20 cm vahega 10 mm diam. augud (2\/3 materjali paksusest) ja t\u00e4idetakse kaks korda Boracol`iga 24 tunnise intervalliga.<\/p>\n<p class=\"western\" align=\"JUSTIFY\"><b>T\u00f6\u00f6tlemine:\u00a0<\/b>Boracol kantakse pinnale kas pintsli v\u00f5i rulliga\u00a0soovitavalt 2\u00a0osas. Kahe t\u00f6\u00f6tluskorra vahe peab olema v\u00e4hemalt 24 tundi. T\u00f6\u00f6deldud pindu v\u00f5ib kasutada 5 p\u00e4eva m\u00f6\u00f6dumisel.<\/p>\n<p class=\"western\" align=\"JUSTIFY\"><b>Kulunormid:<\/b><\/p>\n<table border=\"1\" width=\"100%\" cellspacing=\"0\" cellpadding=\"4\">\n<tbody>\n<tr valign=\"TOP\">\n<td width=\"33%\"><\/td>\n<td width=\"33%\">\n<p class=\"western\" align=\"JUSTIFY\"><b>Ennetav t\u00f6\u00f6tlus<\/b><\/p>\n<\/td>\n<td width=\"33%\">\n<p class=\"western\" align=\"JUSTIFY\"><b>T\u00f5rjuv\u00a0t\u00f6\u00f6tlus<\/b><\/p>\n<\/td>\n<\/tr>\n<tr valign=\"TOP\">\n<td width=\"33%\">\n<p class=\"western\" align=\"JUSTIFY\">Hallitusseened puidul<\/p>\n<\/td>\n<td width=\"33%\">\n<p class=\"western\" align=\"JUSTIFY\">5 m2\/L<\/p>\n<\/td>\n<td width=\"33%\">\n<p class=\"western\" align=\"JUSTIFY\">3-4 m2\/L<\/p>\n<\/td>\n<\/tr>\n<tr valign=\"TOP\">\n<td width=\"33%\">\n<p class=\"western\" align=\"JUSTIFY\">Puitu lagundavad<br \/>\nehk<br \/>\npruunm\u00e4danikku<br \/>\ntekitavad seened puidul<\/p>\n<\/td>\n<td width=\"33%\">\n<p class=\"western\" align=\"JUSTIFY\">5 m2\/L<\/p>\n<\/td>\n<td width=\"33%\">\n<p class=\"western\" align=\"JUSTIFY\">3-4 m2\/L<\/p>\n<\/td>\n<\/tr>\n<tr valign=\"TOP\">\n<td width=\"33%\">\n<p class=\"western\" align=\"JUSTIFY\">M\u00fc\u00fcritise<br \/>\nt\u00f6\u00f6tlus hallitusseente vastu<\/p>\n<\/td>\n<td width=\"33%\">\n<p class=\"western\" align=\"JUSTIFY\">5 m2\/L<\/p>\n<\/td>\n<td width=\"33%\">\n<p class=\"western\" align=\"JUSTIFY\">5 m2\/L<\/p>\n<\/td>\n<\/tr>\n<tr valign=\"TOP\">\n<td width=\"33%\">\n<p class=\"western\" align=\"JUSTIFY\">Putukakahjustus<\/p>\n<\/td>\n<td colspan=\"2\" width=\"67%\">\n<p class=\"western\" align=\"CENTER\">kasutada Aidol Anti Insekt`i<\/p>\n<\/td>\n<\/tr>\n<\/tbody>\n<\/table>\n<p class=\"western\" align=\"JUSTIFY\"><b>Pindade edasine t\u00f6\u00f6tlus:<\/b>\u00a0ei ole vajalik. Edasisi piiranguid viimistlemisele (v\u00e4rvid, puidu\u00f5li, vms) ei ole.<br \/>\n<b>Toimeained:<\/b>\u00a0Boorhape 2,5%, dinaatriumtetraboraat 2,38%, didets\u00fc\u00fcldimet\u00fc\u00fclammooniumkloriid 2,45%. Toode on biotsiid vastavalt m\u00e4\u00e4rusele (EL) nr. 528\/2012.<\/p>\n","protected":false},"excerpt":{"rendered":"<p><strong>NB! Alates 17.august 2023 on Boracol 10-3Bd lubatud m\u00fc\u00fca \u00fcksnes juriidilistele isikutele.<\/strong><\/p>\n<p>10L anumaid saadame turvakaalutlustel ainult kulleriga.<\/p>\n","protected":false},"featured_media":69549,"template":"","meta":{"_et_pb_use_builder":"","_et_pb_old_content":"","_et_gb_content_width":""},"product_brand":[],"product_cat":[96,99],"product_tag":[765,398,1060,2441,767,2442],"class_list":{"0":"post-52453","1":"product","2":"type-product","3":"status-publish","4":"has-post-thumbnail","6":"product_cat-kemikaalid","7":"product_cat-torjavahendid","8":"product_tag-boracol","9":"product_tag-hallitus","10":"product_tag-hallitustorje","11":"product_tag-majaseen","12":"product_tag-majavamm","13":"product_tag-seenetorje","15":"first","16":"instock","17":"taxable","18":"shipping-taxable","19":"purchasable","20":"product-type-variable"},"_links":{"self":[{"href":"https:\/\/majatohter.ee\/en\/wp-json\/wp\/v2\/product\/52453","targetHints":{"allow":["GET"]}}],"collection":[{"href":"https:\/\/majatohter.ee\/en\/wp-json\/wp\/v2\/product"}],"about":[{"href":"https:\/\/majatohter.ee\/en\/wp-json\/wp\/v2\/types\/product"}],"wp:featuredmedia":[{"embeddable":true,"href":"https:\/\/majatohter.ee\/en\/wp-json\/wp\/v2\/media\/69549"}],"wp:attachment":[{"href":"https:\/\/majatohter.ee\/en\/wp-json\/wp\/v2\/media?parent=52453"}],"wp:term":[{"taxonomy":"product_brand","embeddable":true,"href":"https:\/\/majatohter.ee\/en\/wp-json\/wp\/v2\/product_brand?post=52453"},{"taxonomy":"product_cat","embeddable":true,"href":"https:\/\/majatohter.ee\/en\/wp-json\/wp\/v2\/product_cat?post=52453"},{"taxonomy":"product_tag","embeddable":true,"href":"https:\/\/majatohter.ee\/en\/wp-json\/wp\/v2\/product_tag?post=52453"}],"curies":[{"name":"wp","href":"https:\/\/api.w.org\/{rel}","templated":true}]}}