{"id":52737,"date":"2018-01-10T13:58:31","date_gmt":"2018-01-10T11:58:31","guid":{"rendered":"https:\/\/majatohter.ee\/?post_type=product&#038;p=52737"},"modified":"2026-01-29T12:36:53","modified_gmt":"2026-01-29T10:36:53","slug":"kuldpulber","status":"publish","type":"product","link":"https:\/\/majatohter.ee\/en\/tooted\/powders\/pigments\/kuldpulber\/","title":{"rendered":"Kuldpulber"},"content":{"rendered":"<p>Tera suurus: 0,1 x 0,1 mm<br \/>\n&#8220;Kuldpulber&#8221; koosneb tegelikult epoksiidvaiguga kaetud alumiiniumiosakestest.<\/p>\n<p>Sobib kasutamiseks \u00f5li-, akr\u00fc\u00fcl-, temperav\u00e4rvides ja ka muudes vee baasil v\u00e4rvides.<\/p>\n","protected":false},"excerpt":{"rendered":"<p>Tera suurus: 0,1 x 0,1 mm &#8220;Kuldpulber&#8221; koosneb tegelikult epoksiidvaiguga kaetud alumiiniumiosakestest. Sobib kasutamiseks \u00f5li-, akr\u00fc\u00fcl-, temperav\u00e4rvides ja ka muudes vee baasil v\u00e4rvides.<\/p>\n","protected":false},"featured_media":52742,"template":"","meta":{"_et_pb_use_builder":"","_et_pb_old_content":"","_et_gb_content_width":""},"product_brand":[],"product_cat":[55],"product_tag":[1248,1249],"class_list":{"0":"post-52737","1":"product","2":"type-product","3":"status-publish","4":"has-post-thumbnail","6":"product_cat-pigmendid","7":"product_tag-kuld","8":"product_tag-kuldpulber","10":"first","11":"onbackorder","12":"taxable","13":"shipping-taxable","14":"purchasable","15":"product-type-variable"},"_links":{"self":[{"href":"https:\/\/majatohter.ee\/en\/wp-json\/wp\/v2\/product\/52737","targetHints":{"allow":["GET"]}}],"collection":[{"href":"https:\/\/majatohter.ee\/en\/wp-json\/wp\/v2\/product"}],"about":[{"href":"https:\/\/majatohter.ee\/en\/wp-json\/wp\/v2\/types\/product"}],"wp:featuredmedia":[{"embeddable":true,"href":"https:\/\/majatohter.ee\/en\/wp-json\/wp\/v2\/media\/52742"}],"wp:attachment":[{"href":"https:\/\/majatohter.ee\/en\/wp-json\/wp\/v2\/media?parent=52737"}],"wp:term":[{"taxonomy":"product_brand","embeddable":true,"href":"https:\/\/majatohter.ee\/en\/wp-json\/wp\/v2\/product_brand?post=52737"},{"taxonomy":"product_cat","embeddable":true,"href":"https:\/\/majatohter.ee\/en\/wp-json\/wp\/v2\/product_cat?post=52737"},{"taxonomy":"product_tag","embeddable":true,"href":"https:\/\/majatohter.ee\/en\/wp-json\/wp\/v2\/product_tag?post=52737"}],"curies":[{"name":"wp","href":"https:\/\/api.w.org\/{rel}","templated":true}]}}