{"id":52745,"date":"2018-01-11T13:30:52","date_gmt":"2018-01-11T11:30:52","guid":{"rendered":"https:\/\/majatohter.ee\/?post_type=product&#038;p=52745"},"modified":"2026-02-10T21:42:31","modified_gmt":"2026-02-10T19:42:31","slug":"marseille-seep-puru","status":"publish","type":"product","link":"https:\/\/majatohter.ee\/en\/tooted\/cleaning-products\/soaps\/marseille-seep-puru\/","title":{"rendered":"Marseille seep, puru"},"content":{"rendered":"<p>Taime\u00f5liseep peenikeste n\u00f5eljate t\u00fckkidena.<br \/>\nKoosneb palmi-, soja-, ja kookose\u00f5lidest.<\/p>\n<p>&nbsp;<\/p>\n<p>&nbsp;<\/p>\n<p>&nbsp;<\/p>\n","protected":false},"excerpt":{"rendered":"<p>Taime\u00f5liseep peenikeste n\u00f5eljate t\u00fckkidena. Koosneb palmi-, soja-, ja kookose\u00f5lidest. &nbsp; &nbsp; &nbsp;<\/p>\n","protected":false},"featured_media":68796,"template":"","meta":{"_et_pb_use_builder":"","_et_pb_old_content":"","_et_gb_content_width":""},"product_brand":[],"product_cat":[138,139],"product_tag":[1251,1250],"class_list":{"0":"post-52745","1":"product","2":"type-product","3":"status-publish","4":"has-post-thumbnail","6":"product_cat-puhastusvahendid","7":"product_cat-seebid","8":"product_tag-marseille-seep","9":"product_tag-seep","11":"first","12":"instock","13":"taxable","14":"shipping-taxable","15":"purchasable","16":"product-type-variable"},"_links":{"self":[{"href":"https:\/\/majatohter.ee\/en\/wp-json\/wp\/v2\/product\/52745","targetHints":{"allow":["GET"]}}],"collection":[{"href":"https:\/\/majatohter.ee\/en\/wp-json\/wp\/v2\/product"}],"about":[{"href":"https:\/\/majatohter.ee\/en\/wp-json\/wp\/v2\/types\/product"}],"wp:featuredmedia":[{"embeddable":true,"href":"https:\/\/majatohter.ee\/en\/wp-json\/wp\/v2\/media\/68796"}],"wp:attachment":[{"href":"https:\/\/majatohter.ee\/en\/wp-json\/wp\/v2\/media?parent=52745"}],"wp:term":[{"taxonomy":"product_brand","embeddable":true,"href":"https:\/\/majatohter.ee\/en\/wp-json\/wp\/v2\/product_brand?post=52745"},{"taxonomy":"product_cat","embeddable":true,"href":"https:\/\/majatohter.ee\/en\/wp-json\/wp\/v2\/product_cat?post=52745"},{"taxonomy":"product_tag","embeddable":true,"href":"https:\/\/majatohter.ee\/en\/wp-json\/wp\/v2\/product_tag?post=52745"}],"curies":[{"name":"wp","href":"https:\/\/api.w.org\/{rel}","templated":true}]}}