{"id":52918,"date":"2018-03-10T12:12:29","date_gmt":"2018-03-10T10:12:29","guid":{"rendered":"https:\/\/majatohter.ee\/?post_type=product&#038;p=52918"},"modified":"2025-07-05T03:03:53","modified_gmt":"2025-07-05T01:03:53","slug":"maalriteip-folsen","status":"publish","type":"product","link":"https:\/\/majatohter.ee\/en\/tooted\/tools\/tape\/maalriteip-folsen\/","title":{"rendered":"Maalriteip, Folsen"},"content":{"rendered":"<p>Eemaldatav 5 p\u00e4eva jooksul ilma liimij\u00e4lgi j\u00e4tmata.<br \/>\nTemperatuuritaluvus 60<sup>0<\/sup>C \u00fche tunni jooksul.<br \/>\nSobiv nii sise- kui ka v\u00e4listingimustes kasutamiseks.<\/p>\n<p>Rullis 50m.<\/p>\n","protected":false},"excerpt":{"rendered":"<p>Eemaldatav 5 p\u00e4eva jooksul ilma liimij\u00e4lgi j\u00e4tmata. Temperatuuritaluvus 600C \u00fche tunni jooksul. Sobiv nii sise- kui ka v\u00e4listingimustes kasutamiseks. Rullis 50m.<\/p>\n","protected":false},"featured_media":52922,"template":"","meta":{"_et_pb_use_builder":"","_et_pb_old_content":"","_et_gb_content_width":""},"product_brand":[],"product_cat":[671],"product_tag":[692],"class_list":{"0":"post-52918","1":"product","2":"type-product","3":"status-publish","4":"has-post-thumbnail","6":"product_cat-teibid-tooriistad","7":"product_tag-maalriteip","9":"first","10":"onbackorder","11":"taxable","12":"shipping-taxable","13":"purchasable","14":"product-type-variable"},"_links":{"self":[{"href":"https:\/\/majatohter.ee\/en\/wp-json\/wp\/v2\/product\/52918","targetHints":{"allow":["GET"]}}],"collection":[{"href":"https:\/\/majatohter.ee\/en\/wp-json\/wp\/v2\/product"}],"about":[{"href":"https:\/\/majatohter.ee\/en\/wp-json\/wp\/v2\/types\/product"}],"wp:featuredmedia":[{"embeddable":true,"href":"https:\/\/majatohter.ee\/en\/wp-json\/wp\/v2\/media\/52922"}],"wp:attachment":[{"href":"https:\/\/majatohter.ee\/en\/wp-json\/wp\/v2\/media?parent=52918"}],"wp:term":[{"taxonomy":"product_brand","embeddable":true,"href":"https:\/\/majatohter.ee\/en\/wp-json\/wp\/v2\/product_brand?post=52918"},{"taxonomy":"product_cat","embeddable":true,"href":"https:\/\/majatohter.ee\/en\/wp-json\/wp\/v2\/product_cat?post=52918"},{"taxonomy":"product_tag","embeddable":true,"href":"https:\/\/majatohter.ee\/en\/wp-json\/wp\/v2\/product_tag?post=52918"}],"curies":[{"name":"wp","href":"https:\/\/api.w.org\/{rel}","templated":true}]}}