{"id":52923,"date":"2018-03-10T12:20:39","date_gmt":"2018-03-10T10:20:39","guid":{"rendered":"https:\/\/majatohter.ee\/?post_type=product&#038;p=52923"},"modified":"2025-06-05T12:43:19","modified_gmt":"2025-06-05T10:43:19","slug":"maalriteip-perfect-edge","status":"publish","type":"product","link":"https:\/\/majatohter.ee\/en\/tooted\/tools\/tape\/maalriteip-perfect-edge\/","title":{"rendered":"Maalriteip Perfect Edge"},"content":{"rendered":"<p>Maalriteip eriti korrektsete \u00e4\u00e4rte saavutamiseks.<br \/>\nSobib praktiliselt k\u00f5ikidele pindadele ja v\u00e4rvit\u00fc\u00fcpidele.<br \/>\nIlma liimij\u00e4lgi j\u00e4tmata eemaldatav 60 p\u00e4eva jooksul.<br \/>\nTemperatuuritaluvus 120<sup>0<\/sup>C \u00fche tunni jooksul.<\/p>\n","protected":false},"excerpt":{"rendered":"<p>Rullis 38mm x 25m<\/p>\n","protected":false},"featured_media":52924,"template":"","meta":{"_et_pb_use_builder":"","_et_pb_old_content":"","_et_gb_content_width":""},"product_brand":[],"product_cat":[671],"product_tag":[692],"class_list":{"0":"post-52923","1":"product","2":"type-product","3":"status-publish","4":"has-post-thumbnail","6":"product_cat-teibid-tooriistad","7":"product_tag-maalriteip","9":"first","10":"instock","11":"taxable","12":"shipping-taxable","13":"purchasable","14":"product-type-simple"},"_links":{"self":[{"href":"https:\/\/majatohter.ee\/en\/wp-json\/wp\/v2\/product\/52923","targetHints":{"allow":["GET"]}}],"collection":[{"href":"https:\/\/majatohter.ee\/en\/wp-json\/wp\/v2\/product"}],"about":[{"href":"https:\/\/majatohter.ee\/en\/wp-json\/wp\/v2\/types\/product"}],"wp:featuredmedia":[{"embeddable":true,"href":"https:\/\/majatohter.ee\/en\/wp-json\/wp\/v2\/media\/52924"}],"wp:attachment":[{"href":"https:\/\/majatohter.ee\/en\/wp-json\/wp\/v2\/media?parent=52923"}],"wp:term":[{"taxonomy":"product_brand","embeddable":true,"href":"https:\/\/majatohter.ee\/en\/wp-json\/wp\/v2\/product_brand?post=52923"},{"taxonomy":"product_cat","embeddable":true,"href":"https:\/\/majatohter.ee\/en\/wp-json\/wp\/v2\/product_cat?post=52923"},{"taxonomy":"product_tag","embeddable":true,"href":"https:\/\/majatohter.ee\/en\/wp-json\/wp\/v2\/product_tag?post=52923"}],"curies":[{"name":"wp","href":"https:\/\/api.w.org\/{rel}","templated":true}]}}