{"id":52938,"date":"2018-03-15T13:40:12","date_gmt":"2018-03-15T11:40:12","guid":{"rendered":"https:\/\/majatohter.ee\/?post_type=product&#038;p=52938"},"modified":"2026-04-17T14:42:18","modified_gmt":"2026-04-17T12:42:18","slug":"akruulpahtel","status":"publish","type":"product","link":"https:\/\/majatohter.ee\/en\/tooted\/surface-treatment\/fillers\/akruulpahtel\/","title":{"rendered":"Akr\u00fc\u00fclpahtel"},"content":{"rendered":"<p>Mitmeotstarbeline pahtel kahjustatud puidupinna aukude ja l\u00f5hede t\u00e4itmiseks ning puidudetailide taastamiseks.\u00a0Parandatud koht tundub, n\u00e4eb v\u00e4lja ning k\u00e4itub nagu puitpind. Pahteldatud pindu saab kuivanult lihvida, peitsida, lakkida ja v\u00e4rvida. Akr\u00fc\u00fclpahtliga saab teha ka suuremaid parandust\u00f6id \u2013 n\u00e4iteks lauanurga parandamiseks, puitnikerduste taastamiseks.<\/p>\n<p>Pakend: 200ml<\/p>\n","protected":false},"excerpt":{"rendered":"<p>Mitmeotstarbeline pahtel kahjustatud puidupinna aukude ja l\u00f5hede t\u00e4itmiseks ning puidudetailide taastamiseks.\u00a0Parandatud koht tundub, n\u00e4eb v\u00e4lja ning k\u00e4itub nagu puitpind. Pahteldatud pindu saab kuivanult lihvida, peitsida, lakkida ja v\u00e4rvida. Akr\u00fc\u00fclpahtliga saab teha ka suuremaid parandust\u00f6id \u2013 n\u00e4iteks lauanurga parandamiseks, puitnikerduste taastamiseks. Pakend: 200ml<\/p>\n","protected":false},"featured_media":52939,"template":"","meta":{"_et_pb_use_builder":"","_et_pb_old_content":"","_et_gb_content_width":""},"product_brand":[],"product_cat":[1272,28],"product_tag":[1273],"class_list":{"0":"post-52938","1":"product","2":"type-product","3":"status-publish","4":"has-post-thumbnail","6":"product_cat-pahtlid","7":"product_cat-pinnaviimistlus","8":"product_tag-akruulpahtel","10":"first","11":"instock","12":"taxable","13":"shipping-taxable","14":"purchasable","15":"product-type-variable","16":"has-default-attributes"},"_links":{"self":[{"href":"https:\/\/majatohter.ee\/en\/wp-json\/wp\/v2\/product\/52938","targetHints":{"allow":["GET"]}}],"collection":[{"href":"https:\/\/majatohter.ee\/en\/wp-json\/wp\/v2\/product"}],"about":[{"href":"https:\/\/majatohter.ee\/en\/wp-json\/wp\/v2\/types\/product"}],"wp:featuredmedia":[{"embeddable":true,"href":"https:\/\/majatohter.ee\/en\/wp-json\/wp\/v2\/media\/52939"}],"wp:attachment":[{"href":"https:\/\/majatohter.ee\/en\/wp-json\/wp\/v2\/media?parent=52938"}],"wp:term":[{"taxonomy":"product_brand","embeddable":true,"href":"https:\/\/majatohter.ee\/en\/wp-json\/wp\/v2\/product_brand?post=52938"},{"taxonomy":"product_cat","embeddable":true,"href":"https:\/\/majatohter.ee\/en\/wp-json\/wp\/v2\/product_cat?post=52938"},{"taxonomy":"product_tag","embeddable":true,"href":"https:\/\/majatohter.ee\/en\/wp-json\/wp\/v2\/product_tag?post=52938"}],"curies":[{"name":"wp","href":"https:\/\/api.w.org\/{rel}","templated":true}]}}