{"id":53017,"date":"2018-05-24T09:57:24","date_gmt":"2018-05-24T07:57:24","guid":{"rendered":"https:\/\/majatohter.ee\/?post_type=product&#038;p=53017"},"modified":"2025-04-21T13:02:31","modified_gmt":"2025-04-21T11:02:31","slug":"keeduvarvi-valmistamise-komplekt","status":"publish","type":"product","link":"https:\/\/majatohter.ee\/en\/tooted\/paints\/swedish-paint\/keeduvarvi-valmistamise-komplekt\/","title":{"rendered":"Keeduv\u00e4rvi valmistamise komplekt"},"content":{"rendered":"<h3>Valmista ise oma v\u00e4rv nii nagu seda tegid meistrid muiste!<br \/>\n&#8230;ja teevad veel ka t\u00e4nap\u00e4eval : )<\/h3>\n<p class=\"rtejustify\">Keeduv\u00e4rv ehk &#8220;rootsi v\u00e4rv&#8221; on soodne ja keskkonnas\u00f5bralik, hea katvusega, matt\u00a0 v\u00e4lisv\u00e4rv.<br \/>\nV\u00e4rvi nimetus tuleneb valmistamise meetodist &#8211; keetmisest. Sideaineks on jahukliister, millele on lisatud vajalikus koguses lina\u00f5liv\u00e4rnitsat. V\u00e4rvainetena kasutatakse traditsioonilisi pigmente. Keeduv\u00e4rv on keskkonnas\u00f5bralik, h\u00f5lpsasti pintseldatav, \u00fche kihiga kattev v\u00e4lisv\u00e4rv. Ei moodusta niiskust kinnipidavat kilet.<\/p>\n<p><img loading=\"lazy\" decoding=\"async\" class=\"size-medium wp-image-53531 alignnone\" src=\"https:\/\/majatohter.ee\/wp-content\/uploads\/ecomess-223-300x200.jpg\" alt=\"\" width=\"300\" height=\"200\" \/>\u00a0 <img loading=\"lazy\" decoding=\"async\" class=\"size-medium wp-image-52633\" src=\"https:\/\/majatohter.ee\/wp-content\/uploads\/keeduvarvi-keetmine-005-300x225.jpg\" alt=\"Keeduv\u00e4rvi valmistamine\" width=\"300\" height=\"225\" \/><\/p>\n<p><strong>Kasutuskohad:<\/strong> Keeduv\u00e4rv sobib imeh\u00e4sti v\u00e4rvimata v\u00f5i varem keeduv\u00e4rviga v\u00e4rvitud karedale puitmaterjalile v\u00e4listingimustes. Kui pinnad on eelnevalt v\u00e4rvitud m\u00f5nda muud t\u00fc\u00fcpi v\u00e4rviga, siis keeduv\u00e4rv sinna ei sobi. Samuti ei sobi see s\u00fcvaimmutatud puidule.<br \/>\n<strong>Katvus:<\/strong> 3 \u2013 5m\u00b2\/L<br \/>\n<strong>Tihedus:<\/strong> u. 1,2 kg\/l<br \/>\n<strong>T\u00f6\u00f6vahendid:<\/strong> Pintsel, pintselhari.<br \/>\n<strong>Kuivamine:<\/strong> Puutekuiv 1 \u2013 2 tunni p\u00e4rast. Kuivab 10 tundi.<br \/>\n<strong>T\u00f6\u00f6vahendite puhastamine:<\/strong> Peske t\u00f6\u00f6vahendid vahetult peale t\u00f6\u00f6 l\u00f5petamist sooja vee ja seebiga.<br \/>\n<strong>S\u00e4ilitamine:<\/strong> Hoida kuivas ja jahedas kohas. Ei tohi j\u00e4\u00e4tuda! V\u00f5imalikult kiiresti tarvitada.<\/p>\n<p><strong>Keeduv\u00e4rvi valmistamise komplekt sisaldab:<\/strong><br \/>\nRukkip\u00fc\u00fclijahu<br \/>\nRaudsulfaat (valge tooni puhul tsinksulfaat)<br \/>\nLina\u00f5liv\u00e4rnits<br \/>\nM\u00e4nnit\u00f5rv (v.a valge toon)<br \/>\nV\u00e4rvipigment (vastavalt toonivalikule)<\/p>\n<hr \/>\n<p><strong>KEEDUV\u00c4RVI VALMISTAMINE (<\/strong>34 liitrit)<\/p>\n<p><strong>Koostis:<\/strong> vesi, raudsulfaat, pigment, rukkip\u00fc\u00fcl, lina\u00f5liv\u00e4rnits, puut\u00f5rv.<\/p>\n<p><strong>T\u00f6\u00f6vahendid:\u00a0<\/strong><\/p>\n<ul>\n<li>Metallist vaat. Suurus vali selle j\u00e4rgi kui palju v\u00e4rvi keedad. Arvesta sellega, et pigmendi lisamise ajal v\u00f5ib v\u00e4rv j\u00e4rsult \u00fcle keeda, mist\u00f5ttu vali s\u00fcgavam t\u00fcnn.<\/li>\n<li>Pika varrega puidust m\u00f5la segamiseks: \u00fchest puidust vormitud aerukujuline, mille otsaserv on 45\u00ba nurgaga. Sellega on mugav t\u00fcnni p\u00f5hjast segada.<\/li>\n<li>Vee\u00e4mbrid.<\/li>\n<li>Kopsik v\u00e4rvi t\u00f5stmiseks.<\/li>\n<li>Kaanega \u00e4mbrid kuhu valmis v\u00e4rv villida.<\/li>\n<\/ul>\n<p>Tee tuleasemele telliskividest (3 rida k\u00f5rge) \u00e4\u00e4ris millele saad keedut\u00fcnni stabiilselt asetada. J\u00e4ta kividele \u00fcks suurem vahemaa, kust oleks mugav keetmise ajal k\u00fcttepuid t\u00fcnni alla l\u00fckata. Aseta t\u00fcnn \u00f5igele kohale ja veendu, et see ei k\u00f5igu. Pane t\u00fcnni 20L vett. S\u00fc\u00fcta l\u00f5ke.<br \/>\nNB! V\u00f5imalusel v\u00f5ib kasutada ka muud kuumutamise meetodit &#8211; n\u00e4iteks gaasi- v\u00f5i elektripliit.<\/p>\n<p>Eraldi n\u00f5us tuleb segada jahuk\u00f6rt. Selleks pane \u00e4mbriga valmis 10L k\u00fclma vett. Vala segun\u00f5u p\u00f5hja v\u00e4ike osa sellest veest ja sega juurde osa rukkip\u00fc\u00fclist, klopi paks segu \u00fchtlaseks. Lisa veidi vett ja jahu ning klopi uuesti. Korda sama kuni kogu vesi ja jahu on kokku segatud. Niiviisi osade kaupa paksu segu kloppides tuleb k\u00f6rt \u00fchtlane ja ilma t\u00fckkideta.<\/p>\n<p>Kui vesi t\u00fcnnis kuumeneb, siis lisa raudsulfaat (valge tooni puhul tsinksulfaat). Sega lahustumiseni.<\/p>\n<p>Kui vesi on keema t\u00f5usnud, siis lisa jahuk\u00f6rt aeglaselt ja samal ajal pidevalt segades. Hauta 2-3 tundi tasasel tulel. Keema ei tohi lasta minna ja p\u00f5hja ei tohi k\u00f5rbeda. Hautamise ajal on vaja pidevalt m\u00f5laga p\u00f5hjast segada.<\/p>\n<p>Hautamise l\u00f5pufaasis segada v\u00e4rvi hulka pigment. Siinkohal tuleb olla ettevaatlik, sest v\u00e4rv v\u00f5ib segun\u00f5us \u00fcle \u00e4\u00e4re keeda. Kindlam oleks eelnevalt pigment v\u00e4hese koguse veega segada. Seda on lihtne teha v\u00e4ikeste kogustega ent kui keedetakse suurt kogust v\u00e4rvi, siis tavap\u00e4raselt lisatakse pigment v\u00e4hehaaval kuivalt, samal ajal segades.<\/p>\n<p>Lisa v\u00e4rvile t\u00f5rv ja v\u00e4rnits. M\u00f5lemad lisa aeglaselt peene joana, samal ajal segades.<\/p>\n<p>Lisa 40g soola kui on soov v\u00e4rvi m\u00f5nda aega s\u00e4ilitada.<\/p>\n<p><strong>V\u00c4RVIMISJUHISED<\/strong><\/p>\n<p>Keeduv\u00e4rviga v\u00e4rvitakse \u00fches kihis lahjendamata v\u00e4rviga. Vajadusel v\u00e4rvitakse \u00fcle aasta v\u00f5i kahe p\u00e4rast.<\/p>\n<p>V\u00e4rvitav puit peab olema tolmust puhas ja kuiv (puidu niiskus alla 15%). \u00d5hutemperatuur v\u00e4hemalt 5\u00baC. Kui on \u00f6\u00f6k\u00fclma oht, siis \u00e4ra alusta v\u00e4rvimist\u00f6\u00f6dega. V\u00e4rvimiseks sobib k\u00f5ige paremini pilvine, kuiv ilm. V\u00e4ltige v\u00e4rvimist otseses p\u00e4ikesevalguses v\u00f5i vihma k\u00e4es. Puidult tuleb eemaldada v\u00e4lja valgunud vaik. Kui on kahtlus, et puitmaterjalis esineb hallitust, siis peab pinna eelnevalt t\u00f6\u00f6tlema hallitusvastase ainega (nt. Uula Hallitust\u00f5rjeaine) ning laskma kuivada.<\/p>\n<p>V\u00e4rvi tuleb enne kasutamist korralikult segada. V\u00e4rvi l\u00e4bi segamine teeb selle vedelamaks. Kui keeduv\u00e4rv tundub pintseldades liiga paks, siis v\u00f5ib selle \u00fcles soojendada v\u00f5i lahjendada kuni 10% ulatuses keedetud veega. V\u00e4rvi on vaja segada ka v\u00e4rvimise ajal, sest raskemad osakesed vajuvad p\u00f5hja.<\/p>\n<p>V\u00e4rvitakse piki puidus\u00fc\u00fcd ohtra v\u00e4rviga, ent mitte nii, et hakkaks valguma v\u00f5i tilkuma. Seina v\u00e4rvides tuleb pintseldada n\u00e4iteks 2-3 lauda v\u00f5i palki kogu pikkuses pausi tegemata. Ei ole soovitatav v\u00e4rvida lappide kaupa, sest v\u00e4rv kuivab kiiresti ning \u00fclekatte kohtades v\u00f5ib j\u00e4\u00e4da n\u00e4htavale paksem triip.<\/p>\n<p>NB! Traditsiooniliselt v\u00e4rvitakse hoone piirdeliistud lina\u00f5liv\u00e4rviga.<\/p>\n<p>J\u00e4\u00e4tmete k\u00e4itlemine: T\u00fchjad ja kuivad pakendid v\u00f5ib visata olmepr\u00fcgi hulka. Vedelj\u00e4\u00e4tmed tuleb toimetada ohtlike j\u00e4\u00e4tmete kogumispunkti.<\/p>\n<p><strong>HOOLDUS<br \/>\n<\/strong>Aja jooksul kulunud keeduv\u00e4rvipinda on lihtne uuendada kandes \u00fcks kiht lahjendamata keeduv\u00e4rvi pinnale. Enne v\u00e4rvimist tuleb pind harjata mustusest ja eraldunud v\u00e4rviosakestest puhtaks. Selleks sobib kas teras- v\u00f5i tugev nailonhari. V\u00f5ib kasutada ka survepesurit. Juhul kui puidul on pehmenenud kohti v\u00f5i sellel kasvab sammal v\u00f5i vetikas, siis need tuleb eemaldada.<br \/>\nVajadus v\u00e4rvi uuendamise j\u00e4rgi on erinev. Tavaliselt mitte enne 5 aasta m\u00f6\u00f6dumist ent keeduv\u00e4rviga v\u00e4rvitud pind v\u00f5ib p\u00fcsida kaunis ka 10 aastat, enne kui vajab uuendamist.<\/p>\n<p><a href=\"https:\/\/majatohter.ee\/wp-content\/uploads\/Keeduv\u00e4rv_valmistamise-juhend_2018.pdf\">KEEDUV\u00c4RVI VALMISTAMISE JUHEND (.pdf)<\/a><\/p>\n<hr \/>\n<p class=\"rtejustify\"><em><strong>L\u00fchidalt keeduv\u00e4rvi ajaloost:<\/strong><\/em><br \/>\n<em>Punast v\u00e4rvi kasutati 17. ja 18. sajandil peamiselt k\u00f5rgema seisuse majadel, 19. sajandil muutus see eelk\u00f5ige talumajade v\u00e4rviks. Valgete nurkadega punane maja sai 20. saj. alguses Rootsi s\u00fcmboliks ja punase v\u00e4rvi kasutamine saavutas tollal ka k\u00f5rgpunkti.<\/em><\/p>\n<p class=\"rtejustify\"><em>Punaseks v\u00e4rvitud puitmajad v\u00e4ljendasid j\u00f5ukust ja \u00fchiskondlikku staatust. Tollest ajast p\u00e4rinevad punased tellishooned on sellesama stiili n\u00e4ited. Linnaametnikud andsid k\u00e4su peat\u00e4navate majade fassaadid punaseks v\u00f5\u00f5bata enne kuninglike k\u00fclaliste saabumist.<\/em><\/p>\n<p class=\"rtejustify\"><em>Eestisse saabus rootsi v\u00e4rv koos rootsi ajaga ja levis eelk\u00f5ige just saartel ja L\u00e4\u00e4ne-Eestis. Taluhooned v\u00e4rviti tavaliselt mitme talu peale talgute korras ja v\u00e4rvi keedeti korraga suures koguses. Nii s\u00e4\u00e4steti raha ja elati \u00fchtlasi ka sotsiaalst elu.<\/em><\/p>\n<p class=\"rtejustify\"><em>Rootsi v\u00e4rvi on tihtipeale nimetatud ka Faluni punaseks Faluni Stora Kopparbergi (Suure Vasem\u00e4e) kaevandusest saadava raudoksiidi t\u00f5ttu ning seda on toodetud alates 1500 aastate keskpaigast maagi kaevandamise k\u00f5rvalsaadusena. See pigment on olnud traditsioonilise punase rootsi v\u00e4rvi valmistamisel levinuim. Faluni punane ei t\u00e4hista seega mitte punast rootsi v\u00e4rvi, vaid punast pigmenti.<\/em><\/p>\n<p><em>loe keeduv\u00e4rvi kohta rohkem\u00a0<a href=\"http:\/\/renoveeri.net\/postitus\/rootsi-v%C3%A4rv\" target=\"_blank\" rel=\"noopener\">renoveeri.net<\/a>\u00a0lehelt.<\/em><\/p>\n<p>&nbsp;<\/p>\n","protected":false},"excerpt":{"rendered":"<p>Valmista ise oma v\u00e4rv nii nagu seda tegid meistrid muiste! &#8230;ja teevad veel ka t\u00e4nap\u00e4eval : ) Keeduv\u00e4rv ehk &#8220;rootsi v\u00e4rv&#8221; on soodne ja keskkonnas\u00f5bralik, hea katvusega, matt\u00a0 v\u00e4lisv\u00e4rv. V\u00e4rvi nimetus tuleneb valmistamise meetodist &#8211; keetmisest. Sideaineks on jahukliister, millele on lisatud vajalikus koguses lina\u00f5liv\u00e4rnitsat. V\u00e4rvainetena kasutatakse traditsioonilisi pigmente. Keeduv\u00e4rv on keskkonnas\u00f5bralik, h\u00f5lpsasti pintseldatav, \u00fche [&hellip;]<\/p>\n","protected":false},"featured_media":52635,"template":"","meta":{"_et_pb_use_builder":"","_et_pb_old_content":"","_et_gb_content_width":""},"product_brand":[],"product_cat":[42],"product_tag":[887,976,891,977],"class_list":{"0":"post-53017","1":"product","2":"type-product","3":"status-publish","4":"has-post-thumbnail","6":"product_cat-keeduvarv","7":"product_tag-keeduvarv","8":"product_tag-muldvarv","9":"product_tag-rootsi-varv","10":"product_tag-valisvarv","12":"first","13":"instock","14":"taxable","15":"shipping-taxable","16":"purchasable","17":"product-type-variable"},"_links":{"self":[{"href":"https:\/\/majatohter.ee\/en\/wp-json\/wp\/v2\/product\/53017","targetHints":{"allow":["GET"]}}],"collection":[{"href":"https:\/\/majatohter.ee\/en\/wp-json\/wp\/v2\/product"}],"about":[{"href":"https:\/\/majatohter.ee\/en\/wp-json\/wp\/v2\/types\/product"}],"wp:featuredmedia":[{"embeddable":true,"href":"https:\/\/majatohter.ee\/en\/wp-json\/wp\/v2\/media\/52635"}],"wp:attachment":[{"href":"https:\/\/majatohter.ee\/en\/wp-json\/wp\/v2\/media?parent=53017"}],"wp:term":[{"taxonomy":"product_brand","embeddable":true,"href":"https:\/\/majatohter.ee\/en\/wp-json\/wp\/v2\/product_brand?post=53017"},{"taxonomy":"product_cat","embeddable":true,"href":"https:\/\/majatohter.ee\/en\/wp-json\/wp\/v2\/product_cat?post=53017"},{"taxonomy":"product_tag","embeddable":true,"href":"https:\/\/majatohter.ee\/en\/wp-json\/wp\/v2\/product_tag?post=53017"}],"curies":[{"name":"wp","href":"https:\/\/api.w.org\/{rel}","templated":true}]}}