{"id":53099,"date":"2018-05-09T11:09:59","date_gmt":"2018-05-09T09:09:59","guid":{"rendered":"https:\/\/majatohter.ee\/?post_type=product&#038;p=53099"},"modified":"2026-04-15T12:10:24","modified_gmt":"2026-04-15T10:10:24","slug":"diptron-fogger","status":"publish","type":"product","link":"https:\/\/majatohter.ee\/en\/tooted\/chemicals\/pesticides\/diptron-fogger\/","title":{"rendered":"Diptron Fogger"},"content":{"rendered":"<p>\u00dcHEKORDSELT KASUTATAV (t\u00e4ielikult t\u00fchjenev) AEROSOOL LENDAVATE JA ROOMAVATE KAHJURITE T\u00d5RJEKS.\u00a0\u00a0Sobib\u00a0h\u00e4sti ka puidukahjurite t\u00f5rjeks suletud ruumides.<\/p>\n<ul>\n<li>lai\u00a0toimespekter, nii\u00a0roomavate\u00a0(need kes\u00a0ei lenda, nt prussakas),\u00a0kui\u00a0lendavate\u00a0kahjurite\u00a0suhtes<\/li>\n<li>efektiivne\u00a0nii\u00a0valmikute, vastsete\u00a0kui\u00a0ka lestade\u00a0vastu<\/li>\n<li>k\u00f5rge\u00a0efektiivsus\u00a0enamike\u00a0kahjurite\u00a0suhtes, kiire\u00a0toime<\/li>\n<li>j\u00e4relm\u00f5ju\u00a0kuni\u00a02 kuud<\/li>\n<li>madal\u00a0risk imetajatele, st inimesele<\/li>\n<li>soodne\u00a0hind<\/li>\n<\/ul>\n<p><strong>KASUTUSALAD.<\/strong>\u00a0H\u00e4vitab kiiresti ja t\u00f5husalt lendavad ja roomavad putukad (prussakad, sipelgad,\u00a0kirbud, lutikad, s\u00e4\u00e4sed, k\u00e4rbsed, koid, toonesepad jne). Eriti soovitatav kirpude t\u00f5rjeks. Toimeaine mikroosakesed katavad k\u00f5ik pinnad, tungivad pragudesse, piludesse jm raskesti ligip\u00e4\u00e4setavatesse kohtadesse. Pikaajaline j\u00e4relm\u00f5ju, mis kestab kuni 2 kuud. Kasutamiseks eluruumides,b\u00fcroodes, kontorites, keldrites, ladudes.<br \/>\nNB! Toode on t\u00f5hus juhul kui puidukahjurid on liikvel kuna aersool ei pruugi tungida siiski nii s\u00fcgavale puidu sisse, et t\u00f5ugud sellega kokku puutuksid. T\u00f5ukude h\u00e4vitamitamiseks puidu sees sobib Aidol Anti Insekt.<\/p>\n<p><strong>Ettevalmistus:<\/strong> enne toote kasutamist lugege t\u00e4helepanelikult toote etiketti. Eemaldada v\u00f5i katta kinni toiduained, k\u00f6\u00f6gitarbed ja pinnad, kus k\u00e4ideldakse, valmistatakse, serveeritakse v\u00f5i tarbitakse toiduaineid. Mitte kasutada inimeste ja\/v\u00f5i koduloomade juuresolekul. Mitte kasutada lasteasutustes, kus lapsed pidevalt viibivad.<\/p>\n<p><strong>Kasutusjuhend:<\/strong>\u00a0\u00dchest aerosoolist piisab 100 m3 ruumile (v\u00f5rdub umbes 35 m2 eluruumi pinnaga). Enne kasutamist loksutada pudelit. Asetage pudel p\u00fcstiselt ca 1-1.5 m k\u00f5rgusele (taburet, tool) ja katke pudelialune pind kinni, et pinda kaitsta. Pudel asetada t\u00f6\u00f6deldava ruumi keskele, hoides seda eemal s\u00fcttimisallikatest, lampidest, ahjudest, tuledest ja igasugustest elektriseadmetest. L\u00fclitada elektriseadmed, tuled ja s\u00fcttimisallikad v\u00e4lja. Vajutage ventiilile, kuni t\u00e4ieliku t\u00fchjendamise mehhanism k\u00e4ivitub. Lahkuda ruumist. T\u00fchjenemine toimub umbes 2 minuti jooksul. Ruumid tuulutada mitte varem kui 2 tunni p\u00e4rast. Ruume v\u00f5ib kasutada 12 tundi m\u00f6\u00f6dudes. Pindade pesemine peale t\u00f6\u00f6tlust v\u00f5ib v\u00e4hendada j\u00e4relm\u00f5ju kestvust. Kuigi vahendil on kuni 2-kuuline j\u00e4relm\u00f5ju, siis kahjurite suure arvukuse ja soodsate tingimuste esinemise korral v\u00f5ib t\u00f6\u00f6tlust korrata ka varem, maksimaalselt 1 kord kuus.<\/p>\n<p>OHUTUSKAART:\u00a0<a href=\"https:\/\/majatohter.ee\/wp-content\/uploads\/diptron_fogger_estonia-estonian.pdf\">Diptron Fogger<\/a><\/p>\n","protected":false},"excerpt":{"rendered":"<p>\u00dcHEKORDSELT KASUTATAV (t\u00e4ielikult t\u00fchjenev) AEROSOOL LENDAVATE JA ROOMAVATE KAHJURITE T\u00d5RJEKS.\u00a0\u00a0Sobib\u00a0h\u00e4sti ka puidukahjurite t\u00f5rjeks suletud ruumides. lai\u00a0toimespekter, nii\u00a0roomavate\u00a0(need kes\u00a0ei lenda, nt prussakas),\u00a0kui\u00a0lendavate\u00a0kahjurite\u00a0suhtes efektiivne\u00a0nii\u00a0valmikute, vastsete\u00a0kui\u00a0ka lestade\u00a0vastu k\u00f5rge\u00a0efektiivsus\u00a0enamike\u00a0kahjurite\u00a0suhtes, kiire\u00a0toime j\u00e4relm\u00f5ju\u00a0kuni\u00a02 kuud madal\u00a0risk imetajatele, st inimesele soodne\u00a0hind KASUTUSALAD.\u00a0H\u00e4vitab kiiresti ja t\u00f5husalt lendavad ja roomavad putukad (prussakad, sipelgad,\u00a0kirbud, lutikad, s\u00e4\u00e4sed, k\u00e4rbsed, koid, toonesepad jne). Eriti soovitatav kirpude t\u00f5rjeks. Toimeaine mikroosakesed [&hellip;]<\/p>\n","protected":false},"featured_media":65330,"template":"","meta":{"_et_pb_use_builder":"","_et_pb_old_content":"","_et_gb_content_width":""},"product_brand":[],"product_cat":[96,99],"product_tag":[1313,1315,763,1316,1314],"class_list":{"0":"post-53099","1":"product","2":"type-product","3":"status-publish","4":"has-post-thumbnail","6":"product_cat-kemikaalid","7":"product_cat-torjavahendid","8":"product_tag-diptron","9":"product_tag-kahjurid","10":"product_tag-puidukahjurid","11":"product_tag-putukad","12":"product_tag-torjevahend","14":"first","15":"instock","16":"taxable","17":"shipping-taxable","18":"purchasable","19":"product-type-simple"},"_links":{"self":[{"href":"https:\/\/majatohter.ee\/en\/wp-json\/wp\/v2\/product\/53099","targetHints":{"allow":["GET"]}}],"collection":[{"href":"https:\/\/majatohter.ee\/en\/wp-json\/wp\/v2\/product"}],"about":[{"href":"https:\/\/majatohter.ee\/en\/wp-json\/wp\/v2\/types\/product"}],"wp:featuredmedia":[{"embeddable":true,"href":"https:\/\/majatohter.ee\/en\/wp-json\/wp\/v2\/media\/65330"}],"wp:attachment":[{"href":"https:\/\/majatohter.ee\/en\/wp-json\/wp\/v2\/media?parent=53099"}],"wp:term":[{"taxonomy":"product_brand","embeddable":true,"href":"https:\/\/majatohter.ee\/en\/wp-json\/wp\/v2\/product_brand?post=53099"},{"taxonomy":"product_cat","embeddable":true,"href":"https:\/\/majatohter.ee\/en\/wp-json\/wp\/v2\/product_cat?post=53099"},{"taxonomy":"product_tag","embeddable":true,"href":"https:\/\/majatohter.ee\/en\/wp-json\/wp\/v2\/product_tag?post=53099"}],"curies":[{"name":"wp","href":"https:\/\/api.w.org\/{rel}","templated":true}]}}