{"id":53126,"date":"2018-05-23T13:27:59","date_gmt":"2018-05-23T11:27:59","guid":{"rendered":"https:\/\/majatohter.ee\/?post_type=product&#038;p=53126"},"modified":"2022-11-29T11:58:33","modified_gmt":"2022-11-29T09:58:33","slug":"naidistood","status":"publish","type":"product","link":"https:\/\/majatohter.ee\/en\/tooted\/paints\/linseed-oil-paint\/uula-linseed-oil-paint\/naidistood\/","title":{"rendered":"N\u00e4idist\u00f6\u00f6d"},"content":{"rendered":"<div id=\"attachment_53123\" style=\"width: 1034px\" class=\"wp-caption alignnone\"><img loading=\"lazy\" decoding=\"async\" aria-describedby=\"caption-attachment-53123\" class=\"wp-image-53123 size-large\" src=\"https:\/\/majatohter.ee\/wp-content\/uploads\/\/Raua43-fassaad-uula-1024x768.jpg\" alt=\"\" width=\"1024\" height=\"768\" \/><p id=\"caption-attachment-53123\" class=\"wp-caption-text\">Raua 43, Tallinn.<br \/>Maja fassaad on v\u00e4rvitud Uula lina\u00f5liv\u00e4rviga aastal 2010. T\u00f6\u00f6de teostaja: O\u00dc Katuse Ekspert.<\/p><\/div>\n<div id=\"attachment_159057\" style=\"width: 1034px\" class=\"wp-caption alignleft\"><img loading=\"lazy\" decoding=\"async\" aria-describedby=\"caption-attachment-159057\" class=\"wp-image-159057 size-large\" src=\"https:\/\/majatohter.ee\/wp-content\/uploads\/Image-1-10-1-1024x768.jpg\" alt=\"\" width=\"1024\" height=\"768\" \/><p id=\"caption-attachment-159057\" class=\"wp-caption-text\">Uula lina\u00f5liga v\u00e4rvitud taluh\u00e4\u00e4rber. Toonid: Syksy (laudis), Kahvi (veelauad ja piirdeliistud) ja Persikka (akende iluliistud)<\/p><\/div>\n<div id=\"attachment_53124\" style=\"width: 1034px\" class=\"wp-caption alignleft\"><img loading=\"lazy\" decoding=\"async\" aria-describedby=\"caption-attachment-53124\" class=\"size-large wp-image-53124\" src=\"https:\/\/majatohter.ee\/wp-content\/uploads\/\/Juurdeveo22-fassaad-uula-1024x768.jpg\" alt=\"\" width=\"1024\" height=\"768\" \/><p id=\"caption-attachment-53124\" class=\"wp-caption-text\">Juurdeveo 22, Tallinn.<br \/>Maja fassaad on v\u00e4rvitud Uula lina\u00f5liv\u00e4rviga aastal 2008. T\u00f6\u00f6de teostaja: O\u00dc Katuse Ekspert.<\/p><\/div>\n","protected":false},"excerpt":{"rendered":"","protected":false},"featured_media":159047,"template":"","meta":{"_et_pb_use_builder":"off","_et_pb_old_content":"[caption id=\"attachment_53123\" align=\"alignleft\" width=\"1024\"]<img class=\"wp-image-53123 size-large\" src=\"https:\/\/majatohter.ee\/wp-content\/uploads\/\/Raua43-fassaad-uula-1024x768.jpg\" alt=\"\" width=\"1024\" height=\"768\" \/> Raua 43, Tallinn.<br \/>Maja fassaad on v\u00e4rvitud Uula lina\u00f5liv\u00e4rviga aastal 2010. T\u00f6\u00f6de teostaja: O\u00dc Katuse Ekspert.[\/caption]\r\n\r\n[caption id=\"attachment_53124\" align=\"alignleft\" width=\"1024\"]<img class=\"size-large wp-image-53124\" src=\"https:\/\/majatohter.ee\/wp-content\/uploads\/\/Juurdeveo22-fassaad-uula-1024x768.jpg\" alt=\"\" width=\"1024\" height=\"768\" \/> Juurdeveo 22, Tallinn.<br \/>Maja fassaad on v\u00e4rvitud Uula lina\u00f5liv\u00e4rviga aastal 2008. T\u00f6\u00f6de teostaja: O\u00dc Katuse Ekspert.[\/caption]","_et_gb_content_width":""},"product_brand":[],"product_cat":[51],"product_tag":[525,183],"class_list":{"0":"post-53126","1":"product","2":"type-product","3":"status-publish","4":"has-post-thumbnail","6":"product_cat-uula-linaolivarv","7":"product_tag-linaolivarv","8":"product_tag-uula","10":"first","11":"instock","12":"taxable","13":"shipping-taxable","14":"product-type-simple"},"_links":{"self":[{"href":"https:\/\/majatohter.ee\/en\/wp-json\/wp\/v2\/product\/53126","targetHints":{"allow":["GET"]}}],"collection":[{"href":"https:\/\/majatohter.ee\/en\/wp-json\/wp\/v2\/product"}],"about":[{"href":"https:\/\/majatohter.ee\/en\/wp-json\/wp\/v2\/types\/product"}],"wp:featuredmedia":[{"embeddable":true,"href":"https:\/\/majatohter.ee\/en\/wp-json\/wp\/v2\/media\/159047"}],"wp:attachment":[{"href":"https:\/\/majatohter.ee\/en\/wp-json\/wp\/v2\/media?parent=53126"}],"wp:term":[{"taxonomy":"product_brand","embeddable":true,"href":"https:\/\/majatohter.ee\/en\/wp-json\/wp\/v2\/product_brand?post=53126"},{"taxonomy":"product_cat","embeddable":true,"href":"https:\/\/majatohter.ee\/en\/wp-json\/wp\/v2\/product_cat?post=53126"},{"taxonomy":"product_tag","embeddable":true,"href":"https:\/\/majatohter.ee\/en\/wp-json\/wp\/v2\/product_tag?post=53126"}],"curies":[{"name":"wp","href":"https:\/\/api.w.org\/{rel}","templated":true}]}}