{"id":53157,"date":"2018-05-31T08:43:25","date_gmt":"2018-05-31T06:43:25","guid":{"rendered":"https:\/\/majatohter.ee\/?post_type=product&#038;p=53157"},"modified":"2026-03-20T22:42:47","modified_gmt":"2026-03-20T20:42:47","slug":"moobli-puhastusaine-liberon","status":"publish","type":"product","link":"https:\/\/majatohter.ee\/en\/tooted\/cleaning-products\/metal-wood-cleaning\/moobli-puhastusaine-liberon\/","title":{"rendered":"Vaha- ja \u00f5lihooldusaine, Liberon"},"content":{"rendered":"<p>Vaha- ja \u00f5lihooldusaine puhastab t\u00f5husalt mustuse, vana vaha, \u00f5li, rasva, poleerimisaine jms. Puhastusaine ei muuda puidu tooni; t\u00f6\u00f6tleb puitu \u00f5rnalt, ei kuivata teda ega reageeri spooni puhul liimiga.<\/p>\n<p><strong>Kasutuskohad:\u00a0<\/strong>Vana m\u00f6\u00f6bli puhastamine enne uut t\u00f6\u00f6tlemist.<br \/>\n<strong>Kulu:<\/strong>\u00a04-6m<sup>2<\/sup>\/liiter.<br \/>\n<strong>Pakend:<\/strong> 250ml<\/p>\n<p><strong>KASUTUSJUHEND<\/strong><br \/>\nAlusta restaureerimist Liberoni M\u00f6\u00f6bli puhastusaine kasutamisega allj\u00e4rnevalt: Niisuta Liberoni Terasvilla<br \/>\nnr.0000 M\u00f6\u00f6bli puhastusainega. Kui pind on v\u00e4ga must ja n\u00f5uab suuremat eelt\u00f6\u00f6tlust, v\u00f5id kasutada<br \/>\nLiberoni Terasvilla nr.0.<br \/>\nT\u00f6\u00f6tle puitpinda puus\u00fc\u00fc suunas ja vaheta vajadusel Terasvilla. Eraldunud sodi p\u00fchi \u00e4ra lapiga.<br \/>\nKui pind on puhas ja t\u00e4iesti kuivanud, n\u00e4ed mis olukorras on puitpind ja v\u00f5id siirduda j\u00e4rmisse etappi.<br \/>\nNaturaalne puitpind: lihvi peene lihvpaberiga ja m\u00f5tle, mida sa pinnaga edasi soovid teha.<br \/>\nKui pind on v\u00e4rvitud v\u00f5i lakitud ja halvas olukorras, eemalda see v\u00e4rvieemaldajaga.<\/p>\n<p><strong>Ohutus:<\/strong>\u00a0Tuleohtlik. Kahjulik: allaneelamisel v\u00f5ib p\u00f5hjustada kopsukahjustusi. Korduv toime<br \/>\nv\u00f5ib p\u00f5hjustada naha kuivust v\u00f5i l\u00f5henemist. Hoida lastele k\u00e4ttesaamatult. Mitte<br \/>\nvalada kanalisatsiooni. K\u00e4idelda h\u00e4stiventileeritavas kohas. Kemikaali<br \/>\nallaneelamisel mitte esile kutsuda oksendamist, p\u00f6\u00f6rduda viivitamatult arsti poole ja<br \/>\nn\u00e4idata pakendit v\u00f5i etiketti.<\/p>\n","protected":false},"excerpt":{"rendered":"<p>Vaha- ja \u00f5lihooldusaine puhastab t\u00f5husalt mustuse, vana vaha, \u00f5li, rasva, poleerimisaine jms. Puhastusaine ei muuda puidu tooni; t\u00f6\u00f6tleb puitu \u00f5rnalt, ei kuivata teda ega reageeri spooni puhul liimiga. Kasutuskohad:\u00a0Vana m\u00f6\u00f6bli puhastamine enne uut t\u00f6\u00f6tlemist. Kulu:\u00a04-6m2\/liiter. Pakend: 250ml KASUTUSJUHEND Alusta restaureerimist Liberoni M\u00f6\u00f6bli puhastusaine kasutamisega allj\u00e4rnevalt: Niisuta Liberoni Terasvilla nr.0000 M\u00f6\u00f6bli puhastusainega. Kui pind on v\u00e4ga [&hellip;]<\/p>\n","protected":false},"featured_media":53158,"template":"","meta":{"_et_pb_use_builder":"","_et_pb_old_content":"","_et_gb_content_width":""},"product_brand":[],"product_cat":[141,113,116,98],"product_tag":[168,1329],"class_list":{"0":"post-53157","1":"product","2":"type-product","3":"status-publish","4":"has-post-thumbnail","6":"product_cat-puhastus","7":"product_cat-mooblirestauraatorile","8":"product_cat-tarvikud","9":"product_cat-varvieemaldus","10":"product_tag-liberon","11":"product_tag-moobli-puhastus","13":"first","14":"onbackorder","15":"taxable","16":"shipping-taxable","17":"purchasable","18":"product-type-simple"},"_links":{"self":[{"href":"https:\/\/majatohter.ee\/en\/wp-json\/wp\/v2\/product\/53157","targetHints":{"allow":["GET"]}}],"collection":[{"href":"https:\/\/majatohter.ee\/en\/wp-json\/wp\/v2\/product"}],"about":[{"href":"https:\/\/majatohter.ee\/en\/wp-json\/wp\/v2\/types\/product"}],"wp:featuredmedia":[{"embeddable":true,"href":"https:\/\/majatohter.ee\/en\/wp-json\/wp\/v2\/media\/53158"}],"wp:attachment":[{"href":"https:\/\/majatohter.ee\/en\/wp-json\/wp\/v2\/media?parent=53157"}],"wp:term":[{"taxonomy":"product_brand","embeddable":true,"href":"https:\/\/majatohter.ee\/en\/wp-json\/wp\/v2\/product_brand?post=53157"},{"taxonomy":"product_cat","embeddable":true,"href":"https:\/\/majatohter.ee\/en\/wp-json\/wp\/v2\/product_cat?post=53157"},{"taxonomy":"product_tag","embeddable":true,"href":"https:\/\/majatohter.ee\/en\/wp-json\/wp\/v2\/product_tag?post=53157"}],"curies":[{"name":"wp","href":"https:\/\/api.w.org\/{rel}","templated":true}]}}