{"id":53160,"date":"2018-05-31T08:58:38","date_gmt":"2018-05-31T06:58:38","guid":{"rendered":"https:\/\/majatohter.ee\/?post_type=product&#038;p=53160"},"modified":"2026-03-20T22:42:48","modified_gmt":"2026-03-20T20:42:48","slug":"vahapulk-liberon","status":"publish","type":"product","link":"https:\/\/majatohter.ee\/en\/tooted\/surface-treatment\/wax\/special-wax\/vahapulk-liberon\/","title":{"rendered":"Vahapulk Liberon"},"content":{"rendered":"<p>Liberoni Vahapulk on m\u00f5eldud vahatatud v\u00f5i lakitud pinna taastamiseks,\u00a0v\u00e4ikeste aukude ja l\u00f5hede t\u00e4itmiseks. Vahapulki on mitmes eri toonis.<\/p>\n<p><strong>Koostis:<\/strong>\u00a0Vahad ja valguskindlad pigmendid.<br \/>\n<strong>Kasutuskohad:<\/strong> M\u00f6\u00f6blis olevate pragude ja v\u00e4ikeste aukude t\u00e4itmiseks.<\/p>\n<p><strong>KASUTUSJUHEND:<\/strong><br \/>\nVali natuke tumedamat tooni vahapulk kui parandatav pind.<br \/>\nVahapulka on v\u00f5imalik kasutada kahel viisil:<br \/>\n<span style=\"text-decoration: underline;\">Suuremad augud, l\u00f5hed ja defektid:<\/span> pehmenda vaha m\u00f5ned sekundid sooja pliidi kohal. Suru seej\u00e4rel vaha\u00a0parandatavasse kohta.<br \/>\n<span style=\"text-decoration: underline;\">V\u00e4iksemad l\u00f5hed ja defektid:<\/span> kasuta soojendamata Vahapulka kandes seda vajalikule puitpinnale. Lihvi<br \/>\npinda Terasvillaga No. 0000 kuni pind on tasane. Pind soovitatakse viimistleda Liberon Black Bison<br \/>\nAntiikvahaga ja p\u00e4rast vaha kuivamist l\u00fc\u00fcakse pind harjaga l\u00e4ikima.<\/p>\n","protected":false},"excerpt":{"rendered":"<p>Liberoni Vahapulk on m\u00f5eldud vahatatud v\u00f5i lakitud pinna taastamiseks,\u00a0v\u00e4ikeste aukude ja l\u00f5hede t\u00e4itmiseks. Vahapulki on mitmes eri toonis. Koostis:\u00a0Vahad ja valguskindlad pigmendid. Kasutuskohad: M\u00f6\u00f6blis olevate pragude ja v\u00e4ikeste aukude t\u00e4itmiseks. KASUTUSJUHEND: Vali natuke tumedamat tooni vahapulk kui parandatav pind. Vahapulka on v\u00f5imalik kasutada kahel viisil: Suuremad augud, l\u00f5hed ja defektid: pehmenda vaha m\u00f5ned sekundid sooja [&hellip;]<\/p>\n","protected":false},"featured_media":69628,"template":"","meta":{"_et_pb_use_builder":"","_et_pb_old_content":"","_et_gb_content_width":""},"product_brand":[],"product_cat":[113,1331,116,30],"product_tag":[168,939,1332],"class_list":{"0":"post-53160","1":"product","2":"type-product","3":"status-publish","4":"has-post-thumbnail","6":"product_cat-mooblirestauraatorile","7":"product_cat-spetsiaalsed-vahad","8":"product_cat-tarvikud","9":"product_cat-vahad","10":"product_tag-liberon","11":"product_tag-moobli-restaureerimine","12":"product_tag-vahapulk","14":"first","15":"onbackorder","16":"taxable","17":"shipping-taxable","18":"purchasable","19":"product-type-variable"},"_links":{"self":[{"href":"https:\/\/majatohter.ee\/en\/wp-json\/wp\/v2\/product\/53160","targetHints":{"allow":["GET"]}}],"collection":[{"href":"https:\/\/majatohter.ee\/en\/wp-json\/wp\/v2\/product"}],"about":[{"href":"https:\/\/majatohter.ee\/en\/wp-json\/wp\/v2\/types\/product"}],"wp:featuredmedia":[{"embeddable":true,"href":"https:\/\/majatohter.ee\/en\/wp-json\/wp\/v2\/media\/69628"}],"wp:attachment":[{"href":"https:\/\/majatohter.ee\/en\/wp-json\/wp\/v2\/media?parent=53160"}],"wp:term":[{"taxonomy":"product_brand","embeddable":true,"href":"https:\/\/majatohter.ee\/en\/wp-json\/wp\/v2\/product_brand?post=53160"},{"taxonomy":"product_cat","embeddable":true,"href":"https:\/\/majatohter.ee\/en\/wp-json\/wp\/v2\/product_cat?post=53160"},{"taxonomy":"product_tag","embeddable":true,"href":"https:\/\/majatohter.ee\/en\/wp-json\/wp\/v2\/product_tag?post=53160"}],"curies":[{"name":"wp","href":"https:\/\/api.w.org\/{rel}","templated":true}]}}